{"id":33770,"date":"2023-11-02T17:57:55","date_gmt":"2023-11-02T16:57:55","guid":{"rendered":"https:\/\/www.etnobotanika.eu\/kako-se-lotim-rastlinskega-barvanja-las\/"},"modified":"2024-06-06T15:09:52","modified_gmt":"2024-06-06T13:09:52","slug":"kako-da-pristupim-biljnom-bojanju-kose","status":"publish","type":"page","link":"https:\/\/www.etnobotanika.eu\/hr\/kako-da-pristupim-biljnom-bojanju-kose\/","title":{"rendered":"Kako da pristupim biljnom bojanju kose?"},"content":{"rendered":"\t\t<div data-elementor-type=\"wp-page\" data-elementor-id=\"33770\" class=\"elementor elementor-33770 elementor-24829\" data-elementor-post-type=\"page\">\n\t\t\t\t\t\t<section class=\"wd-negative-gap elementor-section elementor-top-section elementor-element elementor-element-7d32cd8 elementor-section-boxed elementor-section-height-default elementor-section-height-default\" data-id=\"7d32cd8\" data-element_type=\"section\" id=\"konfigurator\">\n\t\t\t\t\t\t<div class=\"elementor-container elementor-column-gap-default\">\n\t\t\t\t\t<div class=\"elementor-column elementor-col-33 elementor-top-column elementor-element elementor-element-be29c4d\" data-id=\"be29c4d\" data-element_type=\"column\">\n\t\t\t<div class=\"elementor-widget-wrap elementor-element-populated\">\n\t\t\t\t\t\t<div class=\"elementor-element elementor-element-bb200bf bg-grey-radius elementor-widget elementor-widget-wd_image_or_svg\" data-id=\"bb200bf\" data-element_type=\"widget\" data-widget_type=\"wd_image_or_svg.default\">\n\t\t\t\t<div class=\"elementor-widget-container\">\n\t\t\t\t\t\n\t\t<div class=\"wd-image text-center\">\n\t\t\t\t\t\t\t\t<img loading=\"lazy\" decoding=\"async\" width=\"150\" height=\"150\" src=\"https:\/\/www.etnobotanika.eu\/wp-content\/uploads\/2023\/07\/s1-e1695662986872-150x150.jpg\" class=\"attachment-thumbnail size-thumbnail\" alt=\"\" srcset=\"https:\/\/www.etnobotanika.eu\/wp-content\/uploads\/2023\/07\/s1-e1695662986872-150x150.jpg 150w, https:\/\/www.etnobotanika.eu\/wp-content\/uploads\/2023\/07\/s1-e1695662986872-45x45.jpg 45w\" sizes=\"auto, (max-width: 150px) 100vw, 150px\" \/>\t\t\t\t\t<\/div>\n\n\t\t\t\t\t\t<\/div>\n\t\t\t\t<\/div>\n\t\t\t\t\t<\/div>\n\t\t<\/div>\n\t\t\t\t<div class=\"elementor-column elementor-col-66 elementor-top-column elementor-element elementor-element-159b516\" data-id=\"159b516\" data-element_type=\"column\">\n\t\t\t<div class=\"elementor-widget-wrap elementor-element-populated\">\n\t\t\t\t\t\t<div class=\"elementor-element elementor-element-9a79e30 elementor-widget elementor-widget-heading\" data-id=\"9a79e30\" data-element_type=\"widget\" data-widget_type=\"heading.default\">\n\t\t\t\t<div class=\"elementor-widget-container\">\n\t\t\t\t\t<h2 class=\"elementor-heading-title elementor-size-default\">\n1. Konfiguratorom biram \u017eeljenu boju kose \n<\/h2>\t\t\t\t<\/div>\n\t\t\t\t<\/div>\n\t\t\t\t<div class=\"elementor-element elementor-element-126fe74 elementor-widget elementor-widget-wd_text_block\" data-id=\"126fe74\" data-element_type=\"widget\" data-widget_type=\"wd_text_block.default\">\n\t\t\t\t<div class=\"elementor-widget-container\">\n\t\t\t\t\t\t\t<div class=\"wd-text-block reset-last-child text-left\">\n\t\t\t\n\t\t\t<p><span style=\"font-weight: 400;\">Svi smo razli\u010diti i na\u0161a kosa i pigment u njoj jedinstveni su za svakoga od nas. Zato nam je potreban i vlastiti jedinstveni recept za bojanje biljkama ako \u017eelimo posti\u0107i upravo onu boju kakvu \u017eelimo. Svoj osobni recept mo\u017eete prona\u0107i pomo\u0107u na\u0161eg <a href=\"https:\/\/konfigurator.etnobotanika.eu\/hr\/\">online konfiguratora<\/a> boja za kosu.<\/span><\/p>\n\t\t\t\t\t<\/div>\n\t\t\t\t\t\t<\/div>\n\t\t\t\t<\/div>\n\t\t\t\t<div class=\"elementor-element elementor-element-2965254 elementor-widget elementor-widget-wd_button\" data-id=\"2965254\" data-element_type=\"widget\" data-widget_type=\"wd_button.default\">\n\t\t\t\t<div class=\"elementor-widget-container\">\n\t\t\t\t\t\t\t<div class=\"wd-button-wrapper text-left\" >\n\t\t\t<a class=\"btn btn-style-default btn-shape-round btn-size-default btn-color-primary btn-icon-pos-right\"  href=\"https:\/\/konfigurator.etnobotanika.eu\/hr\/\">\n\t\t\t\t<span class=\"wd-btn-text\" data-elementor-setting-key=\"text\">\n\t\t\t\t\tKONFIGURATOR\t\t\t\t<\/span>\n\n\t\t\t\t\t\t\t<\/a>\n\t\t<\/div>\n\t\t\t\t\t\t<\/div>\n\t\t\t\t<\/div>\n\t\t\t\t\t<\/div>\n\t\t<\/div>\n\t\t\t\t\t<\/div>\n\t\t<\/section>\n\t\t\t\t<section class=\"wd-negative-gap elementor-section elementor-top-section elementor-element elementor-element-a74b485 elementor-section-boxed elementor-section-height-default elementor-section-height-default\" data-id=\"a74b485\" data-element_type=\"section\" id=\"priprava\">\n\t\t\t\t\t\t<div class=\"elementor-container elementor-column-gap-default\">\n\t\t\t\t\t<div class=\"elementor-column elementor-col-33 elementor-top-column elementor-element elementor-element-a66d51e\" data-id=\"a66d51e\" data-element_type=\"column\">\n\t\t\t<div class=\"elementor-widget-wrap elementor-element-populated\">\n\t\t\t\t\t\t<div class=\"elementor-element elementor-element-95835b2 bg-grey-radius elementor-widget elementor-widget-wd_image_or_svg\" data-id=\"95835b2\" data-element_type=\"widget\" data-widget_type=\"wd_image_or_svg.default\">\n\t\t\t\t<div class=\"elementor-widget-container\">\n\t\t\t\t\t\n\t\t<div class=\"wd-image text-center\">\n\t\t\t\t\t\t\t\t<img loading=\"lazy\" decoding=\"async\" width=\"150\" height=\"150\" src=\"https:\/\/www.etnobotanika.eu\/wp-content\/uploads\/2023\/07\/s2-e1695662711726-150x150.jpg\" class=\"attachment-thumbnail size-thumbnail\" alt=\"\" srcset=\"https:\/\/www.etnobotanika.eu\/wp-content\/uploads\/2023\/07\/s2-e1695662711726-150x150.jpg 150w, https:\/\/www.etnobotanika.eu\/wp-content\/uploads\/2023\/07\/s2-e1695662711726-45x45.jpg 45w\" sizes=\"auto, (max-width: 150px) 100vw, 150px\" \/>\t\t\t\t\t<\/div>\n\n\t\t\t\t\t\t<\/div>\n\t\t\t\t<\/div>\n\t\t\t\t\t<\/div>\n\t\t<\/div>\n\t\t\t\t<div class=\"elementor-column elementor-col-66 elementor-top-column elementor-element elementor-element-3334b60\" data-id=\"3334b60\" data-element_type=\"column\">\n\t\t\t<div class=\"elementor-widget-wrap elementor-element-populated\">\n\t\t\t\t\t\t<div class=\"elementor-element elementor-element-eaba480 elementor-widget elementor-widget-heading\" data-id=\"eaba480\" data-element_type=\"widget\" data-widget_type=\"heading.default\">\n\t\t\t\t<div class=\"elementor-widget-container\">\n\t\t\t\t\t<h2 class=\"elementor-heading-title elementor-size-default\">2. Pravilno pripremam smjesu za farbanje kose<\/h2>\t\t\t\t<\/div>\n\t\t\t\t<\/div>\n\t\t\t\t<div class=\"elementor-element elementor-element-97121a6 elementor-widget elementor-widget-wd_text_block\" data-id=\"97121a6\" data-element_type=\"widget\" data-widget_type=\"wd_text_block.default\">\n\t\t\t\t<div class=\"elementor-widget-container\">\n\t\t\t\t\t\t\t<div class=\"wd-text-block reset-last-child text-left\">\n\t\t\t\n\t\t\tBiljke su u obliku finog praha koji se pomije\u0161a s teku\u0107inom kako bi se pigment po\u010deo izlu\u010divati \u200b\u200biz stanica lista. Kani i prahu sene potrebno je du\u017ee vrijeme da oslobode dovoljno pigmenta iz stanica lista kako bi na\u0161a kosa dobila duboku, bogatu boju. Zbog toga se kana i sijena uvijek dodaju u smjesu za bojanje 1 dan prije bojanja kose. Indigo prah je \"poseban\", odmah otpu\u0161ta svoj pigment iz stanica lista, pa se uvijek priprema u posebnoj posudi u smjesi za farbanje kose, neposredno prije bojanja kose. Zatim dodajte indigo smjesu u ve\u0107 pripremljenu smjesu kane ili kane i sene i dobro ih promije\u0161ajte \u2013 tako da se dobije jednoli\u010dna smjesa.\n\t\t\t\t\t<\/div>\n\t\t\t\t\t\t<\/div>\n\t\t\t\t<\/div>\n\t\t\t\t<div class=\"elementor-element elementor-element-f5dbfdb elementor-widget elementor-widget-video\" data-id=\"f5dbfdb\" data-element_type=\"widget\" data-settings=\"{&quot;youtube_url&quot;:&quot;https:\\\/\\\/www.youtube.com\\\/watch?v=zdKoqGUTqDo&amp;t=3s&quot;,&quot;video_type&quot;:&quot;youtube&quot;,&quot;controls&quot;:&quot;yes&quot;}\" data-widget_type=\"video.default\">\n\t\t\t\t<div class=\"elementor-widget-container\">\n\t\t\t\t\t\t\t<div class=\"elementor-wrapper elementor-open-inline\">\n\t\t\t<div class=\"elementor-video\"><\/div>\t\t<\/div>\n\t\t\t\t\t\t<\/div>\n\t\t\t\t<\/div>\n\t\t\t\t<div class=\"elementor-element elementor-element-f6e3f10 elementor-widget elementor-widget-wd_text_block\" data-id=\"f6e3f10\" data-element_type=\"widget\" data-widget_type=\"wd_text_block.default\">\n\t\t\t\t<div class=\"elementor-widget-container\">\n\t\t\t\t\t\t\t<div class=\"wd-text-block reset-last-child text-left\">\n\t\t\t\n\t\t\t<p><strong>Va\u017eno<\/strong>: prah kane i sene treba dodati u smjesu 1 dan prije bojenja. Indigo prah se priprema u smjesu u posebnoj posudi, neposredno prije bojenja. Nijanse poput amle i hibiskusa mogu se pripremiti zajedno sa sijenom i kanom.<\/p>\n\t\t\t\t\t<\/div>\n\t\t\t\t\t\t<\/div>\n\t\t\t\t<\/div>\n\t\t\t\t\t<\/div>\n\t\t<\/div>\n\t\t\t\t\t<\/div>\n\t\t<\/section>\n\t\t\t\t<section class=\"wd-negative-gap elementor-section elementor-top-section elementor-element elementor-element-cf83b72 elementor-section-boxed elementor-section-height-default elementor-section-height-default\" data-id=\"cf83b72\" data-element_type=\"section\" id=\"nanos\">\n\t\t\t\t\t\t<div class=\"elementor-container elementor-column-gap-default\">\n\t\t\t\t\t<div class=\"elementor-column elementor-col-33 elementor-top-column elementor-element elementor-element-dc6772b\" data-id=\"dc6772b\" data-element_type=\"column\">\n\t\t\t<div class=\"elementor-widget-wrap elementor-element-populated\">\n\t\t\t\t\t\t<div class=\"elementor-element elementor-element-a5415b6 bg-grey-radius elementor-widget elementor-widget-wd_image_or_svg\" data-id=\"a5415b6\" data-element_type=\"widget\" data-widget_type=\"wd_image_or_svg.default\">\n\t\t\t\t<div class=\"elementor-widget-container\">\n\t\t\t\t\t\n\t\t<div class=\"wd-image text-center\">\n\t\t\t\t\t\t\t\t<img loading=\"lazy\" decoding=\"async\" width=\"150\" height=\"150\" src=\"https:\/\/www.etnobotanika.eu\/wp-content\/uploads\/2023\/07\/s3-e1695662693765-150x150.jpg\" class=\"attachment-thumbnail size-thumbnail\" alt=\"\" srcset=\"https:\/\/www.etnobotanika.eu\/wp-content\/uploads\/2023\/07\/s3-e1695662693765-150x150.jpg 150w, https:\/\/www.etnobotanika.eu\/wp-content\/uploads\/2023\/07\/s3-e1695662693765-45x45.jpg 45w\" sizes=\"auto, (max-width: 150px) 100vw, 150px\" \/>\t\t\t\t\t<\/div>\n\n\t\t\t\t\t\t<\/div>\n\t\t\t\t<\/div>\n\t\t\t\t\t<\/div>\n\t\t<\/div>\n\t\t\t\t<div class=\"elementor-column elementor-col-66 elementor-top-column elementor-element elementor-element-34e3529\" data-id=\"34e3529\" data-element_type=\"column\">\n\t\t\t<div class=\"elementor-widget-wrap elementor-element-populated\">\n\t\t\t\t\t\t<div class=\"elementor-element elementor-element-abfd749 elementor-widget elementor-widget-heading\" data-id=\"abfd749\" data-element_type=\"widget\" data-widget_type=\"heading.default\">\n\t\t\t\t<div class=\"elementor-widget-container\">\n\t\t\t\t\t<h2 class=\"elementor-heading-title elementor-size-default\">3. Smjesu pravilno nanosim na kosu.<\/h2>\t\t\t\t<\/div>\n\t\t\t\t<\/div>\n\t\t\t\t<div class=\"elementor-element elementor-element-f96115c elementor-widget elementor-widget-wd_text_block\" data-id=\"f96115c\" data-element_type=\"widget\" data-widget_type=\"wd_text_block.default\">\n\t\t\t\t<div class=\"elementor-widget-container\">\n\t\t\t\t\t\t\t<div class=\"wd-text-block reset-last-child text-left\">\n\t\t\t\n\t\t\t<p>Smjesu nanesite silikonskim kistom, a ruke za\u0161titite rukavicama od lateksa. Za\u0161titite ramena i po\u010dnite nanositi smjesu. Prvo nanesite smjesu na vlasi\u0161te tako \u0161to \u0107ete na tjemenu napraviti dijelove udaljene 1 cm i nanijeti smjesu preko njih. Ako je kosa du\u017ea, smjesu prstima nanesite po du\u017eini kose. Kada je aplikacija gotova, stavite za\u0161titnu traku oko tjemena i prozirnu foliju za hranu preko cijele glave. Proces farbanja kose traje 4 sata.<br \/>\nulje.<\/p>\n\n\t\t\t\t\t<\/div>\n\t\t\t\t\t\t<\/div>\n\t\t\t\t<\/div>\n\t\t\t\t<div class=\"elementor-element elementor-element-7a37399 elementor-widget elementor-widget-video\" data-id=\"7a37399\" data-element_type=\"widget\" data-settings=\"{&quot;youtube_url&quot;:&quot;https:\\\/\\\/www.youtube.com\\\/watch?v=84ug8T7S2n8&amp;t=3s&quot;,&quot;video_type&quot;:&quot;youtube&quot;,&quot;controls&quot;:&quot;yes&quot;}\" data-widget_type=\"video.default\">\n\t\t\t\t<div class=\"elementor-widget-container\">\n\t\t\t\t\t\t\t<div class=\"elementor-wrapper elementor-open-inline\">\n\t\t\t<div class=\"elementor-video\"><\/div>\t\t<\/div>\n\t\t\t\t\t\t<\/div>\n\t\t\t\t<\/div>\n\t\t\t\t<div class=\"elementor-element elementor-element-637ea58 elementor-widget elementor-widget-wd_text_block\" data-id=\"637ea58\" data-element_type=\"widget\" data-widget_type=\"wd_text_block.default\">\n\t\t\t\t<div class=\"elementor-widget-container\">\n\t\t\t\t\t\t\t<div class=\"wd-text-block reset-last-child text-left\">\n\t\t\t\n\t\t\t<p><strong>Va\u017eno<\/strong>: Smjesa na kosi ne smije se isu\u0161iti. Ako se smjesa osu\u0161i na kosi se proces prodiranja pigmenta zaustavlja.<\/p>\n\t\t\t\t\t<\/div>\n\t\t\t\t\t\t<\/div>\n\t\t\t\t<\/div>\n\t\t\t\t<div class=\"elementor-element elementor-element-3e34aa1 elementor-widget__width-initial elementor-widget elementor-widget-wd_text_block\" data-id=\"3e34aa1\" data-element_type=\"widget\" data-widget_type=\"wd_text_block.default\">\n\t\t\t\t<div class=\"elementor-widget-container\">\n\t\t\t\t\t\t\t<div class=\"wd-text-block reset-last-child text-left\">\n\t\t\t\n\t\t\t<h3>\u0160to se doga\u0111a s kosom tijekom bojanja?<\/h3><p>Na\u0161a kosa se sastoji od proteina. Svojstvo biljnih pigmenata je da se spontano ve\u017eu s proteinima. U trenutku kada smjesu za bojanje kose nanesemo na kosu, pigmenti detektiraju proteine \u200b\u200bi po\u010dinje proces prodiranja pigmenata u kosu. Potrebno je vrijeme i vlaga da u kosu u\u0111e dovoljno pigmenta. Biljke ne stvaraju samo pigmente u svojim listovima, ve\u0107 i druge vrlo korisne sastojke za na\u0161u kosu. Jedan od takvih korisnih sastojaka su peptidi koji pospje\u0161uju rast kose i popravljaju o\u0161te\u0107enja na ovojnici kose. Ako je kosa koju bojimo jako o\u0161te\u0107ena, tada \u0107e se na nju zalijepiti puno peptida zbog kojih \u0107e kosa biti \"pusta\" kada je operete. Kako biste to izbjegli i dubinski nahranili kosu tijekom bojanja, preporu\u010damo dodati 1 \u017elicu Monoi ulja u smjesu za bojanje kose.<\/p>\n\t\t\t\t\t<\/div>\n\t\t\t\t\t\t<\/div>\n\t\t\t\t<\/div>\n\t\t\t\t\t<\/div>\n\t\t<\/div>\n\t\t\t\t\t<\/div>\n\t\t<\/section>\n\t\t\t\t<\/div>\n\t\t","protected":false},"excerpt":{"rendered":"<p>1. Konfiguratorom biram \u017eeljenu boju kose Svi smo razli\u010diti i na\u0161a kosa i pigment u njoj jedinstveni su za svakoga<\/p>\n","protected":false},"author":667,"featured_media":0,"parent":0,"menu_order":0,"comment_status":"closed","ping_status":"closed","template":"","meta":{"_acf_changed":false,"footnotes":""},"class_list":["post-33770","page","type-page","status-publish","hentry"],"acf":[],"yoast_head":"<!-- This site is optimized with the Yoast SEO plugin v27.3 - https:\/\/yoast.com\/product\/yoast-seo-wordpress\/ -->\n<title>Kako da pristupim biljnom bojanju kose? - Etnobotanika<\/title>\n<meta name=\"description\" content=\"Otkrijte prirodno bojanje kose s na\u0161im konfiguratorom boja i nau\u010dite kako pravilno pripremiti i primijeniti biljne smjese za zdravu kosu.\" \/>\n<meta name=\"robots\" content=\"index, follow, max-snippet:-1, max-image-preview:large, max-video-preview:-1\" \/>\n<link rel=\"canonical\" href=\"https:\/\/www.etnobotanika.eu\/hr\/kako-da-pristupim-biljnom-bojanju-kose\/\" \/>\n<meta property=\"og:locale\" content=\"hr_HR\" \/>\n<meta property=\"og:type\" content=\"article\" \/>\n<meta property=\"og:title\" content=\"Kako da pristupim biljnom bojanju kose? - Etnobotanika\" \/>\n<meta property=\"og:description\" content=\"Otkrijte prirodno bojanje kose s na\u0161im konfiguratorom boja i nau\u010dite kako pravilno pripremiti i primijeniti biljne smjese za zdravu kosu.\" \/>\n<meta property=\"og:url\" content=\"https:\/\/www.etnobotanika.eu\/hr\/kako-da-pristupim-biljnom-bojanju-kose\/\" \/>\n<meta property=\"og:site_name\" content=\"Etnobotanika\" \/>\n<meta property=\"article:modified_time\" content=\"2024-06-06T13:09:52+00:00\" \/>\n<meta property=\"og:image\" content=\"https:\/\/www.etnobotanika.eu\/wp-content\/uploads\/2023\/07\/s1-e1695662986872-150x150.jpg\" \/>\n<meta name=\"twitter:card\" content=\"summary_large_image\" \/>\n<meta name=\"twitter:label1\" content=\"Procijenjeno vrijeme \u010ditanja\" \/>\n\t<meta name=\"twitter:data1\" content=\"3 minute\" \/>\n<script type=\"application\/ld+json\" class=\"yoast-schema-graph\">{\"@context\":\"https:\\\/\\\/schema.org\",\"@graph\":[{\"@type\":\"WebPage\",\"@id\":\"https:\\\/\\\/www.etnobotanika.eu\\\/hr\\\/kako-da-pristupim-biljnom-bojanju-kose\\\/\",\"url\":\"https:\\\/\\\/www.etnobotanika.eu\\\/hr\\\/kako-da-pristupim-biljnom-bojanju-kose\\\/\",\"name\":\"Kako da pristupim biljnom bojanju kose? - Etnobotanika\",\"isPartOf\":{\"@id\":\"https:\\\/\\\/www.etnobotanika.eu\\\/hr\\\/#website\"},\"primaryImageOfPage\":{\"@id\":\"https:\\\/\\\/www.etnobotanika.eu\\\/hr\\\/kako-da-pristupim-biljnom-bojanju-kose\\\/#primaryimage\"},\"image\":{\"@id\":\"https:\\\/\\\/www.etnobotanika.eu\\\/hr\\\/kako-da-pristupim-biljnom-bojanju-kose\\\/#primaryimage\"},\"thumbnailUrl\":\"https:\\\/\\\/www.etnobotanika.eu\\\/wp-content\\\/uploads\\\/2023\\\/07\\\/s1-e1695662986872-150x150.jpg\",\"datePublished\":\"2023-11-02T16:57:55+00:00\",\"dateModified\":\"2024-06-06T13:09:52+00:00\",\"description\":\"Otkrijte prirodno bojanje kose s na\u0161im konfiguratorom boja i nau\u010dite kako pravilno pripremiti i primijeniti biljne smjese za zdravu kosu.\",\"breadcrumb\":{\"@id\":\"https:\\\/\\\/www.etnobotanika.eu\\\/hr\\\/kako-da-pristupim-biljnom-bojanju-kose\\\/#breadcrumb\"},\"inLanguage\":\"hr\",\"potentialAction\":[{\"@type\":\"ReadAction\",\"target\":[\"https:\\\/\\\/www.etnobotanika.eu\\\/hr\\\/kako-da-pristupim-biljnom-bojanju-kose\\\/\"]}]},{\"@type\":\"ImageObject\",\"inLanguage\":\"hr\",\"@id\":\"https:\\\/\\\/www.etnobotanika.eu\\\/hr\\\/kako-da-pristupim-biljnom-bojanju-kose\\\/#primaryimage\",\"url\":\"https:\\\/\\\/www.etnobotanika.eu\\\/wp-content\\\/uploads\\\/2023\\\/07\\\/s1-e1695662986872-150x150.jpg\",\"contentUrl\":\"https:\\\/\\\/www.etnobotanika.eu\\\/wp-content\\\/uploads\\\/2023\\\/07\\\/s1-e1695662986872-150x150.jpg\"},{\"@type\":\"BreadcrumbList\",\"@id\":\"https:\\\/\\\/www.etnobotanika.eu\\\/hr\\\/kako-da-pristupim-biljnom-bojanju-kose\\\/#breadcrumb\",\"itemListElement\":[{\"@type\":\"ListItem\",\"position\":1,\"name\":\"Home\",\"item\":\"https:\\\/\\\/www.etnobotanika.eu\\\/hr\\\/\"},{\"@type\":\"ListItem\",\"position\":2,\"name\":\"Kako da pristupim biljnom bojanju kose?\"}]},{\"@type\":\"WebSite\",\"@id\":\"https:\\\/\\\/www.etnobotanika.eu\\\/hr\\\/#website\",\"url\":\"https:\\\/\\\/www.etnobotanika.eu\\\/hr\\\/\",\"name\":\"Etnobotanika\",\"description\":\"Naravna rastlinska barvila in negovala za lase\",\"potentialAction\":[{\"@type\":\"SearchAction\",\"target\":{\"@type\":\"EntryPoint\",\"urlTemplate\":\"https:\\\/\\\/www.etnobotanika.eu\\\/hr\\\/?s={search_term_string}\"},\"query-input\":{\"@type\":\"PropertyValueSpecification\",\"valueRequired\":true,\"valueName\":\"search_term_string\"}}],\"inLanguage\":\"hr\"}]}<\/script>\n<!-- \/ Yoast SEO plugin. -->","yoast_head_json":{"title":"Kako da pristupim biljnom bojanju kose? - Etnobotanika","description":"Otkrijte prirodno bojanje kose s na\u0161im konfiguratorom boja i nau\u010dite kako pravilno pripremiti i primijeniti biljne smjese za zdravu kosu.","robots":{"index":"index","follow":"follow","max-snippet":"max-snippet:-1","max-image-preview":"max-image-preview:large","max-video-preview":"max-video-preview:-1"},"canonical":"https:\/\/www.etnobotanika.eu\/hr\/kako-da-pristupim-biljnom-bojanju-kose\/","og_locale":"hr_HR","og_type":"article","og_title":"Kako da pristupim biljnom bojanju kose? - Etnobotanika","og_description":"Otkrijte prirodno bojanje kose s na\u0161im konfiguratorom boja i nau\u010dite kako pravilno pripremiti i primijeniti biljne smjese za zdravu kosu.","og_url":"https:\/\/www.etnobotanika.eu\/hr\/kako-da-pristupim-biljnom-bojanju-kose\/","og_site_name":"Etnobotanika","article_modified_time":"2024-06-06T13:09:52+00:00","og_image":[{"url":"https:\/\/www.etnobotanika.eu\/wp-content\/uploads\/2023\/07\/s1-e1695662986872-150x150.jpg","type":"","width":"","height":""}],"twitter_card":"summary_large_image","twitter_misc":{"Procijenjeno vrijeme \u010ditanja":"3 minute"},"schema":{"@context":"https:\/\/schema.org","@graph":[{"@type":"WebPage","@id":"https:\/\/www.etnobotanika.eu\/hr\/kako-da-pristupim-biljnom-bojanju-kose\/","url":"https:\/\/www.etnobotanika.eu\/hr\/kako-da-pristupim-biljnom-bojanju-kose\/","name":"Kako da pristupim biljnom bojanju kose? - Etnobotanika","isPartOf":{"@id":"https:\/\/www.etnobotanika.eu\/hr\/#website"},"primaryImageOfPage":{"@id":"https:\/\/www.etnobotanika.eu\/hr\/kako-da-pristupim-biljnom-bojanju-kose\/#primaryimage"},"image":{"@id":"https:\/\/www.etnobotanika.eu\/hr\/kako-da-pristupim-biljnom-bojanju-kose\/#primaryimage"},"thumbnailUrl":"https:\/\/www.etnobotanika.eu\/wp-content\/uploads\/2023\/07\/s1-e1695662986872-150x150.jpg","datePublished":"2023-11-02T16:57:55+00:00","dateModified":"2024-06-06T13:09:52+00:00","description":"Otkrijte prirodno bojanje kose s na\u0161im konfiguratorom boja i nau\u010dite kako pravilno pripremiti i primijeniti biljne smjese za zdravu kosu.","breadcrumb":{"@id":"https:\/\/www.etnobotanika.eu\/hr\/kako-da-pristupim-biljnom-bojanju-kose\/#breadcrumb"},"inLanguage":"hr","potentialAction":[{"@type":"ReadAction","target":["https:\/\/www.etnobotanika.eu\/hr\/kako-da-pristupim-biljnom-bojanju-kose\/"]}]},{"@type":"ImageObject","inLanguage":"hr","@id":"https:\/\/www.etnobotanika.eu\/hr\/kako-da-pristupim-biljnom-bojanju-kose\/#primaryimage","url":"https:\/\/www.etnobotanika.eu\/wp-content\/uploads\/2023\/07\/s1-e1695662986872-150x150.jpg","contentUrl":"https:\/\/www.etnobotanika.eu\/wp-content\/uploads\/2023\/07\/s1-e1695662986872-150x150.jpg"},{"@type":"BreadcrumbList","@id":"https:\/\/www.etnobotanika.eu\/hr\/kako-da-pristupim-biljnom-bojanju-kose\/#breadcrumb","itemListElement":[{"@type":"ListItem","position":1,"name":"Home","item":"https:\/\/www.etnobotanika.eu\/hr\/"},{"@type":"ListItem","position":2,"name":"Kako da pristupim biljnom bojanju kose?"}]},{"@type":"WebSite","@id":"https:\/\/www.etnobotanika.eu\/hr\/#website","url":"https:\/\/www.etnobotanika.eu\/hr\/","name":"Etnobotanika","description":"Naravna rastlinska barvila in negovala za lase","potentialAction":[{"@type":"SearchAction","target":{"@type":"EntryPoint","urlTemplate":"https:\/\/www.etnobotanika.eu\/hr\/?s={search_term_string}"},"query-input":{"@type":"PropertyValueSpecification","valueRequired":true,"valueName":"search_term_string"}}],"inLanguage":"hr"}]}},"_links":{"self":[{"href":"https:\/\/www.etnobotanika.eu\/hr\/wp-json\/wp\/v2\/pages\/33770","targetHints":{"allow":["GET"]}}],"collection":[{"href":"https:\/\/www.etnobotanika.eu\/hr\/wp-json\/wp\/v2\/pages"}],"about":[{"href":"https:\/\/www.etnobotanika.eu\/hr\/wp-json\/wp\/v2\/types\/page"}],"author":[{"embeddable":true,"href":"https:\/\/www.etnobotanika.eu\/hr\/wp-json\/wp\/v2\/users\/667"}],"replies":[{"embeddable":true,"href":"https:\/\/www.etnobotanika.eu\/hr\/wp-json\/wp\/v2\/comments?post=33770"}],"version-history":[{"count":14,"href":"https:\/\/www.etnobotanika.eu\/hr\/wp-json\/wp\/v2\/pages\/33770\/revisions"}],"predecessor-version":[{"id":36851,"href":"https:\/\/www.etnobotanika.eu\/hr\/wp-json\/wp\/v2\/pages\/33770\/revisions\/36851"}],"wp:attachment":[{"href":"https:\/\/www.etnobotanika.eu\/hr\/wp-json\/wp\/v2\/media?parent=33770"}],"curies":[{"name":"wp","href":"https:\/\/api.w.org\/{rel}","templated":true}]}}