{"id":32708,"date":"2023-12-11T04:10:24","date_gmt":"2023-12-11T03:10:24","guid":{"rendered":"https:\/\/www.etnobotanika.eu\/izdelek\/ekoloski-hidrolat-zajbelj-2\/"},"modified":"2024-11-11T11:39:50","modified_gmt":"2024-11-11T10:39:50","slug":"prirodni-hidrolat-kadulje","status":"publish","type":"product","link":"https:\/\/www.etnobotanika.eu\/hr\/proizvod\/prirodni-hidrolat-kadulje\/","title":{"rendered":"PRIRODNI HIDROLAT KADULJE"},"content":{"rendered":"<p><span style=\"font-weight: 400;\">Hidrolat je proizvod parne destilacije listova kadulje (Salvia Officinalis).<\/span><\/p>\n<p><span style=\"font-weight: 400;\">Kadulja spada u rod biljaka Salvija, \u0161to u prijevodu zna\u010di \u201espasiti\u201c, a sama biljka u povijesti je bila poznata kao biljka za lije\u010denje odre\u0111enih tegoba. U keltskoj tradiciji kadulja je predstavljala mudrost koja se smatra najvi\u0161om razinom znanja u duhovnom svijetu. Poma\u017ee nam prepoznati vrijedne \u017eivotne istine i stvara dobru vezu izme\u0111u na\u0161ih interesa i interesa drugih ljudi. Ugodno utje\u010de na na\u0161u samorealizaciju, razvija duhovne vje\u0161tine te ubrzava na\u0161 duhovni razvoj te tako daje jo\u0161 ve\u0107i smisao na\u0161em \u017eivotu.<\/span><\/p>\n<ul>\n<li>100 % \u010dist. Ne vsebuje konzervansov ali dodatkov.<\/li>\n<li>Mikrobiolo\u0161ko testiran.<\/li>\n<li>Primeren za u\u017eivanje.<\/li>\n<\/ul>\n<h2>Vanjska upotreba<\/h2>\n<p><span style=\"font-weight: 400;\">-TONIK ZA MASNO VLASI\u0160TE<\/span><span style=\"font-weight: 400;\"><br \/>\n<\/span><span style=\"font-weight: 400;\">Sprje\u010dava razmno\u017eavanje gljivica i bakterija na vlasi\u0161tu, regulira rad \u017elijezda lojnica te sprje\u010dava upalu i svrbe\u017e vlasi\u0161ta.<\/span><\/p>\n<p><span style=\"font-weight: 400;\">-TONIK ZA LICE ZA MASNU KO\u017dU I KO\u017dU S AKNAMA <\/span><span style=\"font-weight: 400;\"><br \/>\n<\/span><span style=\"font-weight: 400;\">Zahvaljuju\u0107i vodenoj bazi prodire duboko u ko\u017eu i ima sna\u017eno protuupalno djelovanje na sve slojeve ko\u017ee. <\/span><\/p>\n<p><span style=\"font-weight: 400;\">Stimulira mikrocirkulaciju ko\u017ee i time i njezinu brzu regeneraciju. Zbog primjerenog Ph na ko\u017ei stvara za\u0161titni sloj i time je \u0161titi od vanjskih utjecaja. Ujedno ko\u017eu \u010dini glatkom i mekanom na dodir.\u00a0<\/span><\/p>\n<p><span style=\"font-weight: 400;\">-TONIK ZA TIJELO, STIMULIRA LIMFU I TOPI POTKO\u017dNU MASNO\u0106U<\/span><span style=\"font-weight: 400;\"><br \/>\n<\/span><span style=\"font-weight: 400;\">Hidrolat je kadulje, izvrstan je stimulator limfe, a time i njezin pro\u010di\u0161\u0107iva\u010d. Za osobe s usporenim djelovanjem limfe preporu\u010duje se da limfne \u010dvorove nama\u017eu hidrolatom. Zbog svojeg lipoliti\u010dkog djelovanja (otapa potko\u017eno masno tkivo) koristi se i u borbi protiv celulita.<\/span><span style=\"font-weight: 400;\"><br \/>\n<\/span><span style=\"font-weight: 400;\">Na\u010din uporabe: Hidrolat kadulje nanosi se na ko\u017eu i ostavlja da ga ko\u017ea upije (2-3 puta dnevno). Hidrolat na vlasi\u0161te nanosimo nakon tu\u0161iranja. Kru\u017enim pokretima lagano ga utrljamo u vlasi\u0161te i ne ispiremo.<\/span><\/p>\n<h2>Unutra\u0161nja upotreba<\/h2>\n<p><span style=\"font-weight: 400;\">&#8211; ZA USNU HIGIJENU<\/span><span style=\"font-weight: 400;\"><br \/>\n<\/span><span style=\"font-weight: 400;\">Nakon pranja zubiju hidrolat kadulje koristi se kao vodica za ispiranje usta. Sprje\u010dava nastanak karijesa, afta i sprje\u010dava krvarenje desni.<\/span><span style=\"font-weight: 400;\"><br \/>\n<\/span><span style=\"font-weight: 400;\">Na\u010din uporabe: Kod upale grla hidrolat grgljamo vi\u0161e puta dnevno.<\/span><\/p>\n<p><span style=\"font-weight: 400;\">\u2013 ORALNA I DERMALNA UPORABA ZA REGULACIJU \u017dENSKIH HORMONA <\/span><span style=\"font-weight: 400;\"><br \/>\n<\/span><span style=\"font-weight: 400;\">Spojevi u kadulji imaju sli\u010dno djelovanje kao estrogen pa se hidrolat kadulje mo\u017ee koristiti kao regulator \u017eenskih hormona. Koristi se za ubla\u017eavanje simptoma menopauze (temperatura), ubla\u017eavanje menstrualnih gr\u010deva i za reguliranje menstrualnog ciklusa.<\/span><\/p>\n<p>Vi\u0161e o hidrolatima mo\u017eete prona\u0107i u bro\u0161uri:<br \/>\n<a href=\"https:\/\/www.etnobotanika.eu\/wp-content\/uploads\/2023\/12\/Hidrolati_brosura_HR.pdf\">https:\/\/www.etnobotanika.eu\/wp-content\/uploads\/2023\/12\/Hidrolati_brosura_HR.pdf<\/a><\/p>\n<h2 class=\"p1\">Upute za kori\u0161tenje:<\/h2>\n<p class=\"p1\">Za upotrebu hidrolata u pravilu nije potrebno razrje\u0111ivanje. Zapravo ih mo\u017eemo koristiti svaki dan. Ipak, preporu\u010damo da prije uporabe napravite test ko\u017ee.<\/p>\n<h2 class=\"p1\">Skladi\u0161tenje<\/h2>\n<p class=\"p1\">Hidrolat \u010duvajte na tamnom i hladnom mjestu. Nakon otvaranja \u010duvati u hladnjaku.<\/p>\n<p><b>Upozorenje:<\/b><br \/>\nPodru\u010dja i metode kori\u0161tenja preuzeti su iz knjiga ili referentnih stru\u010dnih web stranica. Podaci su informativnog karaktera i ne predstavljaju medicinske podatke te ih uvijek koristite na vlastitu odgovornost. Prije eventualne uporabe hidrolata u terapijske svrhe posavjetujte se s lije\u010dnikom.<\/p>\n<h2>Tehni\u010dki podaci:<\/h2>\n<p><strong>KAPACITET<\/strong>: 200 ml ali 500 ml<br \/>\n<strong>PODRIJETLO<\/strong>: Francija<br \/>\n<strong>SASTAV:<\/strong> Salvia Officinalis Leaf Water \u2013 iz ekolo\u0161ke pridelave<br \/>\n<strong>Ekolo\u0161ki certifikat:<\/strong><\/p>\n<p><span style=\"font-size: medium;\">ECOCERT ORGANIC<\/span><\/p>\n<p><span style=\"font-size: medium;\"><a href=\"https:\/\/www.etnobotanika.eu\/wp-content\/uploads\/2020\/04\/ECOCERT_LOGO-300x163.jpg\"><img loading=\"lazy\" decoding=\"async\" class=\"alignleft wp-image-12859 \" src=\"https:\/\/www.etnobotanika.eu\/wp-content\/uploads\/2020\/04\/ECOCERT_LOGO-300x163.jpg\" alt=\"\" width=\"101\" height=\"55\" srcset=\"https:\/\/www.etnobotanika.eu\/wp-content\/uploads\/2020\/04\/ECOCERT_LOGO-300x163.jpg 300w, https:\/\/www.etnobotanika.eu\/wp-content\/uploads\/2020\/04\/ECOCERT_LOGO-600x325.jpg 600w, https:\/\/www.etnobotanika.eu\/wp-content\/uploads\/2020\/04\/ECOCERT_LOGO-150x81.jpg 150w, https:\/\/www.etnobotanika.eu\/wp-content\/uploads\/2020\/04\/ECOCERT_LOGO.jpg 677w\" sizes=\"auto, (max-width: 101px) 100vw, 101px\" \/><\/a><\/span><\/p>\n<p>&nbsp;<\/p>\n<p>&nbsp;<\/p>\n<p>&nbsp;<\/p>\n<p><strong>Analitski certifikat: <\/strong><\/p>\n<p><a href=\"https:\/\/www.etnobotanika.eu\/wp-content\/uploads\/2021\/02\/analy.-report-zajbelj-300x225.jpg\"><img loading=\"lazy\" decoding=\"async\" class=\"size-medium wp-image-13742 alignleft\" src=\"https:\/\/www.etnobotanika.eu\/wp-content\/uploads\/2021\/02\/analy.-report-zajbelj-300x225.jpg\" alt=\"\" width=\"300\" height=\"225\" srcset=\"https:\/\/www.etnobotanika.eu\/wp-content\/uploads\/2021\/02\/analy.-report-zajbelj-300x225.jpg 300w, https:\/\/www.etnobotanika.eu\/wp-content\/uploads\/2021\/02\/analy.-report-zajbelj-600x450.jpg 600w, https:\/\/www.etnobotanika.eu\/wp-content\/uploads\/2021\/02\/analy.-report-zajbelj-150x113.jpg 150w, https:\/\/www.etnobotanika.eu\/wp-content\/uploads\/2021\/02\/analy.-report-zajbelj-768x576.jpg 768w, https:\/\/www.etnobotanika.eu\/wp-content\/uploads\/2021\/02\/analy.-report-zajbelj.jpg 960w\" sizes=\"auto, (max-width: 300px) 100vw, 300px\" \/><\/a><\/p>\n","protected":false},"excerpt":{"rendered":"<ul>\n<li><span style=\"font-weight: 400;\">Tonik za masno vlasi\u0161te<\/span><\/li>\n<li style=\"font-weight: 400;\" aria-level=\"1\"><span style=\"font-weight: 400;\">Tonik za lice, masnu i aknastu ko\u017eu.<\/span><\/li>\n<li style=\"font-weight: 400;\" aria-level=\"1\"><span style=\"font-weight: 400;\">Tonik za tijelo (stimulira limfu i topi potko\u017eno masno tkivo).<\/span><\/li>\n<li style=\"font-weight: 400;\" aria-level=\"1\"><span style=\"font-weight: 400;\">Vodica za usnu \u0161upljinu (grlobolja, afta, karijes, krvarenje desni, \u017eenski hormoni).<\/span><\/li>\n<li style=\"font-weight: 400;\" aria-level=\"1\"><span style=\"font-weight: 400;\">Bez konzervansa i dodataka &#8211; primjeren za konzumiranje<\/span><\/li>\n<\/ul>\n","protected":false},"featured_media":32125,"comment_status":"open","ping_status":"closed","template":"","meta":{"_acf_changed":false,"footnotes":""},"product_brand":[],"product_cat":[213,238,239,237,221],"product_tag":[240],"class_list":{"0":"post-32708","1":"product","2":"type-product","3":"status-publish","4":"has-post-thumbnail","6":"product_cat-za-kosu","7":"product_cat-hidrolati-za-vlasiste","8":"product_cat-hidrolati-za-kozu","9":"product_cat-hidrolati-za-kosu","10":"product_cat-za-kozu","11":"product_tag-prirodna-njega-koze-hr","13":"first","14":"instock","15":"taxable","16":"shipping-taxable","17":"purchasable","18":"product-type-variable"},"acf":[],"yoast_head":"<!-- This site is optimized with the Yoast SEO plugin v27.3 - https:\/\/yoast.com\/product\/yoast-seo-wordpress\/ -->\n<title>Prirodni hidrolat kadulje - Za vlasi\u0161te i ko\u017eu - Etnobotanika<\/title>\n<meta name=\"description\" content=\"Ekolo\u0161ki hidrolat kadulje: bogat ljekovitim tvarima sa \u0161irokim spektrom djelovanja, mo\u017ee u\u010dinkovito zamijeniti antibiotik.\" \/>\n<meta name=\"robots\" content=\"index, follow, max-snippet:-1, max-image-preview:large, max-video-preview:-1\" \/>\n<link rel=\"canonical\" href=\"https:\/\/www.etnobotanika.eu\/hr\/proizvod\/prirodni-hidrolat-kadulje\/\" \/>\n<meta property=\"og:locale\" content=\"hr_HR\" \/>\n<meta property=\"og:type\" content=\"article\" \/>\n<meta property=\"og:title\" content=\"Prirodni hidrolat kadulje - Za vlasi\u0161te i ko\u017eu - Etnobotanika\" \/>\n<meta property=\"og:description\" content=\"Ekolo\u0161ki hidrolat kadulje: bogat ljekovitim tvarima sa \u0161irokim spektrom djelovanja, mo\u017ee u\u010dinkovito zamijeniti antibiotik.\" \/>\n<meta property=\"og:url\" content=\"https:\/\/www.etnobotanika.eu\/hr\/proizvod\/prirodni-hidrolat-kadulje\/\" \/>\n<meta property=\"og:site_name\" content=\"Etnobotanika\" \/>\n<meta property=\"article:modified_time\" content=\"2024-11-11T10:39:50+00:00\" \/>\n<meta property=\"og:image\" content=\"https:\/\/www.etnobotanika.eu\/wp-content\/uploads\/2023\/12\/200-ml-zajbelj.png\" \/>\n\t<meta property=\"og:image:width\" content=\"1080\" \/>\n\t<meta property=\"og:image:height\" content=\"1080\" \/>\n\t<meta property=\"og:image:type\" content=\"image\/png\" \/>\n<meta name=\"twitter:card\" content=\"summary_large_image\" \/>\n<meta name=\"twitter:label1\" content=\"Procijenjeno vrijeme \u010ditanja\" \/>\n\t<meta name=\"twitter:data1\" content=\"4 minute\" \/>\n<script type=\"application\/ld+json\" class=\"yoast-schema-graph\">{\"@context\":\"https:\\\/\\\/schema.org\",\"@graph\":[{\"@type\":\"WebPage\",\"@id\":\"https:\\\/\\\/www.etnobotanika.eu\\\/hr\\\/proizvod\\\/prirodni-hidrolat-kadulje\\\/\",\"url\":\"https:\\\/\\\/www.etnobotanika.eu\\\/hr\\\/proizvod\\\/prirodni-hidrolat-kadulje\\\/\",\"name\":\"Prirodni hidrolat kadulje - Za vlasi\u0161te i ko\u017eu - Etnobotanika\",\"isPartOf\":{\"@id\":\"https:\\\/\\\/www.etnobotanika.eu\\\/hr\\\/#website\"},\"primaryImageOfPage\":{\"@id\":\"https:\\\/\\\/www.etnobotanika.eu\\\/hr\\\/proizvod\\\/prirodni-hidrolat-kadulje\\\/#primaryimage\"},\"image\":{\"@id\":\"https:\\\/\\\/www.etnobotanika.eu\\\/hr\\\/proizvod\\\/prirodni-hidrolat-kadulje\\\/#primaryimage\"},\"thumbnailUrl\":\"https:\\\/\\\/www.etnobotanika.eu\\\/wp-content\\\/uploads\\\/2023\\\/12\\\/200-ml-zajbelj.png\",\"datePublished\":\"2023-12-11T03:10:24+00:00\",\"dateModified\":\"2024-11-11T10:39:50+00:00\",\"description\":\"Ekolo\u0161ki hidrolat kadulje: bogat ljekovitim tvarima sa \u0161irokim spektrom djelovanja, mo\u017ee u\u010dinkovito zamijeniti antibiotik.\",\"breadcrumb\":{\"@id\":\"https:\\\/\\\/www.etnobotanika.eu\\\/hr\\\/proizvod\\\/prirodni-hidrolat-kadulje\\\/#breadcrumb\"},\"inLanguage\":\"hr\",\"potentialAction\":[{\"@type\":\"ReadAction\",\"target\":[\"https:\\\/\\\/www.etnobotanika.eu\\\/hr\\\/proizvod\\\/prirodni-hidrolat-kadulje\\\/\"]}]},{\"@type\":\"ImageObject\",\"inLanguage\":\"hr\",\"@id\":\"https:\\\/\\\/www.etnobotanika.eu\\\/hr\\\/proizvod\\\/prirodni-hidrolat-kadulje\\\/#primaryimage\",\"url\":\"https:\\\/\\\/www.etnobotanika.eu\\\/wp-content\\\/uploads\\\/2023\\\/12\\\/200-ml-zajbelj.png\",\"contentUrl\":\"https:\\\/\\\/www.etnobotanika.eu\\\/wp-content\\\/uploads\\\/2023\\\/12\\\/200-ml-zajbelj.png\",\"width\":1080,\"height\":1080},{\"@type\":\"BreadcrumbList\",\"@id\":\"https:\\\/\\\/www.etnobotanika.eu\\\/hr\\\/proizvod\\\/prirodni-hidrolat-kadulje\\\/#breadcrumb\",\"itemListElement\":[{\"@type\":\"ListItem\",\"position\":1,\"name\":\"Home\",\"item\":\"https:\\\/\\\/www.etnobotanika.eu\\\/hr\\\/\"},{\"@type\":\"ListItem\",\"position\":2,\"name\":\"Trgovina\",\"item\":\"https:\\\/\\\/www.etnobotanika.eu\\\/hr\\\/trgovina\\\/\"},{\"@type\":\"ListItem\",\"position\":3,\"name\":\"PRIRODNI HIDROLAT KADULJE\"}]},{\"@type\":\"WebSite\",\"@id\":\"https:\\\/\\\/www.etnobotanika.eu\\\/hr\\\/#website\",\"url\":\"https:\\\/\\\/www.etnobotanika.eu\\\/hr\\\/\",\"name\":\"Etnobotanika\",\"description\":\"Naravna rastlinska barvila in negovala za lase\",\"potentialAction\":[{\"@type\":\"SearchAction\",\"target\":{\"@type\":\"EntryPoint\",\"urlTemplate\":\"https:\\\/\\\/www.etnobotanika.eu\\\/hr\\\/?s={search_term_string}\"},\"query-input\":{\"@type\":\"PropertyValueSpecification\",\"valueRequired\":true,\"valueName\":\"search_term_string\"}}],\"inLanguage\":\"hr\"}]}<\/script>\n<!-- \/ Yoast SEO plugin. -->","yoast_head_json":{"title":"Prirodni hidrolat kadulje - Za vlasi\u0161te i ko\u017eu - Etnobotanika","description":"Ekolo\u0161ki hidrolat kadulje: bogat ljekovitim tvarima sa \u0161irokim spektrom djelovanja, mo\u017ee u\u010dinkovito zamijeniti antibiotik.","robots":{"index":"index","follow":"follow","max-snippet":"max-snippet:-1","max-image-preview":"max-image-preview:large","max-video-preview":"max-video-preview:-1"},"canonical":"https:\/\/www.etnobotanika.eu\/hr\/proizvod\/prirodni-hidrolat-kadulje\/","og_locale":"hr_HR","og_type":"article","og_title":"Prirodni hidrolat kadulje - Za vlasi\u0161te i ko\u017eu - Etnobotanika","og_description":"Ekolo\u0161ki hidrolat kadulje: bogat ljekovitim tvarima sa \u0161irokim spektrom djelovanja, mo\u017ee u\u010dinkovito zamijeniti antibiotik.","og_url":"https:\/\/www.etnobotanika.eu\/hr\/proizvod\/prirodni-hidrolat-kadulje\/","og_site_name":"Etnobotanika","article_modified_time":"2024-11-11T10:39:50+00:00","og_image":[{"width":1080,"height":1080,"url":"https:\/\/www.etnobotanika.eu\/wp-content\/uploads\/2023\/12\/200-ml-zajbelj.png","type":"image\/png"}],"twitter_card":"summary_large_image","twitter_misc":{"Procijenjeno vrijeme \u010ditanja":"4 minute"},"schema":{"@context":"https:\/\/schema.org","@graph":[{"@type":"WebPage","@id":"https:\/\/www.etnobotanika.eu\/hr\/proizvod\/prirodni-hidrolat-kadulje\/","url":"https:\/\/www.etnobotanika.eu\/hr\/proizvod\/prirodni-hidrolat-kadulje\/","name":"Prirodni hidrolat kadulje - Za vlasi\u0161te i ko\u017eu - Etnobotanika","isPartOf":{"@id":"https:\/\/www.etnobotanika.eu\/hr\/#website"},"primaryImageOfPage":{"@id":"https:\/\/www.etnobotanika.eu\/hr\/proizvod\/prirodni-hidrolat-kadulje\/#primaryimage"},"image":{"@id":"https:\/\/www.etnobotanika.eu\/hr\/proizvod\/prirodni-hidrolat-kadulje\/#primaryimage"},"thumbnailUrl":"https:\/\/www.etnobotanika.eu\/wp-content\/uploads\/2023\/12\/200-ml-zajbelj.png","datePublished":"2023-12-11T03:10:24+00:00","dateModified":"2024-11-11T10:39:50+00:00","description":"Ekolo\u0161ki hidrolat kadulje: bogat ljekovitim tvarima sa \u0161irokim spektrom djelovanja, mo\u017ee u\u010dinkovito zamijeniti antibiotik.","breadcrumb":{"@id":"https:\/\/www.etnobotanika.eu\/hr\/proizvod\/prirodni-hidrolat-kadulje\/#breadcrumb"},"inLanguage":"hr","potentialAction":[{"@type":"ReadAction","target":["https:\/\/www.etnobotanika.eu\/hr\/proizvod\/prirodni-hidrolat-kadulje\/"]}]},{"@type":"ImageObject","inLanguage":"hr","@id":"https:\/\/www.etnobotanika.eu\/hr\/proizvod\/prirodni-hidrolat-kadulje\/#primaryimage","url":"https:\/\/www.etnobotanika.eu\/wp-content\/uploads\/2023\/12\/200-ml-zajbelj.png","contentUrl":"https:\/\/www.etnobotanika.eu\/wp-content\/uploads\/2023\/12\/200-ml-zajbelj.png","width":1080,"height":1080},{"@type":"BreadcrumbList","@id":"https:\/\/www.etnobotanika.eu\/hr\/proizvod\/prirodni-hidrolat-kadulje\/#breadcrumb","itemListElement":[{"@type":"ListItem","position":1,"name":"Home","item":"https:\/\/www.etnobotanika.eu\/hr\/"},{"@type":"ListItem","position":2,"name":"Trgovina","item":"https:\/\/www.etnobotanika.eu\/hr\/trgovina\/"},{"@type":"ListItem","position":3,"name":"PRIRODNI HIDROLAT KADULJE"}]},{"@type":"WebSite","@id":"https:\/\/www.etnobotanika.eu\/hr\/#website","url":"https:\/\/www.etnobotanika.eu\/hr\/","name":"Etnobotanika","description":"Naravna rastlinska barvila in negovala za lase","potentialAction":[{"@type":"SearchAction","target":{"@type":"EntryPoint","urlTemplate":"https:\/\/www.etnobotanika.eu\/hr\/?s={search_term_string}"},"query-input":{"@type":"PropertyValueSpecification","valueRequired":true,"valueName":"search_term_string"}}],"inLanguage":"hr"}]}},"_links":{"self":[{"href":"https:\/\/www.etnobotanika.eu\/hr\/wp-json\/wp\/v2\/product\/32708","targetHints":{"allow":["GET"]}}],"collection":[{"href":"https:\/\/www.etnobotanika.eu\/hr\/wp-json\/wp\/v2\/product"}],"about":[{"href":"https:\/\/www.etnobotanika.eu\/hr\/wp-json\/wp\/v2\/types\/product"}],"replies":[{"embeddable":true,"href":"https:\/\/www.etnobotanika.eu\/hr\/wp-json\/wp\/v2\/comments?post=32708"}],"version-history":[{"count":4,"href":"https:\/\/www.etnobotanika.eu\/hr\/wp-json\/wp\/v2\/product\/32708\/revisions"}],"predecessor-version":[{"id":37572,"href":"https:\/\/www.etnobotanika.eu\/hr\/wp-json\/wp\/v2\/product\/32708\/revisions\/37572"}],"wp:featuredmedia":[{"embeddable":true,"href":"https:\/\/www.etnobotanika.eu\/hr\/wp-json\/wp\/v2\/media\/32125"}],"wp:attachment":[{"href":"https:\/\/www.etnobotanika.eu\/hr\/wp-json\/wp\/v2\/media?parent=32708"}],"wp:term":[{"taxonomy":"product_brand","embeddable":true,"href":"https:\/\/www.etnobotanika.eu\/hr\/wp-json\/wp\/v2\/product_brand?post=32708"},{"taxonomy":"product_cat","embeddable":true,"href":"https:\/\/www.etnobotanika.eu\/hr\/wp-json\/wp\/v2\/product_cat?post=32708"},{"taxonomy":"product_tag","embeddable":true,"href":"https:\/\/www.etnobotanika.eu\/hr\/wp-json\/wp\/v2\/product_tag?post=32708"}],"curies":[{"name":"wp","href":"https:\/\/api.w.org\/{rel}","templated":true}]}}