{"id":33127,"date":"2023-12-11T04:07:56","date_gmt":"2023-12-11T03:07:56","guid":{"rendered":"https:\/\/www.etnobotanika.eu\/izdelek\/indigo-body-art\/"},"modified":"2024-07-02T13:48:59","modified_gmt":"2024-07-02T11:48:59","slug":"prirodni-indigo-za-kosu","status":"publish","type":"product","link":"https:\/\/www.etnobotanika.eu\/hr\/proizvod\/prirodni-indigo-za-kosu\/","title":{"rendered":"PRIRODNI INDIGO ZA KOSU"},"content":{"rendered":"<p><span style=\"font-weight: 400;\">Radi se o biljci kod koje li\u0161\u0107e ima plavi pigment. Mlado li\u0161\u0107e indiga ru\u010dno se bere i su\u0161i, a zatim se posebnim mlinovima hladno melje u prah. Prah se zajedno s ohla\u0111enom i prokuhanom vodom ili \u010dajem priprema u smjesu koja izgleda jogurta i ista se nanosi na kosu ili skalp.<\/span><\/p>\n<h2>RAZLI\u010cITE NIJANSE NA KOSI:<\/h2>\n<p><span style=\"font-weight: 400;\">Kako bi se dobile razli\u010dite nijanse boje za kosu, indigo se savr\u0161eno kombinira s drugim biljnim bojama kao \u0161to su <\/span><a href=\"https:\/\/www.etnobotanika.eu\/hr\/proizvod\/prirodna-kana-za-kosu\/\"><span style=\"font-weight: 400;\">KANA<\/span><\/a><span style=\"font-weight: 400;\">,\u00a0<\/span><a href=\"https:\/\/www.etnobotanika.eu\/hr\/proizvod\/prirodna-sena-za-kosu\/\"><span style=\"font-weight: 400;\">SENA<\/span><\/a><span style=\"font-weight: 400;\">,\u00a0<\/span><a href=\"https:\/\/www.etnobotanika.eu\/hr\/proizvod\/prirodna-amla\/\"><span style=\"font-weight: 400;\">AMLA<\/span><\/a><span style=\"font-weight: 400;\">\u00a0i\u00a0<\/span><a href=\"https:\/\/www.etnobotanika.eu\/hr\/proizvod\/prirodni-hibiskus\/\"><span style=\"font-weight: 400;\">HIBISKUS<\/span><\/a><span style=\"font-weight: 400;\">.\u00a0 Posjetite online konfigurator boja za kosu kako biste prona\u0161li primjerenu recepturu za kosu koja vam odgovara:\u00a0<\/span><a href=\"https:\/\/konfigurator.etnobotanika.eu\/\"><span style=\"font-weight: 400;\">https:\/\/konfigurator.etnobotanika.eu\/<\/span><\/a><\/p>\n<h2>PREDNOSTI<\/h2>\n<p><span style=\"font-weight: 400;\">Za razliku od kemijskih boja, boje za kosu na biljnoj bazi ne o\u0161te\u0107uju folikulu dlake i ne uni\u0161tavaju pigment u va\u0161oj kosi. Naprotiv \u2013 biljke blagotvorno djeluju na kosu i vlasi\u0161te, trajno boje kosu, hrane je i \u0161tite od UV zraka.<\/span><\/p>\n<h2>JAMSTVO KVALITETE<\/h2>\n<p><span style=\"font-weight: 400;\">Mlado li\u0161\u0107e indiga bere se ru\u010dno vi\u0161e puta godi\u0161nje, laboratorijski se provjerava sadr\u017eaj boje u li\u0161\u0107u, a zatim se biljka pohranjuje u obliku osu\u0161enog li\u0161\u0107a. Tijekom na\u0161e narud\u017ebe i prije mljevenja ponovno se provjerava sadr\u017eaj pigmenta u li\u0161\u0107u. Zatim, kako bi se sa\u010duvao pigment u biljci, listovi se hladno samelju u prah i pa\u017eljivo prosiju kroz 3 razli\u010dita sita. Na kraju vakumiramo samo najkvalitetniji prah. Prah se mo\u017ee mazati\/utrljati bez suvi\u0161nih dijelova peteljki i \u017eila u li\u0161\u0107u te bilo kakvih drugih dodataka (konzervansa, poja\u010diva\u010da i sl.).\u00a0<\/span><\/p>\n<p><span style=\"font-weight: 400;\">Pravilnim postupkom uzgoja i obrade biljke zadr\u017eava se dovoljan sadr\u017eaj boje u biljci, \u0161to zna\u010di trajnu i duboku boju na kosi.<\/span><\/p>\n<h2>UPUTE ZA UPORABU:<\/h2>\n<h3 class=\"custom-heading\">\u0160to trebamo?<\/h3>\n<ul>\n<li aria-level=\"1\">Adekvatna koli\u010dina amle<\/li>\n<li style=\"font-weight: 400;\" aria-level=\"1\"><span style=\"font-weight: 400;\">3x toliko teku\u0107ine \u010dija temperatura ne smije biti ve\u0107a od 40 \u00b0C<\/span><\/li>\n<li style=\"font-weight: 400;\" aria-level=\"1\"><span style=\"font-weight: 400;\">Posudu s poklopcem koja ne smije biti metalna (plasti\u010dna, staklena, kerami\u010dka)<\/span><\/li>\n<li style=\"font-weight: 400;\" aria-level=\"1\"><span style=\"font-weight: 400;\">Drvenu \u017elicu<\/span><\/li>\n<li style=\"font-weight: 400;\" aria-level=\"1\"><span style=\"font-weight: 400;\">Duplo rukavice i ogrta\u010d<\/span><\/li>\n<li style=\"font-weight: 400;\" aria-level=\"1\"><span style=\"font-weight: 400;\">Kist za nano\u0161enje smjese<\/span><\/li>\n<li style=\"font-weight: 400;\" aria-level=\"1\"><span style=\"font-weight: 400;\">Prozirnu foliju<\/span><\/li>\n<li style=\"font-weight: 400;\" aria-level=\"1\"><span style=\"font-weight: 400;\">Kuhinjski papirnati ru\u010dnik v roli<\/span><\/li>\n<\/ul>\n<h3>Kako pripremamo smjesu?<\/h3>\n<p><strong>NAPOMENA<\/strong>: Indigo se uvijek dodaje u smjesu neposredno prije bojanja, a NE 24 sata prije nano\u0161enja, kako je to uobi\u010dajeno kod drugih biljaka.<\/p>\n<p>U posudu istresemo odgovaraju\u0107u koli\u010dinu indiga u prahu i 3x toliko tople vode. Temperatura vode ne smije biti ve\u0107a od 40 \u00b0C. Mije\u0161ajte drvenom kuha\u010dom dok ne dobijete smjesu koja izgleda poput jogurta. Zatim smjesu indiga odmah dodajte u prethodno pripremljenu mje\u0161avinu ostalih biljaka i sve dobro promije\u0161ajte te odmah nanesite na kosu. Ako se prah indiga u potpunosti potro\u0161i, vre\u0107icu hermeti\u010dki zatvorite i \u010duvajte na suhom i tamnom mjestu.<\/p>\n<p><span style=\"font-weight: 400;\">Video prikaz:\u00a0<\/span><\/p>\n<p><iframe loading=\"lazy\" title=\"PREPARATION of Etnobotanika\u00ae herbal hair colors \/ PRIPRAVA rastlinskih barv za lase Etnobotanika\u00ae.\" width=\"500\" height=\"281\" src=\"https:\/\/www.youtube.com\/embed\/zdKoqGUTqDo?feature=oembed\" frameborder=\"0\" allow=\"accelerometer; autoplay; clipboard-write; encrypted-media; gyroscope; picture-in-picture; web-share\" referrerpolicy=\"strict-origin-when-cross-origin\" allowfullscreen><\/iframe><\/p>\n<h3>Kako smjesu nanosimo na kosu?<\/h3>\n<p>Smjesu uvijek nanosimo na suhu i opranu kosu.<\/p>\n<p>Ruke za\u0161titite za\u0161titnim rukavicama od lateksa i omotajte za\u0161titnu pelerinu oko ramena. Smjesu na vlasi\u0161te nanosimo silikonskom lopaticom. S nano\u0161enjem zapo\u010dinjemo na prednjem dijelu vlasi\u0161ta. Smjesa se nanosi u trakama koje su u razmaku od 1 cm. Nakon \u0161to smo zavr\u0161ili s nano\u0161enjem na prednji dio (od uha do uha), smjesu po\u010dinjemo nanositi na stra\u017enji dio vlasi\u0161ta, od tjemena prema vratu. Kod duge kose smjesu po du\u017eini nanosimo prstima. Nakon nano\u0161enja za\u0161titite podru\u010dje ko\u017ee uz tjeme s oko 5 cm \u0161irokom trakom od kuhinjskih papirnatih ru\u010dnika u roli. Kako se smjesa ne bi osu\u0161ila na tjemenu, glavu dodatno omotajte prozirnom folijom za hranu. Smjesu ostavimo da na vlasi\u0161tu djeluje 4 sata. Ako \u017eelite crnu boju kose, prvo obojite kosu kanom (provjerite cijeli proces bojanja kanom), a zatim obojite kosu \u010distim indigom. Indigo na kosi ostavite da djeluje do 2 sata.<\/p>\n<p><span style=\"font-weight: 400;\">Video prikaz:\u00a0<\/span><\/p>\n<p><iframe loading=\"lazy\" title=\"APPLICATION of Etnobotanika\u00ae herbal hair colours \/ NANOS rastlinskih barv za lase Etnobotanika\u00ae\" width=\"500\" height=\"281\" src=\"https:\/\/www.youtube.com\/embed\/84ug8T7S2n8?feature=oembed\" frameborder=\"0\" allow=\"accelerometer; autoplay; clipboard-write; encrypted-media; gyroscope; picture-in-picture; web-share\" referrerpolicy=\"strict-origin-when-cross-origin\" allowfullscreen><\/iframe><\/p>\n<h3>Kako isperemo smjesu s kose\/vlasi\u0161ta?<\/h3>\n<p>Nakon 4 sata skinite prozirnu foliju i isperite kosu dok sva smjesa ne iscuri iz nje. Zatim na kosu nanosimo \u0161ampon i dobro ga utrljamo \u010dime uklanjamo sve ostatke preostale smjese na vlasi\u0161tu. Zatim kosu isperemo i osu\u0161imo. Krajnji rezultati bojanja vidljivi su 48 sati nakon pranja.<\/p>\n<p>Vi\u0161e informacija mo\u017eete potra\u017eiti u video sadr\u017eaju na sljede\u0107oj poveznici:<br \/>\n<a href=\"https:\/\/www.etnobotanika.eu\/hr\/virtualna-knjiznica\/\" target=\"_blank\" rel=\"noopener\">www.etnobotanika.eu\/hr\/virtualna-knjiznica\/<\/a><\/p>\n<h3>Tehni\u010dni podaci:<\/h3>\n<p><b>LATINSKO IME: <\/b><a href=\"https:\/\/www.revivo.si\/indigo_50g\"><span style=\"font-weight: 400;\">Indigofera Tinctoria<\/span><\/a><\/p>\n<p><b><\/b><b>PAKIRANJE:\u00a0<\/b><span style=\"font-weight: 400;\">100 g<\/span><\/p>\n<p class=\"p1\"><b>PODRIJETLO<\/b><b>: <\/b><span style=\"font-weight: 400;\">Indija<\/span><\/p>\n<p class=\"p1\"><b>SASTOJCI<\/b><b>: <\/b><span style=\"font-weight: 400;\">Indigofera tinctoria powder<\/span><\/p>\n<p><strong>CERTIFIKATI:<\/strong><\/p>\n<p><img loading=\"lazy\" decoding=\"async\" class=\"alignnone wp-image-1837\" src=\"http:\/\/etnobotanika.eu\/wp-content\/uploads\/2016\/11\/prenos.png\" alt=\"\" width=\"109\" height=\"111\" \/> <img loading=\"lazy\" decoding=\"async\" class=\"alignnone wp-image-1835\" src=\"http:\/\/etnobotanika.eu\/wp-content\/uploads\/2016\/11\/ECOCERTCosmos-Organic-Q-300x300.jpg\" alt=\"\" width=\"112\" height=\"112\" srcset=\"https:\/\/www.etnobotanika.eu\/wp-content\/uploads\/2016\/11\/ECOCERTCosmos-Organic-Q-300x300.jpg 300w, https:\/\/www.etnobotanika.eu\/wp-content\/uploads\/2016\/11\/ECOCERTCosmos-Organic-Q-600x600.jpg 600w, https:\/\/www.etnobotanika.eu\/wp-content\/uploads\/2016\/11\/ECOCERTCosmos-Organic-Q-150x150.jpg 150w, https:\/\/www.etnobotanika.eu\/wp-content\/uploads\/2016\/11\/ECOCERTCosmos-Organic-Q.jpg 1200w, https:\/\/www.etnobotanika.eu\/wp-content\/uploads\/2016\/11\/ECOCERTCosmos-Organic-Q-768x768.jpg 768w, https:\/\/www.etnobotanika.eu\/wp-content\/uploads\/2016\/11\/ECOCERTCosmos-Organic-Q-1024x1024.jpg 1024w, https:\/\/www.etnobotanika.eu\/wp-content\/uploads\/2016\/11\/ECOCERTCosmos-Organic-Q-100x100.jpg 100w, https:\/\/www.etnobotanika.eu\/wp-content\/uploads\/2016\/11\/ECOCERTCosmos-Organic-Q-45x45.jpg 45w\" sizes=\"auto, (max-width: 112px) 100vw, 112px\" \/> <img loading=\"lazy\" decoding=\"async\" class=\"alignnone wp-image-1834\" src=\"http:\/\/etnobotanika.eu\/wp-content\/uploads\/2016\/11\/1441715859India-Organic-Logo-300x277.jpg\" alt=\"\" width=\"103\" height=\"96\" srcset=\"https:\/\/www.etnobotanika.eu\/wp-content\/uploads\/2016\/11\/1441715859India-Organic-Logo-300x277.jpg 300w, https:\/\/www.etnobotanika.eu\/wp-content\/uploads\/2016\/11\/1441715859India-Organic-Logo-600x554.jpg 600w, https:\/\/www.etnobotanika.eu\/wp-content\/uploads\/2016\/11\/1441715859India-Organic-Logo-150x139.jpg 150w, https:\/\/www.etnobotanika.eu\/wp-content\/uploads\/2016\/11\/1441715859India-Organic-Logo-1200x1109.jpg 1200w, https:\/\/www.etnobotanika.eu\/wp-content\/uploads\/2016\/11\/1441715859India-Organic-Logo-768x710.jpg 768w, https:\/\/www.etnobotanika.eu\/wp-content\/uploads\/2016\/11\/1441715859India-Organic-Logo-1024x946.jpg 1024w, https:\/\/www.etnobotanika.eu\/wp-content\/uploads\/2016\/11\/1441715859India-Organic-Logo.jpg 1421w\" sizes=\"auto, (max-width: 103px) 100vw, 103px\" \/><img loading=\"lazy\" decoding=\"async\" class=\"alignnone wp-image-1803\" src=\"http:\/\/etnobotanika.eu\/wp-content\/uploads\/2017\/09\/Cruelty-Free-International-285x300.jpg\" alt=\"\" width=\"103\" height=\"109\" srcset=\"https:\/\/www.etnobotanika.eu\/wp-content\/uploads\/2017\/09\/Cruelty-Free-International-285x300.jpg 285w, https:\/\/www.etnobotanika.eu\/wp-content\/uploads\/2017\/09\/Cruelty-Free-International-150x158.jpg 150w, https:\/\/www.etnobotanika.eu\/wp-content\/uploads\/2017\/09\/Cruelty-Free-International-100x105.jpg 100w, https:\/\/www.etnobotanika.eu\/wp-content\/uploads\/2017\/09\/Cruelty-Free-International.jpg 300w\" sizes=\"auto, (max-width: 103px) 100vw, 103px\" \/><img loading=\"lazy\" decoding=\"async\" class=\"alignnone wp-image-1803\" src=\"https:\/\/www.etnobotanika.eu\/wp-content\/uploads\/2021\/03\/ecogea300x300.png\" alt=\"\" width=\"103\" height=\"109\" \/><\/p>\n<p>&nbsp;<\/p>\n","protected":false},"excerpt":{"rendered":"<p><span style=\"font-weight: 400;\">Etnobotani\u010dki organski indigo prah, za prirodno bojanje kose, koristi se u kombinaciji s kanom -za dobivanje<\/span> razne nijanse sme\u0111e ili crne boje kose. <span style=\"font-weight: 400;\">Zajedno s kanom pretvara se u prekrasnu smjesu koja trajno mo\u017ee obojati i najtvrdokorniju sijedu kosu.<\/span><\/p>\n","protected":false},"featured_media":34768,"comment_status":"open","ping_status":"closed","template":"","meta":{"_acf_changed":false,"footnotes":""},"product_brand":[],"product_cat":[213,212],"product_tag":[214],"class_list":{"0":"post-33127","1":"product","2":"type-product","3":"status-publish","4":"has-post-thumbnail","6":"product_cat-za-kosu","7":"product_cat-prirodne-biljne-boje-za-kosu","8":"product_tag-bojanje-kose-hr","10":"first","11":"instock","12":"taxable","13":"shipping-taxable","14":"purchasable","15":"product-type-simple"},"acf":[],"yoast_head":"<!-- This site is optimized with the Yoast SEO plugin v27.3 - https:\/\/yoast.com\/product\/yoast-seo-wordpress\/ -->\n<title>Prirodni indigo za kosu - Etnobotanika<\/title>\n<meta name=\"description\" content=\"Ekolo\u0161ki indigo za kosu koristi se kao boja zajedno s KANOM i\/ili SENOM za razli\u010dite nijanse sme\u0111e kose, ali nikada samostalno.\" \/>\n<meta name=\"robots\" content=\"index, follow, max-snippet:-1, max-image-preview:large, max-video-preview:-1\" \/>\n<link rel=\"canonical\" href=\"https:\/\/www.etnobotanika.eu\/hr\/proizvod\/prirodni-indigo-za-kosu\/\" \/>\n<meta property=\"og:locale\" content=\"hr_HR\" \/>\n<meta property=\"og:type\" content=\"article\" \/>\n<meta property=\"og:title\" content=\"Prirodni indigo za kosu - Etnobotanika\" \/>\n<meta property=\"og:description\" content=\"Ekolo\u0161ki indigo za kosu koristi se kao boja zajedno s KANOM i\/ili SENOM za razli\u010dite nijanse sme\u0111e kose, ali nikada samostalno.\" \/>\n<meta property=\"og:url\" content=\"https:\/\/www.etnobotanika.eu\/hr\/proizvod\/prirodni-indigo-za-kosu\/\" \/>\n<meta property=\"og:site_name\" content=\"Etnobotanika\" \/>\n<meta property=\"article:modified_time\" content=\"2024-07-02T11:48:59+00:00\" \/>\n<meta property=\"og:image\" content=\"https:\/\/www.etnobotanika.eu\/wp-content\/uploads\/2023\/12\/Indigo-e1709208798637.jpg\" \/>\n\t<meta property=\"og:image:width\" content=\"1368\" \/>\n\t<meta property=\"og:image:height\" content=\"882\" \/>\n\t<meta property=\"og:image:type\" content=\"image\/jpeg\" \/>\n<meta name=\"twitter:card\" content=\"summary_large_image\" \/>\n<meta name=\"twitter:label1\" content=\"Procijenjeno vrijeme \u010ditanja\" \/>\n\t<meta name=\"twitter:data1\" content=\"5 minuta\" \/>\n<script type=\"application\/ld+json\" class=\"yoast-schema-graph\">{\"@context\":\"https:\\\/\\\/schema.org\",\"@graph\":[{\"@type\":\"WebPage\",\"@id\":\"https:\\\/\\\/www.etnobotanika.eu\\\/hr\\\/proizvod\\\/prirodni-indigo-za-kosu\\\/\",\"url\":\"https:\\\/\\\/www.etnobotanika.eu\\\/hr\\\/proizvod\\\/prirodni-indigo-za-kosu\\\/\",\"name\":\"Prirodni indigo za kosu - Etnobotanika\",\"isPartOf\":{\"@id\":\"https:\\\/\\\/www.etnobotanika.eu\\\/hr\\\/#website\"},\"primaryImageOfPage\":{\"@id\":\"https:\\\/\\\/www.etnobotanika.eu\\\/hr\\\/proizvod\\\/prirodni-indigo-za-kosu\\\/#primaryimage\"},\"image\":{\"@id\":\"https:\\\/\\\/www.etnobotanika.eu\\\/hr\\\/proizvod\\\/prirodni-indigo-za-kosu\\\/#primaryimage\"},\"thumbnailUrl\":\"https:\\\/\\\/www.etnobotanika.eu\\\/wp-content\\\/uploads\\\/2023\\\/12\\\/Indigo-e1709208798637.jpg\",\"datePublished\":\"2023-12-11T03:07:56+00:00\",\"dateModified\":\"2024-07-02T11:48:59+00:00\",\"description\":\"Ekolo\u0161ki indigo za kosu koristi se kao boja zajedno s KANOM i\\\/ili SENOM za razli\u010dite nijanse sme\u0111e kose, ali nikada samostalno.\",\"breadcrumb\":{\"@id\":\"https:\\\/\\\/www.etnobotanika.eu\\\/hr\\\/proizvod\\\/prirodni-indigo-za-kosu\\\/#breadcrumb\"},\"inLanguage\":\"hr\",\"potentialAction\":[{\"@type\":\"ReadAction\",\"target\":[\"https:\\\/\\\/www.etnobotanika.eu\\\/hr\\\/proizvod\\\/prirodni-indigo-za-kosu\\\/\"]}]},{\"@type\":\"ImageObject\",\"inLanguage\":\"hr\",\"@id\":\"https:\\\/\\\/www.etnobotanika.eu\\\/hr\\\/proizvod\\\/prirodni-indigo-za-kosu\\\/#primaryimage\",\"url\":\"https:\\\/\\\/www.etnobotanika.eu\\\/wp-content\\\/uploads\\\/2023\\\/12\\\/Indigo-e1709208798637.jpg\",\"contentUrl\":\"https:\\\/\\\/www.etnobotanika.eu\\\/wp-content\\\/uploads\\\/2023\\\/12\\\/Indigo-e1709208798637.jpg\",\"width\":1368,\"height\":882},{\"@type\":\"BreadcrumbList\",\"@id\":\"https:\\\/\\\/www.etnobotanika.eu\\\/hr\\\/proizvod\\\/prirodni-indigo-za-kosu\\\/#breadcrumb\",\"itemListElement\":[{\"@type\":\"ListItem\",\"position\":1,\"name\":\"Home\",\"item\":\"https:\\\/\\\/www.etnobotanika.eu\\\/hr\\\/\"},{\"@type\":\"ListItem\",\"position\":2,\"name\":\"Trgovina\",\"item\":\"https:\\\/\\\/www.etnobotanika.eu\\\/hr\\\/trgovina\\\/\"},{\"@type\":\"ListItem\",\"position\":3,\"name\":\"PRIRODNI INDIGO ZA KOSU\"}]},{\"@type\":\"WebSite\",\"@id\":\"https:\\\/\\\/www.etnobotanika.eu\\\/hr\\\/#website\",\"url\":\"https:\\\/\\\/www.etnobotanika.eu\\\/hr\\\/\",\"name\":\"Etnobotanika\",\"description\":\"Naravna rastlinska barvila in negovala za lase\",\"potentialAction\":[{\"@type\":\"SearchAction\",\"target\":{\"@type\":\"EntryPoint\",\"urlTemplate\":\"https:\\\/\\\/www.etnobotanika.eu\\\/hr\\\/?s={search_term_string}\"},\"query-input\":{\"@type\":\"PropertyValueSpecification\",\"valueRequired\":true,\"valueName\":\"search_term_string\"}}],\"inLanguage\":\"hr\"}]}<\/script>\n<!-- \/ Yoast SEO plugin. -->","yoast_head_json":{"title":"Prirodni indigo za kosu - Etnobotanika","description":"Ekolo\u0161ki indigo za kosu koristi se kao boja zajedno s KANOM i\/ili SENOM za razli\u010dite nijanse sme\u0111e kose, ali nikada samostalno.","robots":{"index":"index","follow":"follow","max-snippet":"max-snippet:-1","max-image-preview":"max-image-preview:large","max-video-preview":"max-video-preview:-1"},"canonical":"https:\/\/www.etnobotanika.eu\/hr\/proizvod\/prirodni-indigo-za-kosu\/","og_locale":"hr_HR","og_type":"article","og_title":"Prirodni indigo za kosu - Etnobotanika","og_description":"Ekolo\u0161ki indigo za kosu koristi se kao boja zajedno s KANOM i\/ili SENOM za razli\u010dite nijanse sme\u0111e kose, ali nikada samostalno.","og_url":"https:\/\/www.etnobotanika.eu\/hr\/proizvod\/prirodni-indigo-za-kosu\/","og_site_name":"Etnobotanika","article_modified_time":"2024-07-02T11:48:59+00:00","og_image":[{"width":1368,"height":882,"url":"https:\/\/www.etnobotanika.eu\/wp-content\/uploads\/2023\/12\/Indigo-e1709208798637.jpg","type":"image\/jpeg"}],"twitter_card":"summary_large_image","twitter_misc":{"Procijenjeno vrijeme \u010ditanja":"5 minuta"},"schema":{"@context":"https:\/\/schema.org","@graph":[{"@type":"WebPage","@id":"https:\/\/www.etnobotanika.eu\/hr\/proizvod\/prirodni-indigo-za-kosu\/","url":"https:\/\/www.etnobotanika.eu\/hr\/proizvod\/prirodni-indigo-za-kosu\/","name":"Prirodni indigo za kosu - Etnobotanika","isPartOf":{"@id":"https:\/\/www.etnobotanika.eu\/hr\/#website"},"primaryImageOfPage":{"@id":"https:\/\/www.etnobotanika.eu\/hr\/proizvod\/prirodni-indigo-za-kosu\/#primaryimage"},"image":{"@id":"https:\/\/www.etnobotanika.eu\/hr\/proizvod\/prirodni-indigo-za-kosu\/#primaryimage"},"thumbnailUrl":"https:\/\/www.etnobotanika.eu\/wp-content\/uploads\/2023\/12\/Indigo-e1709208798637.jpg","datePublished":"2023-12-11T03:07:56+00:00","dateModified":"2024-07-02T11:48:59+00:00","description":"Ekolo\u0161ki indigo za kosu koristi se kao boja zajedno s KANOM i\/ili SENOM za razli\u010dite nijanse sme\u0111e kose, ali nikada samostalno.","breadcrumb":{"@id":"https:\/\/www.etnobotanika.eu\/hr\/proizvod\/prirodni-indigo-za-kosu\/#breadcrumb"},"inLanguage":"hr","potentialAction":[{"@type":"ReadAction","target":["https:\/\/www.etnobotanika.eu\/hr\/proizvod\/prirodni-indigo-za-kosu\/"]}]},{"@type":"ImageObject","inLanguage":"hr","@id":"https:\/\/www.etnobotanika.eu\/hr\/proizvod\/prirodni-indigo-za-kosu\/#primaryimage","url":"https:\/\/www.etnobotanika.eu\/wp-content\/uploads\/2023\/12\/Indigo-e1709208798637.jpg","contentUrl":"https:\/\/www.etnobotanika.eu\/wp-content\/uploads\/2023\/12\/Indigo-e1709208798637.jpg","width":1368,"height":882},{"@type":"BreadcrumbList","@id":"https:\/\/www.etnobotanika.eu\/hr\/proizvod\/prirodni-indigo-za-kosu\/#breadcrumb","itemListElement":[{"@type":"ListItem","position":1,"name":"Home","item":"https:\/\/www.etnobotanika.eu\/hr\/"},{"@type":"ListItem","position":2,"name":"Trgovina","item":"https:\/\/www.etnobotanika.eu\/hr\/trgovina\/"},{"@type":"ListItem","position":3,"name":"PRIRODNI INDIGO ZA KOSU"}]},{"@type":"WebSite","@id":"https:\/\/www.etnobotanika.eu\/hr\/#website","url":"https:\/\/www.etnobotanika.eu\/hr\/","name":"Etnobotanika","description":"Naravna rastlinska barvila in negovala za lase","potentialAction":[{"@type":"SearchAction","target":{"@type":"EntryPoint","urlTemplate":"https:\/\/www.etnobotanika.eu\/hr\/?s={search_term_string}"},"query-input":{"@type":"PropertyValueSpecification","valueRequired":true,"valueName":"search_term_string"}}],"inLanguage":"hr"}]}},"_links":{"self":[{"href":"https:\/\/www.etnobotanika.eu\/hr\/wp-json\/wp\/v2\/product\/33127","targetHints":{"allow":["GET"]}}],"collection":[{"href":"https:\/\/www.etnobotanika.eu\/hr\/wp-json\/wp\/v2\/product"}],"about":[{"href":"https:\/\/www.etnobotanika.eu\/hr\/wp-json\/wp\/v2\/types\/product"}],"replies":[{"embeddable":true,"href":"https:\/\/www.etnobotanika.eu\/hr\/wp-json\/wp\/v2\/comments?post=33127"}],"version-history":[{"count":4,"href":"https:\/\/www.etnobotanika.eu\/hr\/wp-json\/wp\/v2\/product\/33127\/revisions"}],"predecessor-version":[{"id":37576,"href":"https:\/\/www.etnobotanika.eu\/hr\/wp-json\/wp\/v2\/product\/33127\/revisions\/37576"}],"wp:featuredmedia":[{"embeddable":true,"href":"https:\/\/www.etnobotanika.eu\/hr\/wp-json\/wp\/v2\/media\/34768"}],"wp:attachment":[{"href":"https:\/\/www.etnobotanika.eu\/hr\/wp-json\/wp\/v2\/media?parent=33127"}],"wp:term":[{"taxonomy":"product_brand","embeddable":true,"href":"https:\/\/www.etnobotanika.eu\/hr\/wp-json\/wp\/v2\/product_brand?post=33127"},{"taxonomy":"product_cat","embeddable":true,"href":"https:\/\/www.etnobotanika.eu\/hr\/wp-json\/wp\/v2\/product_cat?post=33127"},{"taxonomy":"product_tag","embeddable":true,"href":"https:\/\/www.etnobotanika.eu\/hr\/wp-json\/wp\/v2\/product_tag?post=33127"}],"curies":[{"name":"wp","href":"https:\/\/api.w.org\/{rel}","templated":true}]}}