{"id":33128,"date":"2023-12-11T04:10:25","date_gmt":"2023-12-11T03:10:25","guid":{"rendered":"https:\/\/www.etnobotanika.eu\/izdelek\/reciklirana-razprsilka-200-ml\/"},"modified":"2024-07-02T10:32:04","modified_gmt":"2024-07-02T08:32:04","slug":"rasprsivac-200-ml","status":"publish","type":"product","link":"https:\/\/www.etnobotanika.eu\/hr\/proizvod\/rasprsivac-200-ml\/","title":{"rendered":"RASPR\u0160IVA\u010c 200 ml"},"content":{"rendered":"<p><strong>Predvsem pripro\u010damo za uporabo razpr\u0161ilke za <a href=\"https:\/\/www.etnobotanika.eu\/hr\/kategorija-proizvoda\/za-kozu\/hidrolati-za-kozu\/\">hidrolate<\/a>:<\/strong><\/p>\n<p><strong><a class=\"row-title\" href=\"https:\/\/www.etnobotanika.eu\/hr\/izdelek\/ekoloski-hidrolat-ruzmarina\/\">Ekolo\u0161ki hidrolat ru\u017emarina<\/a><\/strong><\/p>\n<p><strong><a class=\"row-title\" href=\"https:\/\/www.etnobotanika.eu\/hr\/izdelek\/ekoloski-hidrolat-kadulje\/\">Ekolo\u0161ki hidrolat kadulje<\/a><\/strong><\/p>\n<p><strong><a class=\"row-title\" href=\"https:\/\/www.etnobotanika.eu\/hr\/izdelek\/ekoloski-hidrolat-ruza\/\">Ekolo\u0161ki hidrolat ru\u017ea<\/a><\/strong><\/p>\n<p><strong><a href=\"https:\/\/www.etnobotanika.eu\/hr\/proizvod\/prirodni-hidrolat-kamilica\/\">Ekolo\u0161ki hidrolat kamilica<\/a><\/strong><\/p>\n<p><strong><a href=\"https:\/\/www.etnobotanika.eu\/hr\/izdelek\/ekoloski-hidrolat-paprene-metvice\/\">Ekolo\u0161ki hidrolat Poprova Meta<\/a><\/strong><\/p>\n<p>&nbsp;<\/p>\n<h2>Tehni\u010dki podaci:<\/h2>\n<p><b>KAPACITET: <\/b><span style=\"font-weight: 400;\">200 ml<\/span><\/p>\n<p><b>PODRIJETLO: <\/b><span style=\"font-weight: 400;\">Italija<\/span><\/p>\n<p><b>SASTAV: <\/b><span style=\"font-weight: 400;\">recikliran HDPE material<\/span><\/p>\n","protected":false},"excerpt":{"rendered":"<p>Li\u010dna, trajnostna in vsestransko uporabna razpr\u0161ilka iz recikliranega HDPE materiala in pokrov\u010dka iz<br \/>\nbambusa.<\/p>\n","protected":false},"featured_media":31893,"comment_status":"open","ping_status":"closed","template":"","meta":{"_acf_changed":false,"footnotes":""},"product_brand":[],"product_cat":[201],"product_tag":[216,217,215],"class_list":{"0":"post-33128","1":"product","2":"type-product","3":"status-publish","4":"has-post-thumbnail","6":"product_cat-pomagala","7":"product_tag-razprsivac-hr","8":"product_tag-razprsivac-za-hidrolat-hr","9":"product_tag-razprsivac-za-ulje-hr","11":"first","12":"instock","13":"taxable","14":"shipping-taxable","15":"purchasable","16":"product-type-simple"},"acf":[],"yoast_head":"<!-- This site is optimized with the Yoast SEO plugin v27.3 - https:\/\/yoast.com\/product\/yoast-seo-wordpress\/ -->\n<title>Raspr\u0161iva\u010d 200 ml - Etnobotanika<\/title>\n<meta name=\"description\" content=\"Raspr\u0161iva\u010d 200 ml - Prakti\u010dna razpr\u0161ilka za hidrolate: Kapacitet 200 ml, izra\u0111ena od recikliranog HDPE materijala.\" \/>\n<meta name=\"robots\" content=\"index, follow, max-snippet:-1, max-image-preview:large, max-video-preview:-1\" \/>\n<link rel=\"canonical\" href=\"https:\/\/www.etnobotanika.eu\/hr\/proizvod\/rasprsivac-200-ml\/\" \/>\n<meta property=\"og:locale\" content=\"hr_HR\" \/>\n<meta property=\"og:type\" content=\"article\" \/>\n<meta property=\"og:title\" content=\"Raspr\u0161iva\u010d 200 ml - Etnobotanika\" \/>\n<meta property=\"og:description\" content=\"Raspr\u0161iva\u010d 200 ml - Prakti\u010dna razpr\u0161ilka za hidrolate: Kapacitet 200 ml, izra\u0111ena od recikliranog HDPE materijala.\" \/>\n<meta property=\"og:url\" content=\"https:\/\/www.etnobotanika.eu\/hr\/proizvod\/rasprsivac-200-ml\/\" \/>\n<meta property=\"og:site_name\" content=\"Etnobotanika\" \/>\n<meta property=\"article:modified_time\" content=\"2024-07-02T08:32:04+00:00\" \/>\n<meta property=\"og:image\" content=\"https:\/\/www.etnobotanika.eu\/wp-content\/uploads\/2023\/12\/800x800.png\" \/>\n\t<meta property=\"og:image:width\" content=\"800\" \/>\n\t<meta property=\"og:image:height\" content=\"800\" \/>\n\t<meta property=\"og:image:type\" content=\"image\/png\" \/>\n<meta name=\"twitter:card\" content=\"summary_large_image\" \/>\n<meta name=\"twitter:label1\" content=\"Procijenjeno vrijeme \u010ditanja\" \/>\n\t<meta name=\"twitter:data1\" content=\"1 minuta\" \/>\n<script type=\"application\/ld+json\" class=\"yoast-schema-graph\">{\"@context\":\"https:\\\/\\\/schema.org\",\"@graph\":[{\"@type\":\"WebPage\",\"@id\":\"https:\\\/\\\/www.etnobotanika.eu\\\/hr\\\/proizvod\\\/rasprsivac-200-ml\\\/\",\"url\":\"https:\\\/\\\/www.etnobotanika.eu\\\/hr\\\/proizvod\\\/rasprsivac-200-ml\\\/\",\"name\":\"Raspr\u0161iva\u010d 200 ml - Etnobotanika\",\"isPartOf\":{\"@id\":\"https:\\\/\\\/www.etnobotanika.eu\\\/hr\\\/#website\"},\"primaryImageOfPage\":{\"@id\":\"https:\\\/\\\/www.etnobotanika.eu\\\/hr\\\/proizvod\\\/rasprsivac-200-ml\\\/#primaryimage\"},\"image\":{\"@id\":\"https:\\\/\\\/www.etnobotanika.eu\\\/hr\\\/proizvod\\\/rasprsivac-200-ml\\\/#primaryimage\"},\"thumbnailUrl\":\"https:\\\/\\\/www.etnobotanika.eu\\\/wp-content\\\/uploads\\\/2023\\\/12\\\/800x800.png\",\"datePublished\":\"2023-12-11T03:10:25+00:00\",\"dateModified\":\"2024-07-02T08:32:04+00:00\",\"description\":\"Raspr\u0161iva\u010d 200 ml - Prakti\u010dna razpr\u0161ilka za hidrolate: Kapacitet 200 ml, izra\u0111ena od recikliranog HDPE materijala.\",\"breadcrumb\":{\"@id\":\"https:\\\/\\\/www.etnobotanika.eu\\\/hr\\\/proizvod\\\/rasprsivac-200-ml\\\/#breadcrumb\"},\"inLanguage\":\"hr\",\"potentialAction\":[{\"@type\":\"ReadAction\",\"target\":[\"https:\\\/\\\/www.etnobotanika.eu\\\/hr\\\/proizvod\\\/rasprsivac-200-ml\\\/\"]}]},{\"@type\":\"ImageObject\",\"inLanguage\":\"hr\",\"@id\":\"https:\\\/\\\/www.etnobotanika.eu\\\/hr\\\/proizvod\\\/rasprsivac-200-ml\\\/#primaryimage\",\"url\":\"https:\\\/\\\/www.etnobotanika.eu\\\/wp-content\\\/uploads\\\/2023\\\/12\\\/800x800.png\",\"contentUrl\":\"https:\\\/\\\/www.etnobotanika.eu\\\/wp-content\\\/uploads\\\/2023\\\/12\\\/800x800.png\",\"width\":800,\"height\":800},{\"@type\":\"BreadcrumbList\",\"@id\":\"https:\\\/\\\/www.etnobotanika.eu\\\/hr\\\/proizvod\\\/rasprsivac-200-ml\\\/#breadcrumb\",\"itemListElement\":[{\"@type\":\"ListItem\",\"position\":1,\"name\":\"Home\",\"item\":\"https:\\\/\\\/www.etnobotanika.eu\\\/hr\\\/\"},{\"@type\":\"ListItem\",\"position\":2,\"name\":\"Trgovina\",\"item\":\"https:\\\/\\\/www.etnobotanika.eu\\\/hr\\\/trgovina\\\/\"},{\"@type\":\"ListItem\",\"position\":3,\"name\":\"RASPR\u0160IVA\u010c 200 ml\"}]},{\"@type\":\"WebSite\",\"@id\":\"https:\\\/\\\/www.etnobotanika.eu\\\/hr\\\/#website\",\"url\":\"https:\\\/\\\/www.etnobotanika.eu\\\/hr\\\/\",\"name\":\"Etnobotanika\",\"description\":\"Naravna rastlinska barvila in negovala za lase\",\"potentialAction\":[{\"@type\":\"SearchAction\",\"target\":{\"@type\":\"EntryPoint\",\"urlTemplate\":\"https:\\\/\\\/www.etnobotanika.eu\\\/hr\\\/?s={search_term_string}\"},\"query-input\":{\"@type\":\"PropertyValueSpecification\",\"valueRequired\":true,\"valueName\":\"search_term_string\"}}],\"inLanguage\":\"hr\"}]}<\/script>\n<!-- \/ Yoast SEO plugin. -->","yoast_head_json":{"title":"Raspr\u0161iva\u010d 200 ml - Etnobotanika","description":"Raspr\u0161iva\u010d 200 ml - Prakti\u010dna razpr\u0161ilka za hidrolate: Kapacitet 200 ml, izra\u0111ena od recikliranog HDPE materijala.","robots":{"index":"index","follow":"follow","max-snippet":"max-snippet:-1","max-image-preview":"max-image-preview:large","max-video-preview":"max-video-preview:-1"},"canonical":"https:\/\/www.etnobotanika.eu\/hr\/proizvod\/rasprsivac-200-ml\/","og_locale":"hr_HR","og_type":"article","og_title":"Raspr\u0161iva\u010d 200 ml - Etnobotanika","og_description":"Raspr\u0161iva\u010d 200 ml - Prakti\u010dna razpr\u0161ilka za hidrolate: Kapacitet 200 ml, izra\u0111ena od recikliranog HDPE materijala.","og_url":"https:\/\/www.etnobotanika.eu\/hr\/proizvod\/rasprsivac-200-ml\/","og_site_name":"Etnobotanika","article_modified_time":"2024-07-02T08:32:04+00:00","og_image":[{"width":800,"height":800,"url":"https:\/\/www.etnobotanika.eu\/wp-content\/uploads\/2023\/12\/800x800.png","type":"image\/png"}],"twitter_card":"summary_large_image","twitter_misc":{"Procijenjeno vrijeme \u010ditanja":"1 minuta"},"schema":{"@context":"https:\/\/schema.org","@graph":[{"@type":"WebPage","@id":"https:\/\/www.etnobotanika.eu\/hr\/proizvod\/rasprsivac-200-ml\/","url":"https:\/\/www.etnobotanika.eu\/hr\/proizvod\/rasprsivac-200-ml\/","name":"Raspr\u0161iva\u010d 200 ml - Etnobotanika","isPartOf":{"@id":"https:\/\/www.etnobotanika.eu\/hr\/#website"},"primaryImageOfPage":{"@id":"https:\/\/www.etnobotanika.eu\/hr\/proizvod\/rasprsivac-200-ml\/#primaryimage"},"image":{"@id":"https:\/\/www.etnobotanika.eu\/hr\/proizvod\/rasprsivac-200-ml\/#primaryimage"},"thumbnailUrl":"https:\/\/www.etnobotanika.eu\/wp-content\/uploads\/2023\/12\/800x800.png","datePublished":"2023-12-11T03:10:25+00:00","dateModified":"2024-07-02T08:32:04+00:00","description":"Raspr\u0161iva\u010d 200 ml - Prakti\u010dna razpr\u0161ilka za hidrolate: Kapacitet 200 ml, izra\u0111ena od recikliranog HDPE materijala.","breadcrumb":{"@id":"https:\/\/www.etnobotanika.eu\/hr\/proizvod\/rasprsivac-200-ml\/#breadcrumb"},"inLanguage":"hr","potentialAction":[{"@type":"ReadAction","target":["https:\/\/www.etnobotanika.eu\/hr\/proizvod\/rasprsivac-200-ml\/"]}]},{"@type":"ImageObject","inLanguage":"hr","@id":"https:\/\/www.etnobotanika.eu\/hr\/proizvod\/rasprsivac-200-ml\/#primaryimage","url":"https:\/\/www.etnobotanika.eu\/wp-content\/uploads\/2023\/12\/800x800.png","contentUrl":"https:\/\/www.etnobotanika.eu\/wp-content\/uploads\/2023\/12\/800x800.png","width":800,"height":800},{"@type":"BreadcrumbList","@id":"https:\/\/www.etnobotanika.eu\/hr\/proizvod\/rasprsivac-200-ml\/#breadcrumb","itemListElement":[{"@type":"ListItem","position":1,"name":"Home","item":"https:\/\/www.etnobotanika.eu\/hr\/"},{"@type":"ListItem","position":2,"name":"Trgovina","item":"https:\/\/www.etnobotanika.eu\/hr\/trgovina\/"},{"@type":"ListItem","position":3,"name":"RASPR\u0160IVA\u010c 200 ml"}]},{"@type":"WebSite","@id":"https:\/\/www.etnobotanika.eu\/hr\/#website","url":"https:\/\/www.etnobotanika.eu\/hr\/","name":"Etnobotanika","description":"Naravna rastlinska barvila in negovala za lase","potentialAction":[{"@type":"SearchAction","target":{"@type":"EntryPoint","urlTemplate":"https:\/\/www.etnobotanika.eu\/hr\/?s={search_term_string}"},"query-input":{"@type":"PropertyValueSpecification","valueRequired":true,"valueName":"search_term_string"}}],"inLanguage":"hr"}]}},"_links":{"self":[{"href":"https:\/\/www.etnobotanika.eu\/hr\/wp-json\/wp\/v2\/product\/33128","targetHints":{"allow":["GET"]}}],"collection":[{"href":"https:\/\/www.etnobotanika.eu\/hr\/wp-json\/wp\/v2\/product"}],"about":[{"href":"https:\/\/www.etnobotanika.eu\/hr\/wp-json\/wp\/v2\/types\/product"}],"replies":[{"embeddable":true,"href":"https:\/\/www.etnobotanika.eu\/hr\/wp-json\/wp\/v2\/comments?post=33128"}],"version-history":[{"count":2,"href":"https:\/\/www.etnobotanika.eu\/hr\/wp-json\/wp\/v2\/product\/33128\/revisions"}],"predecessor-version":[{"id":37570,"href":"https:\/\/www.etnobotanika.eu\/hr\/wp-json\/wp\/v2\/product\/33128\/revisions\/37570"}],"wp:featuredmedia":[{"embeddable":true,"href":"https:\/\/www.etnobotanika.eu\/hr\/wp-json\/wp\/v2\/media\/31893"}],"wp:attachment":[{"href":"https:\/\/www.etnobotanika.eu\/hr\/wp-json\/wp\/v2\/media?parent=33128"}],"wp:term":[{"taxonomy":"product_brand","embeddable":true,"href":"https:\/\/www.etnobotanika.eu\/hr\/wp-json\/wp\/v2\/product_brand?post=33128"},{"taxonomy":"product_cat","embeddable":true,"href":"https:\/\/www.etnobotanika.eu\/hr\/wp-json\/wp\/v2\/product_cat?post=33128"},{"taxonomy":"product_tag","embeddable":true,"href":"https:\/\/www.etnobotanika.eu\/hr\/wp-json\/wp\/v2\/product_tag?post=33128"}],"curies":[{"name":"wp","href":"https:\/\/api.w.org\/{rel}","templated":true}]}}