{"id":33159,"date":"2023-12-11T04:07:56","date_gmt":"2023-12-11T03:07:56","guid":{"rendered":"https:\/\/www.etnobotanika.eu\/izdelek\/amla\/"},"modified":"2024-07-02T10:50:05","modified_gmt":"2024-07-02T08:50:05","slug":"prirodna-amla","status":"publish","type":"product","link":"https:\/\/www.etnobotanika.eu\/hr\/proizvod\/prirodna-amla\/","title":{"rendered":"PRIRODNA AMLA"},"content":{"rendered":"<p><span style=\"font-weight: 400;\">Zreli plodovi amle ru\u010dno se beru i su\u0161e, a zatim se posebnim mlinovima hladno melju u prah. Pra\u0161ak se zajedno s ohla\u0111enom i prokuhanom vodom ili \u010dajem priprema u smjesu koja izgleda kao jogurt i ista se nanosi na kosu ili skalp.<\/span><\/p>\n<p><span style=\"font-weight: 400;\">Etnobotanika ekolo\u0161ka amla u prahu va\u017ena je biljka u ajurvedi. Prema tradicionalnim ayurvedskim tekstovima, koriste se i svje\u017ei i su\u0161eni plodovi amle. U slu\u010daju Amla Ethnobotanika, osu\u0161eni plodovi amle se melju i prosiju kroz tri razli\u010dita sita, tako da dobijemo ovaj tzv. najkvalitetniji prah biljke Amla za &#8220;body art&#8221;.<\/span><\/p>\n<h2>RAZLI\u010cITE NIJANSE NA KOSI:<\/h2>\n<p><span style=\"font-weight: 400;\">Kako bi se dobile razli\u010dite nijanse boje za kosu, savr\u0161eno se kombinira s drugim biljnim bojama kao \u0161to su\u00a0<\/span><a href=\"https:\/\/www.etnobotanika.eu\/hr\/izdelek\/prirodni-indigo-za-kosu\/\"><span style=\"font-weight: 400;\">INDIGO<\/span><\/a><span style=\"font-weight: 400;\">,\u00a0<\/span><a href=\"https:\/\/www.etnobotanika.eu\/hr\/izdelek\/prirodna-sena-za-kosu\/\"><span style=\"font-weight: 400;\">SENA<\/span><\/a><span style=\"font-weight: 400;\">, <a href=\"https:\/\/www.etnobotanika.eu\/hr\/izdelek\/prirodna-kana-za-kosu\/\">KANA<\/a> i\u00a0<\/span><a href=\"https:\/\/www.etnobotanika.eu\/hr\/izdelek\/prirodni-hibiskus\/\"><span style=\"font-weight: 400;\">HIBISKUS<\/span><\/a><span style=\"font-weight: 400;\">.\u00a0 Posjetite online konfigurator boja za kosu kako biste prona\u0161li primjerenu recepturu odgovaraju\u0107u konfiguraciju za svoju:\u00a0<\/span><a href=\"https:\/\/konfigurator.etnobotanika.eu\/\"><span style=\"font-weight: 400;\">https:\/\/konfigurator.etnobotanika.eu\/<\/span><\/a><span style=\"font-weight: 400;\">.<\/span><\/p>\n<h2>JAMSTVO KVALITETE<\/h2>\n<p><span style=\"font-weight: 400;\">Zrelo vo\u0107e amle bere se ru\u010dno. U laboratoriju provjeravamo sadr\u017eaj sastojaka i zatim skladi\u0161timo osu\u0161eno vo\u0107e.\u00a0 Tijekom narud\u017ebe i prije mljevenja ponovno se provjerava sadr\u017eaj sastojaka u vo\u0107u. Zatim, kako bi se sa\u010duvao pigment u biljci, vo\u0107e se hladno samelje u prah i pa\u017eljivo prosije jo\u0161 kroz 3 razli\u010dita sita. Na kraju vakumski pakiramo samo najkvalitetniji prah. Prah se mo\u017ee mazati i nema nikakvih kakvih drugih dodataka (konzervansa, poja\u010diva\u010da i sl.).\u00a0<\/span><\/p>\n<p><span style=\"font-weight: 400;\">100 % ekolo\u0161ka amla Etnobotanika u \u201cbody art\u201d kvaliteti koristi se kao:\u00a0<\/span><\/p>\n<p><span style=\"font-weight: 400;\">Prirodna boja za kosu: amlu koristimo i kao pomo\u0107nu boju u kombinaciji\u00a0<\/span><a href=\"https:\/\/www.etnobotanika.eu\/hr\/izdelek\/prirodna-kana-za-kosu\/\"><span style=\"font-weight: 400;\">KANE<\/span><\/a><span style=\"font-weight: 400;\">\u00a0i\u00a0<\/span><a href=\"https:\/\/www.etnobotanika.eu\/hr\/izdelek\/prirodni-indigo-za-kosu\/\"><span style=\"font-weight: 400;\">INDIGO<\/span><\/a><span style=\"font-weight: 400;\">\u00a0za kava boju kose, u slu\u010daju da \u017eelimo boju bez crvenih nijansi.\u00a0<\/span><\/p>\n<p><span style=\"font-weight: 400;\">Prirodni biljni tretman za kosu i vlasi\u0161te: prirodno rje\u0161enje protiv sjede kose i gubitka kose. Jako je u\u010dinkovita u\u00a0<\/span><a href=\"https:\/\/www.etnobotanika.eu\/hr\/komplet-protiv-ispadanja-kose\/\"><span style=\"font-weight: 400;\">kompletu protiv ispadanja kose<\/span><\/a><span style=\"font-weight: 400;\">\u00a0u kombinaciji s Hibiskusom i hidrolatom ru\u017emarina.<\/span><\/p>\n<h2>UPUTE ZA UPORABU:<\/h2>\n<h3 class=\"custom-heading\">\u0160to trebamo?<\/h3>\n<ul>\n<li style=\"font-weight: 400;\" aria-level=\"1\"><span style=\"font-weight: 400;\">Adekvatna koli\u010dina amle (vidi tablicu u nastavku)*<\/span><\/li>\n<li style=\"font-weight: 400;\" aria-level=\"1\"><span style=\"font-weight: 400;\">3x toliko teku\u0107ine \u010dija temperatura ne smije biti ve\u0107a od 40 \u00b0C<\/span><\/li>\n<li style=\"font-weight: 400;\" aria-level=\"1\"><span style=\"font-weight: 400;\">Posuda koja ne smije biti metalna (plasti\u010dna, staklena, kerami\u010dka)<\/span><\/li>\n<li style=\"font-weight: 400;\" aria-level=\"1\"><span style=\"font-weight: 400;\">Drvenu \u017elicu<\/span><\/li>\n<li style=\"font-weight: 400;\" aria-level=\"1\"><span style=\"font-weight: 400;\">Za\u0161titne lateks rukavice<\/span><\/li>\n<li style=\"font-weight: 400;\" aria-level=\"1\"><span style=\"font-weight: 400;\">Za\u0161titni ogrta\u010d<\/span><\/li>\n<li style=\"font-weight: 400;\" aria-level=\"1\"><span style=\"font-weight: 400;\">Silikonska lopatica ili lopatica za nano\u0161enje smjese na vlasi\u0161te<\/span><\/li>\n<li style=\"font-weight: 400;\" aria-level=\"1\"><span style=\"font-weight: 400;\">Prozirna folija za hranu<\/span><\/li>\n<li style=\"font-weight: 400;\" aria-level=\"1\"><span style=\"font-weight: 400;\">Kuhinjske papirnate maramice u roli<\/span><\/li>\n<\/ul>\n<h3 class=\"custom-heading\">Kako pripremamo smjesu za bojanje kose?<\/h3>\n<p><span style=\"font-weight: 400;\">Amla se uvijek priprema u kombinaciji s drugim biljkama po vlastitom receptu (24 sata prije bojanja).<\/span><\/p>\n<p><b>UPOZORENJE:<\/b><span style=\"font-weight: 400;\">\u00a0Ako se pra\u0161ak amle skrutio u vakuumskom pakiranju, moramo ga ponovno zdrobiti u prah, prije pripreme smjese!<\/span><\/p>\n<p><span style=\"font-weight: 400;\">Video prikaz:\u00a0<\/span><\/p>\n<p><iframe loading=\"lazy\" title=\"PREPARATION of Etnobotanika\u00ae herbal hair colors \/ PRIPRAVA rastlinskih barv za lase Etnobotanika\u00ae.\" width=\"500\" height=\"281\" src=\"https:\/\/www.youtube.com\/embed\/zdKoqGUTqDo?feature=oembed\" frameborder=\"0\" allow=\"accelerometer; autoplay; clipboard-write; encrypted-media; gyroscope; picture-in-picture; web-share\" referrerpolicy=\"strict-origin-when-cross-origin\" allowfullscreen><\/iframe><\/p>\n<h3 class=\"custom-heading\">Kako pripremamo smjesu za tretman kose\/vlasi\u0161ta?<\/h3>\n<p><b>NAPOMENA:<\/b><span style=\"font-weight: 400;\">\u00a0Smjesu za tretman kose\/vlasi\u0161ta pripremamo na isti na\u010din kao i za bojanje kose i mo\u017eemo je odmah nanijeti na kosu\/vlasi\u0161te.<\/span><\/p>\n<p><span style=\"font-weight: 400;\">Video prikaz:\u00a0<\/span><\/p>\n<p><iframe loading=\"lazy\" title=\"How to prepare scalp mask against hair loss ? \/ Kako pripraviti oblogo proti izpadanju las?\" width=\"500\" height=\"281\" src=\"https:\/\/www.youtube.com\/embed\/c0gdCtAn-MQ?start=9&#038;feature=oembed\" frameborder=\"0\" allow=\"accelerometer; autoplay; clipboard-write; encrypted-media; gyroscope; picture-in-picture; web-share\" referrerpolicy=\"strict-origin-when-cross-origin\" allowfullscreen><\/iframe><\/p>\n<h3>Kako smjesu nanosimo na kosu?<\/h3>\n<p><span style=\"font-weight: 400;\">Smjesu uvijek nanosimo na suhu i opranu kosu.<\/span><\/p>\n<p><span style=\"font-weight: 400;\">Prije nano\u0161enja smjesu jo\u0161 jednom dobro promije\u0161ajte da postane glatka. Ruke za\u0161titite za\u0161titnim rukavicama od lateksa i oko ramena omotajte za\u0161titnu pelerinu. Smjesu na vlasi\u0161te nanosimo silikonskom lopaticom. Nano\u0161enjem zapo\u010dinjemo na prednjem dijelu vlasi\u0161ta. Smjesa se nanosi u trakama koje su u razmaku od 1 cm. Nakon \u0161to smo zavr\u0161ili s nano\u0161enjem na prednji dio (od uha do uha), smjesu po\u010dinjemo nanositi na stra\u017enji dio vlasi\u0161ta, od tjemena prema vratu. Nakon nano\u0161enja za\u0161titite podru\u010dje ko\u017ee uz tjeme s oko 5 cm \u0161irokom trakom od kuhinjskih papirnatih ru\u010dnika u roli. Glavu dodatno omotamo prozirnom folijom za hranu. Oblogu od amle ostavimo da djeluje do 1 sat.<\/span><\/p>\n<p><span style=\"font-weight: 400;\">Video prikaz: <\/span><\/p>\n<p><iframe loading=\"lazy\" title=\"APPLICATION of Etnobotanika\u00ae herbal hair colours \/ NANOS rastlinskih barv za lase Etnobotanika\u00ae\" width=\"500\" height=\"281\" src=\"https:\/\/www.youtube.com\/embed\/84ug8T7S2n8?feature=oembed\" frameborder=\"0\" allow=\"accelerometer; autoplay; clipboard-write; encrypted-media; gyroscope; picture-in-picture; web-share\" referrerpolicy=\"strict-origin-when-cross-origin\" allowfullscreen><\/iframe><\/p>\n<h3 class=\"custom-heading\">Kako smjesu nanosimo na lice?<\/h3>\n<p><span style=\"font-weight: 400;\">Smjesu na lice nanosimo lopaticom.<\/span><\/p>\n<p><span style=\"font-weight: 400;\">Ostavimo da djeluje 20 minuta i zatim operemo lice.<\/span><\/p>\n<h3>Kako isperemo smjesu s kose\/vlasi\u0161ta?<\/h3>\n<p><span style=\"font-weight: 400;\">Nakon 4 sata (ili nakon 1 sata u slu\u010daju obloga) skinite prozirnu foliju i isperite kosu dok sva smjesa ne iscuri iz nje. Zatim na kosu nanosimo \u0161ampon i dobro ga utrljamo \u010dime uklanjamo sve ostatke preostale smjese na vlasi\u0161tu. Kosu isperemo i osu\u0161imo. Krajnji rezultati bojanja vidljivi su 48 sati nakon pranja.<\/span><\/p>\n<h2>Tehni\u010dni podaci:<\/h2>\n<p><b>LATINSKO IME: <\/b><span style=\"font-weight: 400;\">Emblica officinalis<\/span><\/p>\n<p><b>PAKIRANJE: <\/b><span style=\"font-weight: 400;\">100 g<\/span><\/p>\n<p><b>PODRIJETLO: <\/b><span style=\"font-weight: 400;\">Indija<\/span><\/p>\n<p><b>SASTOJCI: <\/b><span style=\"font-weight: 400;\">Emblica officinalis fruit powder (prah posu\u0161enih plodov amle)<\/span><\/p>\n<p><b>CERTIFIKATI: \u00a0<\/b><\/p>\n<p><img loading=\"lazy\" decoding=\"async\" class=\"alignnone wp-image-1835\" src=\"http:\/\/etnobotanika.eu\/wp-content\/uploads\/2016\/11\/ECOCERTCosmos-Organic-Q-300x300.jpg\" alt=\"\" width=\"115\" height=\"115\" srcset=\"https:\/\/www.etnobotanika.eu\/wp-content\/uploads\/2016\/11\/ECOCERTCosmos-Organic-Q-300x300.jpg 300w, https:\/\/www.etnobotanika.eu\/wp-content\/uploads\/2016\/11\/ECOCERTCosmos-Organic-Q-600x600.jpg 600w, https:\/\/www.etnobotanika.eu\/wp-content\/uploads\/2016\/11\/ECOCERTCosmos-Organic-Q-150x150.jpg 150w, https:\/\/www.etnobotanika.eu\/wp-content\/uploads\/2016\/11\/ECOCERTCosmos-Organic-Q.jpg 1200w, https:\/\/www.etnobotanika.eu\/wp-content\/uploads\/2016\/11\/ECOCERTCosmos-Organic-Q-768x768.jpg 768w, https:\/\/www.etnobotanika.eu\/wp-content\/uploads\/2016\/11\/ECOCERTCosmos-Organic-Q-1024x1024.jpg 1024w, https:\/\/www.etnobotanika.eu\/wp-content\/uploads\/2016\/11\/ECOCERTCosmos-Organic-Q-100x100.jpg 100w, https:\/\/www.etnobotanika.eu\/wp-content\/uploads\/2016\/11\/ECOCERTCosmos-Organic-Q-45x45.jpg 45w\" sizes=\"auto, (max-width: 115px) 100vw, 115px\" \/><img loading=\"lazy\" decoding=\"async\" class=\"alignnone wp-image-1837\" src=\"http:\/\/etnobotanika.eu\/wp-content\/uploads\/2016\/11\/prenos.png\" alt=\"\" width=\"117\" height=\"117\" srcset=\"https:\/\/www.etnobotanika.eu\/wp-content\/uploads\/2016\/11\/prenos.png 225w, https:\/\/www.etnobotanika.eu\/wp-content\/uploads\/2016\/11\/prenos-150x150.png 150w, https:\/\/www.etnobotanika.eu\/wp-content\/uploads\/2016\/11\/prenos-45x45.png 45w\" sizes=\"auto, (max-width: 117px) 100vw, 117px\" \/> \u00a0<img loading=\"lazy\" decoding=\"async\" class=\"alignnone wp-image-1834\" src=\"http:\/\/etnobotanika.eu\/wp-content\/uploads\/2016\/11\/1441715859India-Organic-Logo-300x277.jpg\" alt=\"\" width=\"109\" height=\"100\" srcset=\"https:\/\/www.etnobotanika.eu\/wp-content\/uploads\/2016\/11\/1441715859India-Organic-Logo-300x277.jpg 300w, https:\/\/www.etnobotanika.eu\/wp-content\/uploads\/2016\/11\/1441715859India-Organic-Logo-600x554.jpg 600w, https:\/\/www.etnobotanika.eu\/wp-content\/uploads\/2016\/11\/1441715859India-Organic-Logo-150x139.jpg 150w, https:\/\/www.etnobotanika.eu\/wp-content\/uploads\/2016\/11\/1441715859India-Organic-Logo-1200x1109.jpg 1200w, https:\/\/www.etnobotanika.eu\/wp-content\/uploads\/2016\/11\/1441715859India-Organic-Logo-768x710.jpg 768w, https:\/\/www.etnobotanika.eu\/wp-content\/uploads\/2016\/11\/1441715859India-Organic-Logo-1024x946.jpg 1024w, https:\/\/www.etnobotanika.eu\/wp-content\/uploads\/2016\/11\/1441715859India-Organic-Logo.jpg 1421w\" sizes=\"auto, (max-width: 109px) 100vw, 109px\" \/><img loading=\"lazy\" decoding=\"async\" class=\"alignnone wp-image-1803\" src=\"http:\/\/etnobotanika.eu\/wp-content\/uploads\/2017\/09\/Cruelty-Free-International-285x300.jpg\" alt=\"\" width=\"104\" height=\"110\" srcset=\"https:\/\/www.etnobotanika.eu\/wp-content\/uploads\/2017\/09\/Cruelty-Free-International-285x300.jpg 285w, https:\/\/www.etnobotanika.eu\/wp-content\/uploads\/2017\/09\/Cruelty-Free-International-150x158.jpg 150w, https:\/\/www.etnobotanika.eu\/wp-content\/uploads\/2017\/09\/Cruelty-Free-International-100x105.jpg 100w, https:\/\/www.etnobotanika.eu\/wp-content\/uploads\/2017\/09\/Cruelty-Free-International.jpg 300w\" sizes=\"auto, (max-width: 104px) 100vw, 104px\" \/><img loading=\"lazy\" decoding=\"async\" class=\"alignnone wp-image-1803\" src=\"https:\/\/www.etnobotanika.eu\/wp-content\/uploads\/2021\/03\/ecogea300x300.png\" alt=\"\" width=\"103\" height=\"109\" \/><\/p>\n<p>&nbsp;<\/p>\n","protected":false},"excerpt":{"rendered":"<p>Etnobotanika organska amla u prahu jedna je od naju\u010dinkovitijih biljaka za ubrzani rast kose i usporavanje stvaranja sijede kose. Amla vam prirodnim putem poma\u017ee do du\u017ee kose. Mo\u017ee se koristiti samostalno ili s drugim ayurvedskim biljem za ku\u0107ne tretmane kose, vlasi\u0161ta i ko\u017ee. Kod bojanja kose zajedno s kanom, ona slu\u017ei kao boja za hladnije tonove kose. Za sve tipove i teksture kose.<\/p>\n","protected":false},"featured_media":34459,"comment_status":"open","ping_status":"closed","template":"","meta":{"_acf_changed":false,"footnotes":""},"product_brand":[],"product_cat":[213,230,231,212,229],"product_tag":[214],"class_list":{"0":"post-33159","1":"product","2":"type-product","3":"status-publish","4":"has-post-thumbnail","6":"product_cat-za-kosu","7":"product_cat-prirodne-biljne-maske-za-kosu","8":"product_cat-za-vlasiste","9":"product_cat-prirodne-biljne-boje-za-kosu","10":"product_cat-prirodne-biljne-obloge-za-vlasiste","11":"product_tag-bojanje-kose-hr","13":"first","14":"instock","15":"taxable","16":"shipping-taxable","17":"purchasable","18":"product-type-simple"},"acf":[],"yoast_head":"<!-- This site is optimized with the Yoast SEO plugin v27.3 - https:\/\/yoast.com\/product\/yoast-seo-wordpress\/ -->\n<title>Prirodna amla - Etnobotanika<\/title>\n<meta name=\"description\" content=\"Ekolo\u0161ka AMLA: osu\u0161eni plodovi amle su mljeveni i prosijani kroz tri razli\u010dita sita - za najbolju kvalitetu biljnog praha Amle.\" \/>\n<meta name=\"robots\" content=\"index, follow, max-snippet:-1, max-image-preview:large, max-video-preview:-1\" \/>\n<link rel=\"canonical\" href=\"https:\/\/www.etnobotanika.eu\/hr\/proizvod\/prirodna-amla\/\" \/>\n<meta property=\"og:locale\" content=\"hr_HR\" \/>\n<meta property=\"og:type\" content=\"article\" \/>\n<meta property=\"og:title\" content=\"Prirodna amla - Etnobotanika\" \/>\n<meta property=\"og:description\" content=\"Ekolo\u0161ka AMLA: osu\u0161eni plodovi amle su mljeveni i prosijani kroz tri razli\u010dita sita - za najbolju kvalitetu biljnog praha Amle.\" \/>\n<meta property=\"og:url\" content=\"https:\/\/www.etnobotanika.eu\/hr\/proizvod\/prirodna-amla\/\" \/>\n<meta property=\"og:site_name\" content=\"Etnobotanika\" \/>\n<meta property=\"article:modified_time\" content=\"2024-07-02T08:50:05+00:00\" \/>\n<meta property=\"og:image\" content=\"https:\/\/www.etnobotanika.eu\/wp-content\/uploads\/2023\/12\/amla-e1709207698955.jpg\" \/>\n\t<meta property=\"og:image:width\" content=\"1368\" \/>\n\t<meta property=\"og:image:height\" content=\"881\" \/>\n\t<meta property=\"og:image:type\" content=\"image\/jpeg\" \/>\n<meta name=\"twitter:card\" content=\"summary_large_image\" \/>\n<meta name=\"twitter:label1\" content=\"Procijenjeno vrijeme \u010ditanja\" \/>\n\t<meta name=\"twitter:data1\" content=\"5 minuta\" \/>\n<script type=\"application\/ld+json\" class=\"yoast-schema-graph\">{\"@context\":\"https:\\\/\\\/schema.org\",\"@graph\":[{\"@type\":\"WebPage\",\"@id\":\"https:\\\/\\\/www.etnobotanika.eu\\\/hr\\\/proizvod\\\/prirodna-amla\\\/\",\"url\":\"https:\\\/\\\/www.etnobotanika.eu\\\/hr\\\/proizvod\\\/prirodna-amla\\\/\",\"name\":\"Prirodna amla - Etnobotanika\",\"isPartOf\":{\"@id\":\"https:\\\/\\\/www.etnobotanika.eu\\\/hr\\\/#website\"},\"primaryImageOfPage\":{\"@id\":\"https:\\\/\\\/www.etnobotanika.eu\\\/hr\\\/proizvod\\\/prirodna-amla\\\/#primaryimage\"},\"image\":{\"@id\":\"https:\\\/\\\/www.etnobotanika.eu\\\/hr\\\/proizvod\\\/prirodna-amla\\\/#primaryimage\"},\"thumbnailUrl\":\"https:\\\/\\\/www.etnobotanika.eu\\\/wp-content\\\/uploads\\\/2023\\\/12\\\/amla-e1709207698955.jpg\",\"datePublished\":\"2023-12-11T03:07:56+00:00\",\"dateModified\":\"2024-07-02T08:50:05+00:00\",\"description\":\"Ekolo\u0161ka AMLA: osu\u0161eni plodovi amle su mljeveni i prosijani kroz tri razli\u010dita sita - za najbolju kvalitetu biljnog praha Amle.\",\"breadcrumb\":{\"@id\":\"https:\\\/\\\/www.etnobotanika.eu\\\/hr\\\/proizvod\\\/prirodna-amla\\\/#breadcrumb\"},\"inLanguage\":\"hr\",\"potentialAction\":[{\"@type\":\"ReadAction\",\"target\":[\"https:\\\/\\\/www.etnobotanika.eu\\\/hr\\\/proizvod\\\/prirodna-amla\\\/\"]}]},{\"@type\":\"ImageObject\",\"inLanguage\":\"hr\",\"@id\":\"https:\\\/\\\/www.etnobotanika.eu\\\/hr\\\/proizvod\\\/prirodna-amla\\\/#primaryimage\",\"url\":\"https:\\\/\\\/www.etnobotanika.eu\\\/wp-content\\\/uploads\\\/2023\\\/12\\\/amla-e1709207698955.jpg\",\"contentUrl\":\"https:\\\/\\\/www.etnobotanika.eu\\\/wp-content\\\/uploads\\\/2023\\\/12\\\/amla-e1709207698955.jpg\",\"width\":1368,\"height\":881},{\"@type\":\"BreadcrumbList\",\"@id\":\"https:\\\/\\\/www.etnobotanika.eu\\\/hr\\\/proizvod\\\/prirodna-amla\\\/#breadcrumb\",\"itemListElement\":[{\"@type\":\"ListItem\",\"position\":1,\"name\":\"Home\",\"item\":\"https:\\\/\\\/www.etnobotanika.eu\\\/hr\\\/\"},{\"@type\":\"ListItem\",\"position\":2,\"name\":\"Trgovina\",\"item\":\"https:\\\/\\\/www.etnobotanika.eu\\\/hr\\\/trgovina\\\/\"},{\"@type\":\"ListItem\",\"position\":3,\"name\":\"PRIRODNA AMLA\"}]},{\"@type\":\"WebSite\",\"@id\":\"https:\\\/\\\/www.etnobotanika.eu\\\/hr\\\/#website\",\"url\":\"https:\\\/\\\/www.etnobotanika.eu\\\/hr\\\/\",\"name\":\"Etnobotanika\",\"description\":\"Naravna rastlinska barvila in negovala za lase\",\"potentialAction\":[{\"@type\":\"SearchAction\",\"target\":{\"@type\":\"EntryPoint\",\"urlTemplate\":\"https:\\\/\\\/www.etnobotanika.eu\\\/hr\\\/?s={search_term_string}\"},\"query-input\":{\"@type\":\"PropertyValueSpecification\",\"valueRequired\":true,\"valueName\":\"search_term_string\"}}],\"inLanguage\":\"hr\"}]}<\/script>\n<!-- \/ Yoast SEO plugin. -->","yoast_head_json":{"title":"Prirodna amla - Etnobotanika","description":"Ekolo\u0161ka AMLA: osu\u0161eni plodovi amle su mljeveni i prosijani kroz tri razli\u010dita sita - za najbolju kvalitetu biljnog praha Amle.","robots":{"index":"index","follow":"follow","max-snippet":"max-snippet:-1","max-image-preview":"max-image-preview:large","max-video-preview":"max-video-preview:-1"},"canonical":"https:\/\/www.etnobotanika.eu\/hr\/proizvod\/prirodna-amla\/","og_locale":"hr_HR","og_type":"article","og_title":"Prirodna amla - Etnobotanika","og_description":"Ekolo\u0161ka AMLA: osu\u0161eni plodovi amle su mljeveni i prosijani kroz tri razli\u010dita sita - za najbolju kvalitetu biljnog praha Amle.","og_url":"https:\/\/www.etnobotanika.eu\/hr\/proizvod\/prirodna-amla\/","og_site_name":"Etnobotanika","article_modified_time":"2024-07-02T08:50:05+00:00","og_image":[{"width":1368,"height":881,"url":"https:\/\/www.etnobotanika.eu\/wp-content\/uploads\/2023\/12\/amla-e1709207698955.jpg","type":"image\/jpeg"}],"twitter_card":"summary_large_image","twitter_misc":{"Procijenjeno vrijeme \u010ditanja":"5 minuta"},"schema":{"@context":"https:\/\/schema.org","@graph":[{"@type":"WebPage","@id":"https:\/\/www.etnobotanika.eu\/hr\/proizvod\/prirodna-amla\/","url":"https:\/\/www.etnobotanika.eu\/hr\/proizvod\/prirodna-amla\/","name":"Prirodna amla - Etnobotanika","isPartOf":{"@id":"https:\/\/www.etnobotanika.eu\/hr\/#website"},"primaryImageOfPage":{"@id":"https:\/\/www.etnobotanika.eu\/hr\/proizvod\/prirodna-amla\/#primaryimage"},"image":{"@id":"https:\/\/www.etnobotanika.eu\/hr\/proizvod\/prirodna-amla\/#primaryimage"},"thumbnailUrl":"https:\/\/www.etnobotanika.eu\/wp-content\/uploads\/2023\/12\/amla-e1709207698955.jpg","datePublished":"2023-12-11T03:07:56+00:00","dateModified":"2024-07-02T08:50:05+00:00","description":"Ekolo\u0161ka AMLA: osu\u0161eni plodovi amle su mljeveni i prosijani kroz tri razli\u010dita sita - za najbolju kvalitetu biljnog praha Amle.","breadcrumb":{"@id":"https:\/\/www.etnobotanika.eu\/hr\/proizvod\/prirodna-amla\/#breadcrumb"},"inLanguage":"hr","potentialAction":[{"@type":"ReadAction","target":["https:\/\/www.etnobotanika.eu\/hr\/proizvod\/prirodna-amla\/"]}]},{"@type":"ImageObject","inLanguage":"hr","@id":"https:\/\/www.etnobotanika.eu\/hr\/proizvod\/prirodna-amla\/#primaryimage","url":"https:\/\/www.etnobotanika.eu\/wp-content\/uploads\/2023\/12\/amla-e1709207698955.jpg","contentUrl":"https:\/\/www.etnobotanika.eu\/wp-content\/uploads\/2023\/12\/amla-e1709207698955.jpg","width":1368,"height":881},{"@type":"BreadcrumbList","@id":"https:\/\/www.etnobotanika.eu\/hr\/proizvod\/prirodna-amla\/#breadcrumb","itemListElement":[{"@type":"ListItem","position":1,"name":"Home","item":"https:\/\/www.etnobotanika.eu\/hr\/"},{"@type":"ListItem","position":2,"name":"Trgovina","item":"https:\/\/www.etnobotanika.eu\/hr\/trgovina\/"},{"@type":"ListItem","position":3,"name":"PRIRODNA AMLA"}]},{"@type":"WebSite","@id":"https:\/\/www.etnobotanika.eu\/hr\/#website","url":"https:\/\/www.etnobotanika.eu\/hr\/","name":"Etnobotanika","description":"Naravna rastlinska barvila in negovala za lase","potentialAction":[{"@type":"SearchAction","target":{"@type":"EntryPoint","urlTemplate":"https:\/\/www.etnobotanika.eu\/hr\/?s={search_term_string}"},"query-input":{"@type":"PropertyValueSpecification","valueRequired":true,"valueName":"search_term_string"}}],"inLanguage":"hr"}]}},"_links":{"self":[{"href":"https:\/\/www.etnobotanika.eu\/hr\/wp-json\/wp\/v2\/product\/33159","targetHints":{"allow":["GET"]}}],"collection":[{"href":"https:\/\/www.etnobotanika.eu\/hr\/wp-json\/wp\/v2\/product"}],"about":[{"href":"https:\/\/www.etnobotanika.eu\/hr\/wp-json\/wp\/v2\/types\/product"}],"replies":[{"embeddable":true,"href":"https:\/\/www.etnobotanika.eu\/hr\/wp-json\/wp\/v2\/comments?post=33159"}],"version-history":[{"count":3,"href":"https:\/\/www.etnobotanika.eu\/hr\/wp-json\/wp\/v2\/product\/33159\/revisions"}],"predecessor-version":[{"id":33160,"href":"https:\/\/www.etnobotanika.eu\/hr\/wp-json\/wp\/v2\/product\/33159\/revisions\/33160"}],"wp:featuredmedia":[{"embeddable":true,"href":"https:\/\/www.etnobotanika.eu\/hr\/wp-json\/wp\/v2\/media\/34459"}],"wp:attachment":[{"href":"https:\/\/www.etnobotanika.eu\/hr\/wp-json\/wp\/v2\/media?parent=33159"}],"wp:term":[{"taxonomy":"product_brand","embeddable":true,"href":"https:\/\/www.etnobotanika.eu\/hr\/wp-json\/wp\/v2\/product_brand?post=33159"},{"taxonomy":"product_cat","embeddable":true,"href":"https:\/\/www.etnobotanika.eu\/hr\/wp-json\/wp\/v2\/product_cat?post=33159"},{"taxonomy":"product_tag","embeddable":true,"href":"https:\/\/www.etnobotanika.eu\/hr\/wp-json\/wp\/v2\/product_tag?post=33159"}],"curies":[{"name":"wp","href":"https:\/\/api.w.org\/{rel}","templated":true}]}}