{"id":33164,"date":"2023-12-11T04:31:53","date_gmt":"2023-12-11T03:31:53","guid":{"rendered":"https:\/\/www.etnobotanika.eu\/izdelek\/bombazni-zascitni-trak\/"},"modified":"2024-07-02T09:16:40","modified_gmt":"2024-07-02T07:16:40","slug":"pamucna-zastitna-traka","status":"publish","type":"product","link":"https:\/\/www.etnobotanika.eu\/hr\/proizvod\/pamucna-zastitna-traka\/","title":{"rendered":"PAMU\u010cNA ZA\u0160TITNA TRAKA"},"content":{"rendered":"<p><span style=\"font-weight: 400;\">Traka se koristi za vi\u0161ekratnu uporavu i postavljamo je ispod kuhinjske folije &#8211; umjesto papirnate kuhinjske krpe, kao \u0161to je prikazano na videu:<\/span><\/p>\n<p><iframe loading=\"lazy\" title=\"APPLICATION of Etnobotanika\u00ae herbal hair colours \/ NANOS rastlinskih barv za lase Etnobotanika\u00ae\" width=\"500\" height=\"281\" src=\"https:\/\/www.youtube.com\/embed\/84ug8T7S2n8?start=1&#038;feature=oembed\" frameborder=\"0\" allow=\"accelerometer; autoplay; clipboard-write; encrypted-media; gyroscope; picture-in-picture; web-share\" referrerpolicy=\"strict-origin-when-cross-origin\" allowfullscreen><\/iframe><\/p>\n<p><iframe loading=\"lazy\" title=\"How to prepare protection head band? \/ Kako pripraviti za\u0161\u010ditni trak za barvanje las?\" width=\"500\" height=\"281\" src=\"https:\/\/www.youtube.com\/embed\/Ntq9g17LSQY?feature=oembed\" frameborder=\"0\" allow=\"accelerometer; autoplay; clipboard-write; encrypted-media; gyroscope; picture-in-picture; web-share\" referrerpolicy=\"strict-origin-when-cross-origin\" allowfullscreen><\/iframe><\/p>\n<p>&nbsp;<\/p>\n","protected":false},"excerpt":{"rendered":"<p><span style=\"font-weight: 400;\">Ispod za\u0161titne folije, umjesto kuhinjskog papirnatog ru\u010dnika, stavite visokokvalitetnu pamu\u010dnu traku za vi\u0161ekratnu upotrebu.<\/span><\/p>\n<p><b>Sastav sirovina<\/b><span style=\"font-weight: 400;\">: 92% pamuk, 8% elastan.<\/span><\/p>\n<p><b>Podrijetlo:<\/b><span style=\"font-weight: 400;\">\u00a0Slovenija<\/span><\/p>\n<p><b>Dimenzija:\u00a0<\/b><span style=\"font-weight: 400;\">visina 6 cm, opseg 54 cm<\/span><\/p>\n","protected":false},"featured_media":32001,"comment_status":"open","ping_status":"closed","template":"","meta":{"_acf_changed":false,"footnotes":""},"product_brand":[],"product_cat":[201],"product_tag":[226,227,224],"class_list":{"0":"post-33164","1":"product","2":"type-product","3":"status-publish","4":"has-post-thumbnail","6":"product_cat-pomagala","7":"product_tag-njega-koze-hr","8":"product_tag-njega-tijela-hr","9":"product_tag-njega-kose-hr","11":"first","12":"outofstock","13":"taxable","14":"shipping-taxable","15":"purchasable","16":"product-type-simple"},"acf":[],"yoast_head":"<!-- This site is optimized with the Yoast SEO plugin v27.3 - https:\/\/yoast.com\/product\/yoast-seo-wordpress\/ -->\n<title>Pamucna zastitna traka - Etnobotanika<\/title>\n<meta name=\"description\" content=\"Pamucna zastitna traka se koristi za vi\u0161ekratnu uporavu i postavljamo je ispod kuhinjske folije - umjesto papirnate kuhinjske krpe.\" \/>\n<meta name=\"robots\" content=\"index, follow, max-snippet:-1, max-image-preview:large, max-video-preview:-1\" \/>\n<link rel=\"canonical\" href=\"https:\/\/www.etnobotanika.eu\/hr\/proizvod\/pamucna-zastitna-traka\/\" \/>\n<meta property=\"og:locale\" content=\"hr_HR\" \/>\n<meta property=\"og:type\" content=\"article\" \/>\n<meta property=\"og:title\" content=\"Pamucna zastitna traka - Etnobotanika\" \/>\n<meta property=\"og:description\" content=\"Pamucna zastitna traka se koristi za vi\u0161ekratnu uporavu i postavljamo je ispod kuhinjske folije - umjesto papirnate kuhinjske krpe.\" \/>\n<meta property=\"og:url\" content=\"https:\/\/www.etnobotanika.eu\/hr\/proizvod\/pamucna-zastitna-traka\/\" \/>\n<meta property=\"og:site_name\" content=\"Etnobotanika\" \/>\n<meta property=\"article:modified_time\" content=\"2024-07-02T07:16:40+00:00\" \/>\n<meta property=\"og:image\" content=\"https:\/\/www.etnobotanika.eu\/wp-content\/uploads\/2023\/12\/Bombazni-trak-Etnobotanika-1.jpg\" \/>\n\t<meta property=\"og:image:width\" content=\"1080\" \/>\n\t<meta property=\"og:image:height\" content=\"1080\" \/>\n\t<meta property=\"og:image:type\" content=\"image\/jpeg\" \/>\n<meta name=\"twitter:card\" content=\"summary_large_image\" \/>\n<meta name=\"twitter:label1\" content=\"Procijenjeno vrijeme \u010ditanja\" \/>\n\t<meta name=\"twitter:data1\" content=\"1 minuta\" \/>\n<script type=\"application\/ld+json\" class=\"yoast-schema-graph\">{\"@context\":\"https:\\\/\\\/schema.org\",\"@graph\":[{\"@type\":\"WebPage\",\"@id\":\"https:\\\/\\\/www.etnobotanika.eu\\\/hr\\\/proizvod\\\/pamucna-zastitna-traka\\\/\",\"url\":\"https:\\\/\\\/www.etnobotanika.eu\\\/hr\\\/proizvod\\\/pamucna-zastitna-traka\\\/\",\"name\":\"Pamucna zastitna traka - Etnobotanika\",\"isPartOf\":{\"@id\":\"https:\\\/\\\/www.etnobotanika.eu\\\/hr\\\/#website\"},\"primaryImageOfPage\":{\"@id\":\"https:\\\/\\\/www.etnobotanika.eu\\\/hr\\\/proizvod\\\/pamucna-zastitna-traka\\\/#primaryimage\"},\"image\":{\"@id\":\"https:\\\/\\\/www.etnobotanika.eu\\\/hr\\\/proizvod\\\/pamucna-zastitna-traka\\\/#primaryimage\"},\"thumbnailUrl\":\"https:\\\/\\\/www.etnobotanika.eu\\\/wp-content\\\/uploads\\\/2023\\\/12\\\/Bombazni-trak-Etnobotanika-1.jpg\",\"datePublished\":\"2023-12-11T03:31:53+00:00\",\"dateModified\":\"2024-07-02T07:16:40+00:00\",\"description\":\"Pamucna zastitna traka se koristi za vi\u0161ekratnu uporavu i postavljamo je ispod kuhinjske folije - umjesto papirnate kuhinjske krpe.\",\"breadcrumb\":{\"@id\":\"https:\\\/\\\/www.etnobotanika.eu\\\/hr\\\/proizvod\\\/pamucna-zastitna-traka\\\/#breadcrumb\"},\"inLanguage\":\"hr\",\"potentialAction\":[{\"@type\":\"ReadAction\",\"target\":[\"https:\\\/\\\/www.etnobotanika.eu\\\/hr\\\/proizvod\\\/pamucna-zastitna-traka\\\/\"]}]},{\"@type\":\"ImageObject\",\"inLanguage\":\"hr\",\"@id\":\"https:\\\/\\\/www.etnobotanika.eu\\\/hr\\\/proizvod\\\/pamucna-zastitna-traka\\\/#primaryimage\",\"url\":\"https:\\\/\\\/www.etnobotanika.eu\\\/wp-content\\\/uploads\\\/2023\\\/12\\\/Bombazni-trak-Etnobotanika-1.jpg\",\"contentUrl\":\"https:\\\/\\\/www.etnobotanika.eu\\\/wp-content\\\/uploads\\\/2023\\\/12\\\/Bombazni-trak-Etnobotanika-1.jpg\",\"width\":1080,\"height\":1080},{\"@type\":\"BreadcrumbList\",\"@id\":\"https:\\\/\\\/www.etnobotanika.eu\\\/hr\\\/proizvod\\\/pamucna-zastitna-traka\\\/#breadcrumb\",\"itemListElement\":[{\"@type\":\"ListItem\",\"position\":1,\"name\":\"Home\",\"item\":\"https:\\\/\\\/www.etnobotanika.eu\\\/hr\\\/\"},{\"@type\":\"ListItem\",\"position\":2,\"name\":\"Trgovina\",\"item\":\"https:\\\/\\\/www.etnobotanika.eu\\\/hr\\\/trgovina\\\/\"},{\"@type\":\"ListItem\",\"position\":3,\"name\":\"PAMU\u010cNA ZA\u0160TITNA TRAKA\"}]},{\"@type\":\"WebSite\",\"@id\":\"https:\\\/\\\/www.etnobotanika.eu\\\/hr\\\/#website\",\"url\":\"https:\\\/\\\/www.etnobotanika.eu\\\/hr\\\/\",\"name\":\"Etnobotanika\",\"description\":\"Naravna rastlinska barvila in negovala za lase\",\"potentialAction\":[{\"@type\":\"SearchAction\",\"target\":{\"@type\":\"EntryPoint\",\"urlTemplate\":\"https:\\\/\\\/www.etnobotanika.eu\\\/hr\\\/?s={search_term_string}\"},\"query-input\":{\"@type\":\"PropertyValueSpecification\",\"valueRequired\":true,\"valueName\":\"search_term_string\"}}],\"inLanguage\":\"hr\"}]}<\/script>\n<!-- \/ Yoast SEO plugin. -->","yoast_head_json":{"title":"Pamucna zastitna traka - Etnobotanika","description":"Pamucna zastitna traka se koristi za vi\u0161ekratnu uporavu i postavljamo je ispod kuhinjske folije - umjesto papirnate kuhinjske krpe.","robots":{"index":"index","follow":"follow","max-snippet":"max-snippet:-1","max-image-preview":"max-image-preview:large","max-video-preview":"max-video-preview:-1"},"canonical":"https:\/\/www.etnobotanika.eu\/hr\/proizvod\/pamucna-zastitna-traka\/","og_locale":"hr_HR","og_type":"article","og_title":"Pamucna zastitna traka - Etnobotanika","og_description":"Pamucna zastitna traka se koristi za vi\u0161ekratnu uporavu i postavljamo je ispod kuhinjske folije - umjesto papirnate kuhinjske krpe.","og_url":"https:\/\/www.etnobotanika.eu\/hr\/proizvod\/pamucna-zastitna-traka\/","og_site_name":"Etnobotanika","article_modified_time":"2024-07-02T07:16:40+00:00","og_image":[{"width":1080,"height":1080,"url":"https:\/\/www.etnobotanika.eu\/wp-content\/uploads\/2023\/12\/Bombazni-trak-Etnobotanika-1.jpg","type":"image\/jpeg"}],"twitter_card":"summary_large_image","twitter_misc":{"Procijenjeno vrijeme \u010ditanja":"1 minuta"},"schema":{"@context":"https:\/\/schema.org","@graph":[{"@type":"WebPage","@id":"https:\/\/www.etnobotanika.eu\/hr\/proizvod\/pamucna-zastitna-traka\/","url":"https:\/\/www.etnobotanika.eu\/hr\/proizvod\/pamucna-zastitna-traka\/","name":"Pamucna zastitna traka - Etnobotanika","isPartOf":{"@id":"https:\/\/www.etnobotanika.eu\/hr\/#website"},"primaryImageOfPage":{"@id":"https:\/\/www.etnobotanika.eu\/hr\/proizvod\/pamucna-zastitna-traka\/#primaryimage"},"image":{"@id":"https:\/\/www.etnobotanika.eu\/hr\/proizvod\/pamucna-zastitna-traka\/#primaryimage"},"thumbnailUrl":"https:\/\/www.etnobotanika.eu\/wp-content\/uploads\/2023\/12\/Bombazni-trak-Etnobotanika-1.jpg","datePublished":"2023-12-11T03:31:53+00:00","dateModified":"2024-07-02T07:16:40+00:00","description":"Pamucna zastitna traka se koristi za vi\u0161ekratnu uporavu i postavljamo je ispod kuhinjske folije - umjesto papirnate kuhinjske krpe.","breadcrumb":{"@id":"https:\/\/www.etnobotanika.eu\/hr\/proizvod\/pamucna-zastitna-traka\/#breadcrumb"},"inLanguage":"hr","potentialAction":[{"@type":"ReadAction","target":["https:\/\/www.etnobotanika.eu\/hr\/proizvod\/pamucna-zastitna-traka\/"]}]},{"@type":"ImageObject","inLanguage":"hr","@id":"https:\/\/www.etnobotanika.eu\/hr\/proizvod\/pamucna-zastitna-traka\/#primaryimage","url":"https:\/\/www.etnobotanika.eu\/wp-content\/uploads\/2023\/12\/Bombazni-trak-Etnobotanika-1.jpg","contentUrl":"https:\/\/www.etnobotanika.eu\/wp-content\/uploads\/2023\/12\/Bombazni-trak-Etnobotanika-1.jpg","width":1080,"height":1080},{"@type":"BreadcrumbList","@id":"https:\/\/www.etnobotanika.eu\/hr\/proizvod\/pamucna-zastitna-traka\/#breadcrumb","itemListElement":[{"@type":"ListItem","position":1,"name":"Home","item":"https:\/\/www.etnobotanika.eu\/hr\/"},{"@type":"ListItem","position":2,"name":"Trgovina","item":"https:\/\/www.etnobotanika.eu\/hr\/trgovina\/"},{"@type":"ListItem","position":3,"name":"PAMU\u010cNA ZA\u0160TITNA TRAKA"}]},{"@type":"WebSite","@id":"https:\/\/www.etnobotanika.eu\/hr\/#website","url":"https:\/\/www.etnobotanika.eu\/hr\/","name":"Etnobotanika","description":"Naravna rastlinska barvila in negovala za lase","potentialAction":[{"@type":"SearchAction","target":{"@type":"EntryPoint","urlTemplate":"https:\/\/www.etnobotanika.eu\/hr\/?s={search_term_string}"},"query-input":{"@type":"PropertyValueSpecification","valueRequired":true,"valueName":"search_term_string"}}],"inLanguage":"hr"}]}},"_links":{"self":[{"href":"https:\/\/www.etnobotanika.eu\/hr\/wp-json\/wp\/v2\/product\/33164","targetHints":{"allow":["GET"]}}],"collection":[{"href":"https:\/\/www.etnobotanika.eu\/hr\/wp-json\/wp\/v2\/product"}],"about":[{"href":"https:\/\/www.etnobotanika.eu\/hr\/wp-json\/wp\/v2\/types\/product"}],"replies":[{"embeddable":true,"href":"https:\/\/www.etnobotanika.eu\/hr\/wp-json\/wp\/v2\/comments?post=33164"}],"version-history":[{"count":4,"href":"https:\/\/www.etnobotanika.eu\/hr\/wp-json\/wp\/v2\/product\/33164\/revisions"}],"predecessor-version":[{"id":35796,"href":"https:\/\/www.etnobotanika.eu\/hr\/wp-json\/wp\/v2\/product\/33164\/revisions\/35796"}],"wp:featuredmedia":[{"embeddable":true,"href":"https:\/\/www.etnobotanika.eu\/hr\/wp-json\/wp\/v2\/media\/32001"}],"wp:attachment":[{"href":"https:\/\/www.etnobotanika.eu\/hr\/wp-json\/wp\/v2\/media?parent=33164"}],"wp:term":[{"taxonomy":"product_brand","embeddable":true,"href":"https:\/\/www.etnobotanika.eu\/hr\/wp-json\/wp\/v2\/product_brand?post=33164"},{"taxonomy":"product_cat","embeddable":true,"href":"https:\/\/www.etnobotanika.eu\/hr\/wp-json\/wp\/v2\/product_cat?post=33164"},{"taxonomy":"product_tag","embeddable":true,"href":"https:\/\/www.etnobotanika.eu\/hr\/wp-json\/wp\/v2\/product_tag?post=33164"}],"curies":[{"name":"wp","href":"https:\/\/api.w.org\/{rel}","templated":true}]}}