{"id":33165,"date":"2023-12-11T04:07:56","date_gmt":"2023-12-11T03:07:56","guid":{"rendered":"https:\/\/www.etnobotanika.eu\/izdelek\/copic-za-nanos-zmesi\/"},"modified":"2024-07-02T13:50:13","modified_gmt":"2024-07-02T11:50:13","slug":"kist-za-nanosenje-smjese","status":"publish","type":"product","link":"https:\/\/www.etnobotanika.eu\/hr\/proizvod\/kist-za-nanosenje-smjese\/","title":{"rendered":"KIST ZA NANO\u0160ENJE SMJESE"},"content":{"rendered":"<h2>Upute za uporabu:<\/h2>\n<p>Ve\u010d o nanosu s \u010dopi\u010dem si poglejte v videu:<\/p>\n<p><iframe loading=\"lazy\" title=\"APPLICATION of herbal mask against hair loss - WOMEN \/ NANOS obloge proti izpadanju las- \u017dENSKE\" width=\"500\" height=\"281\" src=\"https:\/\/www.youtube.com\/embed\/FdulK0qrRpM?start=27&#038;feature=oembed\" frameborder=\"0\" allow=\"accelerometer; autoplay; clipboard-write; encrypted-media; gyroscope; picture-in-picture; web-share\" referrerpolicy=\"strict-origin-when-cross-origin\" allowfullscreen><\/iframe><\/p>\n<h2 class=\"p1\">Tehni\u010dki podaci:<\/h2>\n<p class=\"p1\"><b>PAKIRANJE:<\/b><b>:<\/b> <span style=\"font-weight: 400;\">4,3 cm x 22 cm<\/span><\/p>\n<p class=\"p1\"><b>PODRIJETLO<\/b><b>: <\/b><span style=\"font-weight: 400;\">Kitajska<\/span><\/p>\n<p class=\"p1\"><b>SASTOJCI<\/b><b>: <\/b><span style=\"font-weight: 400;\">pvc\/silikon<\/span><\/p>\n","protected":false},"excerpt":{"rendered":"<p><span style=\"font-weight: 400;\">Za nano\u0161enje biljne mje\u0161avine na kosu\/tjeme najprikladnija je silikonska \u010detka. \u0160irina kista je 4,3 cm i omogu\u0107uje najprakti\u010dnije bojanje kose na biljnoj bazi.<\/span><\/p>\n<p><span style=\"font-weight: 400;\">Klasi\u010dne \u010detke s dla\u010dicama nisu najprikladnije za bojanje kose jer takva \u010detka ne dopire u potpunosti do tjemena. Sljede\u0107e je posebno potrebno kod prekrivanja sijede kose kada \u017eelimo obojiti izrastak do korijena odn. samog vlasi\u0161ta.<\/span><\/p>\n","protected":false},"featured_media":31789,"comment_status":"open","ping_status":"closed","template":"","meta":{"_acf_changed":false,"footnotes":""},"product_brand":[],"product_cat":[201],"product_tag":[234,235,232,233],"class_list":{"0":"post-33165","1":"product","2":"type-product","3":"status-publish","4":"has-post-thumbnail","6":"product_cat-pomagala","7":"product_tag-lopatica-za-nanos-smjese-hr","8":"product_tag-spatula-za-nanos-hr","9":"product_tag-kist-za-bojanje-kose-hr","10":"product_tag-kist-za-nanosenje-smjese-hr","12":"first","13":"instock","14":"taxable","15":"shipping-taxable","16":"purchasable","17":"product-type-simple"},"acf":[],"yoast_head":"<!-- This site is optimized with the Yoast SEO plugin v27.3 - https:\/\/yoast.com\/product\/yoast-seo-wordpress\/ -->\n<title>Kist za nano\u0161enje smjese - Etnobotanika<\/title>\n<meta name=\"description\" content=\"Silikonski kist je najprikladniji za nano\u0161enje biljne smjese na kosu\/vlasi\u0161te. Omogu\u0107uje najoptimalnije biljno bojenje kose.\" \/>\n<meta name=\"robots\" content=\"index, follow, max-snippet:-1, max-image-preview:large, max-video-preview:-1\" \/>\n<link rel=\"canonical\" href=\"https:\/\/www.etnobotanika.eu\/hr\/proizvod\/kist-za-nanosenje-smjese\/\" \/>\n<meta property=\"og:locale\" content=\"hr_HR\" \/>\n<meta property=\"og:type\" content=\"article\" \/>\n<meta property=\"og:title\" content=\"Kist za nano\u0161enje smjese - Etnobotanika\" \/>\n<meta property=\"og:description\" content=\"Silikonski kist je najprikladniji za nano\u0161enje biljne smjese na kosu\/vlasi\u0161te. Omogu\u0107uje najoptimalnije biljno bojenje kose.\" \/>\n<meta property=\"og:url\" content=\"https:\/\/www.etnobotanika.eu\/hr\/proizvod\/kist-za-nanosenje-smjese\/\" \/>\n<meta property=\"og:site_name\" content=\"Etnobotanika\" \/>\n<meta property=\"article:modified_time\" content=\"2024-07-02T11:50:13+00:00\" \/>\n<meta property=\"og:image\" content=\"https:\/\/www.etnobotanika.eu\/wp-content\/uploads\/2023\/12\/opic-za-barvanje-las.jpg\" \/>\n\t<meta property=\"og:image:width\" content=\"743\" \/>\n\t<meta property=\"og:image:height\" content=\"743\" \/>\n\t<meta property=\"og:image:type\" content=\"image\/jpeg\" \/>\n<meta name=\"twitter:card\" content=\"summary_large_image\" \/>\n<meta name=\"twitter:label1\" content=\"Procijenjeno vrijeme \u010ditanja\" \/>\n\t<meta name=\"twitter:data1\" content=\"1 minuta\" \/>\n<script type=\"application\/ld+json\" class=\"yoast-schema-graph\">{\"@context\":\"https:\\\/\\\/schema.org\",\"@graph\":[{\"@type\":\"WebPage\",\"@id\":\"https:\\\/\\\/www.etnobotanika.eu\\\/hr\\\/proizvod\\\/kist-za-nanosenje-smjese\\\/\",\"url\":\"https:\\\/\\\/www.etnobotanika.eu\\\/hr\\\/proizvod\\\/kist-za-nanosenje-smjese\\\/\",\"name\":\"Kist za nano\u0161enje smjese - Etnobotanika\",\"isPartOf\":{\"@id\":\"https:\\\/\\\/www.etnobotanika.eu\\\/hr\\\/#website\"},\"primaryImageOfPage\":{\"@id\":\"https:\\\/\\\/www.etnobotanika.eu\\\/hr\\\/proizvod\\\/kist-za-nanosenje-smjese\\\/#primaryimage\"},\"image\":{\"@id\":\"https:\\\/\\\/www.etnobotanika.eu\\\/hr\\\/proizvod\\\/kist-za-nanosenje-smjese\\\/#primaryimage\"},\"thumbnailUrl\":\"https:\\\/\\\/www.etnobotanika.eu\\\/wp-content\\\/uploads\\\/2023\\\/12\\\/opic-za-barvanje-las.jpg\",\"datePublished\":\"2023-12-11T03:07:56+00:00\",\"dateModified\":\"2024-07-02T11:50:13+00:00\",\"description\":\"Silikonski kist je najprikladniji za nano\u0161enje biljne smjese na kosu\\\/vlasi\u0161te. Omogu\u0107uje najoptimalnije biljno bojenje kose.\",\"breadcrumb\":{\"@id\":\"https:\\\/\\\/www.etnobotanika.eu\\\/hr\\\/proizvod\\\/kist-za-nanosenje-smjese\\\/#breadcrumb\"},\"inLanguage\":\"hr\",\"potentialAction\":[{\"@type\":\"ReadAction\",\"target\":[\"https:\\\/\\\/www.etnobotanika.eu\\\/hr\\\/proizvod\\\/kist-za-nanosenje-smjese\\\/\"]}]},{\"@type\":\"ImageObject\",\"inLanguage\":\"hr\",\"@id\":\"https:\\\/\\\/www.etnobotanika.eu\\\/hr\\\/proizvod\\\/kist-za-nanosenje-smjese\\\/#primaryimage\",\"url\":\"https:\\\/\\\/www.etnobotanika.eu\\\/wp-content\\\/uploads\\\/2023\\\/12\\\/opic-za-barvanje-las.jpg\",\"contentUrl\":\"https:\\\/\\\/www.etnobotanika.eu\\\/wp-content\\\/uploads\\\/2023\\\/12\\\/opic-za-barvanje-las.jpg\",\"width\":743,\"height\":743},{\"@type\":\"BreadcrumbList\",\"@id\":\"https:\\\/\\\/www.etnobotanika.eu\\\/hr\\\/proizvod\\\/kist-za-nanosenje-smjese\\\/#breadcrumb\",\"itemListElement\":[{\"@type\":\"ListItem\",\"position\":1,\"name\":\"Home\",\"item\":\"https:\\\/\\\/www.etnobotanika.eu\\\/hr\\\/\"},{\"@type\":\"ListItem\",\"position\":2,\"name\":\"Trgovina\",\"item\":\"https:\\\/\\\/www.etnobotanika.eu\\\/hr\\\/trgovina\\\/\"},{\"@type\":\"ListItem\",\"position\":3,\"name\":\"KIST ZA NANO\u0160ENJE SMJESE\"}]},{\"@type\":\"WebSite\",\"@id\":\"https:\\\/\\\/www.etnobotanika.eu\\\/hr\\\/#website\",\"url\":\"https:\\\/\\\/www.etnobotanika.eu\\\/hr\\\/\",\"name\":\"Etnobotanika\",\"description\":\"Naravna rastlinska barvila in negovala za lase\",\"potentialAction\":[{\"@type\":\"SearchAction\",\"target\":{\"@type\":\"EntryPoint\",\"urlTemplate\":\"https:\\\/\\\/www.etnobotanika.eu\\\/hr\\\/?s={search_term_string}\"},\"query-input\":{\"@type\":\"PropertyValueSpecification\",\"valueRequired\":true,\"valueName\":\"search_term_string\"}}],\"inLanguage\":\"hr\"}]}<\/script>\n<!-- \/ Yoast SEO plugin. -->","yoast_head_json":{"title":"Kist za nano\u0161enje smjese - Etnobotanika","description":"Silikonski kist je najprikladniji za nano\u0161enje biljne smjese na kosu\/vlasi\u0161te. Omogu\u0107uje najoptimalnije biljno bojenje kose.","robots":{"index":"index","follow":"follow","max-snippet":"max-snippet:-1","max-image-preview":"max-image-preview:large","max-video-preview":"max-video-preview:-1"},"canonical":"https:\/\/www.etnobotanika.eu\/hr\/proizvod\/kist-za-nanosenje-smjese\/","og_locale":"hr_HR","og_type":"article","og_title":"Kist za nano\u0161enje smjese - Etnobotanika","og_description":"Silikonski kist je najprikladniji za nano\u0161enje biljne smjese na kosu\/vlasi\u0161te. Omogu\u0107uje najoptimalnije biljno bojenje kose.","og_url":"https:\/\/www.etnobotanika.eu\/hr\/proizvod\/kist-za-nanosenje-smjese\/","og_site_name":"Etnobotanika","article_modified_time":"2024-07-02T11:50:13+00:00","og_image":[{"width":743,"height":743,"url":"https:\/\/www.etnobotanika.eu\/wp-content\/uploads\/2023\/12\/opic-za-barvanje-las.jpg","type":"image\/jpeg"}],"twitter_card":"summary_large_image","twitter_misc":{"Procijenjeno vrijeme \u010ditanja":"1 minuta"},"schema":{"@context":"https:\/\/schema.org","@graph":[{"@type":"WebPage","@id":"https:\/\/www.etnobotanika.eu\/hr\/proizvod\/kist-za-nanosenje-smjese\/","url":"https:\/\/www.etnobotanika.eu\/hr\/proizvod\/kist-za-nanosenje-smjese\/","name":"Kist za nano\u0161enje smjese - Etnobotanika","isPartOf":{"@id":"https:\/\/www.etnobotanika.eu\/hr\/#website"},"primaryImageOfPage":{"@id":"https:\/\/www.etnobotanika.eu\/hr\/proizvod\/kist-za-nanosenje-smjese\/#primaryimage"},"image":{"@id":"https:\/\/www.etnobotanika.eu\/hr\/proizvod\/kist-za-nanosenje-smjese\/#primaryimage"},"thumbnailUrl":"https:\/\/www.etnobotanika.eu\/wp-content\/uploads\/2023\/12\/opic-za-barvanje-las.jpg","datePublished":"2023-12-11T03:07:56+00:00","dateModified":"2024-07-02T11:50:13+00:00","description":"Silikonski kist je najprikladniji za nano\u0161enje biljne smjese na kosu\/vlasi\u0161te. Omogu\u0107uje najoptimalnije biljno bojenje kose.","breadcrumb":{"@id":"https:\/\/www.etnobotanika.eu\/hr\/proizvod\/kist-za-nanosenje-smjese\/#breadcrumb"},"inLanguage":"hr","potentialAction":[{"@type":"ReadAction","target":["https:\/\/www.etnobotanika.eu\/hr\/proizvod\/kist-za-nanosenje-smjese\/"]}]},{"@type":"ImageObject","inLanguage":"hr","@id":"https:\/\/www.etnobotanika.eu\/hr\/proizvod\/kist-za-nanosenje-smjese\/#primaryimage","url":"https:\/\/www.etnobotanika.eu\/wp-content\/uploads\/2023\/12\/opic-za-barvanje-las.jpg","contentUrl":"https:\/\/www.etnobotanika.eu\/wp-content\/uploads\/2023\/12\/opic-za-barvanje-las.jpg","width":743,"height":743},{"@type":"BreadcrumbList","@id":"https:\/\/www.etnobotanika.eu\/hr\/proizvod\/kist-za-nanosenje-smjese\/#breadcrumb","itemListElement":[{"@type":"ListItem","position":1,"name":"Home","item":"https:\/\/www.etnobotanika.eu\/hr\/"},{"@type":"ListItem","position":2,"name":"Trgovina","item":"https:\/\/www.etnobotanika.eu\/hr\/trgovina\/"},{"@type":"ListItem","position":3,"name":"KIST ZA NANO\u0160ENJE SMJESE"}]},{"@type":"WebSite","@id":"https:\/\/www.etnobotanika.eu\/hr\/#website","url":"https:\/\/www.etnobotanika.eu\/hr\/","name":"Etnobotanika","description":"Naravna rastlinska barvila in negovala za lase","potentialAction":[{"@type":"SearchAction","target":{"@type":"EntryPoint","urlTemplate":"https:\/\/www.etnobotanika.eu\/hr\/?s={search_term_string}"},"query-input":{"@type":"PropertyValueSpecification","valueRequired":true,"valueName":"search_term_string"}}],"inLanguage":"hr"}]}},"_links":{"self":[{"href":"https:\/\/www.etnobotanika.eu\/hr\/wp-json\/wp\/v2\/product\/33165","targetHints":{"allow":["GET"]}}],"collection":[{"href":"https:\/\/www.etnobotanika.eu\/hr\/wp-json\/wp\/v2\/product"}],"about":[{"href":"https:\/\/www.etnobotanika.eu\/hr\/wp-json\/wp\/v2\/types\/product"}],"replies":[{"embeddable":true,"href":"https:\/\/www.etnobotanika.eu\/hr\/wp-json\/wp\/v2\/comments?post=33165"}],"version-history":[{"count":1,"href":"https:\/\/www.etnobotanika.eu\/hr\/wp-json\/wp\/v2\/product\/33165\/revisions"}],"predecessor-version":[{"id":37577,"href":"https:\/\/www.etnobotanika.eu\/hr\/wp-json\/wp\/v2\/product\/33165\/revisions\/37577"}],"wp:featuredmedia":[{"embeddable":true,"href":"https:\/\/www.etnobotanika.eu\/hr\/wp-json\/wp\/v2\/media\/31789"}],"wp:attachment":[{"href":"https:\/\/www.etnobotanika.eu\/hr\/wp-json\/wp\/v2\/media?parent=33165"}],"wp:term":[{"taxonomy":"product_brand","embeddable":true,"href":"https:\/\/www.etnobotanika.eu\/hr\/wp-json\/wp\/v2\/product_brand?post=33165"},{"taxonomy":"product_cat","embeddable":true,"href":"https:\/\/www.etnobotanika.eu\/hr\/wp-json\/wp\/v2\/product_cat?post=33165"},{"taxonomy":"product_tag","embeddable":true,"href":"https:\/\/www.etnobotanika.eu\/hr\/wp-json\/wp\/v2\/product_tag?post=33165"}],"curies":[{"name":"wp","href":"https:\/\/api.w.org\/{rel}","templated":true}]}}