{"id":33179,"date":"2023-12-11T04:07:56","date_gmt":"2023-12-11T03:07:56","guid":{"rendered":"https:\/\/www.etnobotanika.eu\/izdelek\/hibiskus-hibiscus-rosa-sinensis\/"},"modified":"2024-07-02T10:48:25","modified_gmt":"2024-07-02T08:48:25","slug":"prirodni-hibiskus","status":"publish","type":"product","link":"https:\/\/www.etnobotanika.eu\/hr\/proizvod\/prirodni-hibiskus\/","title":{"rendered":"PRIRODNI HIBISKUS"},"content":{"rendered":"<p>Cvjetovi hibiskusa beru se i su\u0161e ru\u010dno, a potom se posebnim mlinovima hladno melju u prah. Prah se zajedno s ohla\u0111enom i prokuhanom vodom ili \u010dajem priprema u smjesu koja izgleda jogurta i ista se nanosi na kosu ili skalp.<\/p>\n<h2>RAZLI\u010cITE NIJANSE NA KOSI:<\/h2>\n<p>Kako bi dobili razli\u010dite nijanse boje za kosu, savr\u0161eno se kombiniraju s drugim biljnim bojama kao \u0161to su\u00a0<a href=\"https:\/\/www.etnobotanika.eu\/hr\/izdelek\/prirodni-indigo-za-kosu\/\">INDIGO<\/a>,\u00a0<a href=\"https:\/\/www.etnobotanika.eu\/hr\/izdelek\/prirodna-sena-za-kosu\">SENA<\/a>, <a href=\"https:\/\/www.etnobotanika.eu\/hr\/izdelek\/prirodna-kana-za-kosu\/\">KANA<\/a> i <a href=\"https:\/\/www.etnobotanika.eu\/hr\/izdelek\/prirodna-amla\/\">AMLA<\/a>.\u00a0 Posjetite online konfigurator boja za kosu kako biste prona\u0161li recept za biljku koja vam odgovara:\u00a0<a href=\"https:\/\/konfigurator.etnobotanika.eu\/\">https:\/\/konfigurator.etnobotanika.eu\/<\/a>.<\/p>\n<h2>JAMSTVO KVALITETE<\/h2>\n<p>Cvjetovi hibiskusa ru\u010dno se beru. U laboratoriju provjeravamo sadr\u017eaj sastojaka i zatim skladi\u0161timo osu\u0161eno cvije\u0107e.\u00a0 Tijekom na\u0161e narud\u017ebe i prije mljevenja ponovno se provjerava sadr\u017eaj sastojaka u cvjetovima. Zatim cvjetove hladno sameljemo u prah i pa\u017eljivo prosijemo jo\u0161 kroz 3 razli\u010dita sita. Na kraju vakumiramo samo najkvalitetniji prah. Prah se mo\u017ee mazati i nema nikakvih kakvih drugih dodataka (konzervansa, poja\u010diva\u010da i sl.).<\/p>\n<p>Ekolo\u0161ki hibiskus Etnobotanike u \u201cbody art\u201d kvaliteti koristi se kao:<\/p>\n<ul>\n<li aria-level=\"1\">dodatak kani za crveni pigment<\/li>\n<li aria-level=\"1\">100% prirodni premaz za vlasi\u0161te (sijedi i hormonski gubitak kose (menopauza i andropauza), naru\u0161en PH vlasi\u0161ta i regulacija sebuma na vlasi\u0161tu)<\/li>\n<\/ul>\n<h2>UPUTE ZA UPORABU:<\/h2>\n<h3 class=\"custom-heading\">\u0160to trebamo?<\/h3>\n<ul>\n<li aria-level=\"1\">Adekvatnu koli\u010dinu hibiskusa u prahu<\/li>\n<li aria-level=\"1\"><span style=\"font-weight: 400;\">3x toliko teku\u0107ine \u010dija temperatura ne smije biti ve\u0107a od 40 \u00b0C (preporu\u010dujemo ohla\u0111eni \u010daj od kamilice, destiliranu ili demineraliziranu vodu). Kod nano\u0161enja maske za lice* preporu\u010dujemo kokosovu vodu.<\/span><\/li>\n<li aria-level=\"1\"><span style=\"font-weight: 400;\">Posudu s poklopcem koja ne smije biti metalna (plasti\u010dna, staklena, kerami\u010dka)<\/span><\/li>\n<li aria-level=\"1\"><span style=\"font-weight: 400;\">Drvenu \u017elicu<\/span><\/li>\n<li aria-level=\"1\"><span style=\"font-weight: 400;\">Duplo rukavice i ogrta\u010d<\/span><\/li>\n<li aria-level=\"1\"><span style=\"font-weight: 400;\">Kist za nano\u0161enje smjese<\/span><\/li>\n<li aria-level=\"1\"><span style=\"font-weight: 400;\">Prozirnu foliju<\/span><\/li>\n<li aria-level=\"1\"><span style=\"font-weight: 400;\">Kuhinjski papirnati ru\u010dnik v roli<\/span><\/li>\n<\/ul>\n<h3>Kako pripremamo smjesu za bojanje kose?<\/h3>\n<p>Hibiskus se uvijek priprema u kombinaciji s drugim biljkama po vlastitom receptu (24 sata prije bojanja). U posudu sipamo odgovaraju\u0107u koli\u010dinu hibiskusa i drugih biljaka (osobni recept) u prahu i 3x toliko teku\u0107ine. Temperatura teku\u0107ine ne smije biti ve\u0107a od 40 \u00b0C. Mije\u0161ajte drvenom kuha\u010dom dok ne dobijete smjesu poput jogurta. Posudu hermeti\u010dki zatvorite poklopcem ili prozirnom folijom i 24 sata ostavite na sobnoj temperaturi.<\/p>\n<p>Video prikaz:<\/p>\n<p><iframe loading=\"lazy\" title=\"PREPARATION of Etnobotanika\u00ae herbal hair colors \/ PRIPRAVA rastlinskih barv za lase Etnobotanika\u00ae.\" width=\"500\" height=\"281\" src=\"https:\/\/www.youtube.com\/embed\/zdKoqGUTqDo?feature=oembed\" frameborder=\"0\" allow=\"accelerometer; autoplay; clipboard-write; encrypted-media; gyroscope; picture-in-picture; web-share\" referrerpolicy=\"strict-origin-when-cross-origin\" allowfullscreen><\/iframe><\/p>\n<h3><!--StartFragment --><span class=\"cf0\">Kako pripremamo smjesu za masku vlasi\u0161ta?<\/span><\/h3>\n<p>Smjesu za vlasi\u0161te pripremamo na isti na\u010din kao i za bojanje kose.<\/p>\n<p>U slu\u010daju ispadanja kose za teku\u0107inu koristimo hidrolat ru\u017emarina.<\/p>\n<h3>Kako smjesu nanosimo na kosu?<\/h3>\n<p>Smjesu uvijek nanosimo na suhu i opranu kosu.<\/p>\n<p>Prije bojanja smjesu jo\u0161 jednom dobro promije\u0161ajte da postane glatka. Ruke za\u0161titite za\u0161titnim rukavicama od lateksa i oko ramena omotajte za\u0161titnu pelerinu . Smjesu na vlasi\u0161te nanosimo silikonskom lopaticom. S nano\u0161enjem zapo\u010dinjemo na prednjem dijelu vlasi\u0161ta. Smjesa se nanosi u trakama koje su u razmaku od 1 cm. Nakon \u0161to smo zavr\u0161ili s nano\u0161enjem na prednji dio (od uha do uha), smjesu po\u010dinjemo nanositi na stra\u017enji dio vlasi\u0161ta, od tjemena prema vratu. Kod duge kose smjesu po du\u017eini nanosimo prstima. Nakon nano\u0161enja za\u0161titite podru\u010dje ko\u017ee uz tjeme s oko 5 cm \u0161irokom trakom napravljenom od kuhinjskih papirnatih ru\u010dnika u roli. Kako se smjesa ne bi osu\u0161ila na tjemenu glavu dodatno omotajte prozirnom folijom. Kod bojanja kose smjesu ostavite na tjemenu 4 sata, a u slu\u010daju obloge samo 1 sat.<\/p>\n<p>Video prikaz:<\/p>\n<p><iframe loading=\"lazy\" title=\"APPLICATION of Etnobotanika\u00ae herbal hair colours \/ NANOS rastlinskih barv za lase Etnobotanika\u00ae\" width=\"500\" height=\"281\" src=\"https:\/\/www.youtube.com\/embed\/84ug8T7S2n8?feature=oembed\" frameborder=\"0\" allow=\"accelerometer; autoplay; clipboard-write; encrypted-media; gyroscope; picture-in-picture; web-share\" referrerpolicy=\"strict-origin-when-cross-origin\" allowfullscreen><\/iframe><\/p>\n<h3>Kako isperemo smjesu s kose\/vlasi\u0161ta?<\/h3>\n<p>Nakon 4 sata (ili nakon 1 sata kod obloga) skinite prozirnu foliju i isperite kosu dok sva smjesa ne iscuri iz nje. Zatim na kosu nanosimo \u0161ampon i dobro ga utrljamo \u010dime uklanjamo sve ostatke preostale smjese na vlasi\u0161tu. Zatim kosu isperemo i osu\u0161imo. Krajnji rezultati bojanja vidljivi su 48 sati nakon pranja.<\/p>\n<h2 class=\"p1\">Tehni\u010dki podaci:<\/h2>\n<p><strong>LATINSKO IME<\/strong>: Hibiscus rosa \u2013 sinensis<\/p>\n<p><b>PAKIRANJE:\u00a0<\/b>100 g<\/p>\n<p class=\"p1\"><b>PODRIJETLO<\/b><b>: <\/b>Indija<\/p>\n<p class=\"p1\"><b>SASTOJCI<\/b><b>: <\/b>Hibiscus rosa \u2013 sinensis flower powder (prah posu\u0161enih cvetov hibiskusa)<\/p>\n<p><b>CERTIFIKATI:<\/b><\/p>\n<p><img loading=\"lazy\" decoding=\"async\" class=\"alignnone wp-image-1837\" src=\"http:\/\/etnobotanika.eu\/wp-content\/uploads\/2016\/11\/prenos.png\" alt=\"\" width=\"115\" height=\"117\" \/> <img loading=\"lazy\" decoding=\"async\" class=\"alignnone wp-image-1835\" src=\"http:\/\/etnobotanika.eu\/wp-content\/uploads\/2016\/11\/ECOCERTCosmos-Organic-Q-300x300.jpg\" alt=\"\" width=\"120\" height=\"120\" srcset=\"https:\/\/www.etnobotanika.eu\/wp-content\/uploads\/2016\/11\/ECOCERTCosmos-Organic-Q-300x300.jpg 300w, https:\/\/www.etnobotanika.eu\/wp-content\/uploads\/2016\/11\/ECOCERTCosmos-Organic-Q-600x600.jpg 600w, https:\/\/www.etnobotanika.eu\/wp-content\/uploads\/2016\/11\/ECOCERTCosmos-Organic-Q-150x150.jpg 150w, https:\/\/www.etnobotanika.eu\/wp-content\/uploads\/2016\/11\/ECOCERTCosmos-Organic-Q.jpg 1200w, https:\/\/www.etnobotanika.eu\/wp-content\/uploads\/2016\/11\/ECOCERTCosmos-Organic-Q-768x768.jpg 768w, https:\/\/www.etnobotanika.eu\/wp-content\/uploads\/2016\/11\/ECOCERTCosmos-Organic-Q-1024x1024.jpg 1024w, https:\/\/www.etnobotanika.eu\/wp-content\/uploads\/2016\/11\/ECOCERTCosmos-Organic-Q-100x100.jpg 100w, https:\/\/www.etnobotanika.eu\/wp-content\/uploads\/2016\/11\/ECOCERTCosmos-Organic-Q-45x45.jpg 45w\" sizes=\"auto, (max-width: 120px) 100vw, 120px\" \/> <img loading=\"lazy\" decoding=\"async\" class=\"alignnone wp-image-1834\" src=\"http:\/\/etnobotanika.eu\/wp-content\/uploads\/2016\/11\/1441715859India-Organic-Logo-300x277.jpg\" alt=\"\" width=\"113\" height=\"105\" srcset=\"https:\/\/www.etnobotanika.eu\/wp-content\/uploads\/2016\/11\/1441715859India-Organic-Logo-300x277.jpg 300w, https:\/\/www.etnobotanika.eu\/wp-content\/uploads\/2016\/11\/1441715859India-Organic-Logo-600x554.jpg 600w, https:\/\/www.etnobotanika.eu\/wp-content\/uploads\/2016\/11\/1441715859India-Organic-Logo-150x139.jpg 150w, https:\/\/www.etnobotanika.eu\/wp-content\/uploads\/2016\/11\/1441715859India-Organic-Logo-1200x1109.jpg 1200w, https:\/\/www.etnobotanika.eu\/wp-content\/uploads\/2016\/11\/1441715859India-Organic-Logo-768x710.jpg 768w, https:\/\/www.etnobotanika.eu\/wp-content\/uploads\/2016\/11\/1441715859India-Organic-Logo-1024x946.jpg 1024w, https:\/\/www.etnobotanika.eu\/wp-content\/uploads\/2016\/11\/1441715859India-Organic-Logo.jpg 1421w\" sizes=\"auto, (max-width: 113px) 100vw, 113px\" \/><img loading=\"lazy\" decoding=\"async\" class=\"alignnone wp-image-1803\" src=\"http:\/\/etnobotanika.eu\/wp-content\/uploads\/2017\/09\/Cruelty-Free-International-285x300.jpg\" alt=\"\" width=\"107\" height=\"113\" srcset=\"https:\/\/www.etnobotanika.eu\/wp-content\/uploads\/2017\/09\/Cruelty-Free-International-285x300.jpg 285w, https:\/\/www.etnobotanika.eu\/wp-content\/uploads\/2017\/09\/Cruelty-Free-International-150x158.jpg 150w, https:\/\/www.etnobotanika.eu\/wp-content\/uploads\/2017\/09\/Cruelty-Free-International-100x105.jpg 100w, https:\/\/www.etnobotanika.eu\/wp-content\/uploads\/2017\/09\/Cruelty-Free-International.jpg 300w\" sizes=\"auto, (max-width: 107px) 100vw, 107px\" \/><img loading=\"lazy\" decoding=\"async\" class=\"alignnone wp-image-1803\" src=\"https:\/\/www.etnobotanika.eu\/wp-content\/uploads\/2021\/03\/ecogea300x300.png\" alt=\"\" width=\"103\" height=\"109\" \/><\/p>\n<p>&nbsp;<\/p>\n","protected":false},"excerpt":{"rendered":"<p>Ekolo\u0161ki hibiskus Etnobotanike prah je cvjetova hibiskusa. Koristi se za stimulaciju djelovanja vlasi\u0161ta. Iznimno je u\u010dinkovita s amlom i hidrolatom ru\u017emarina i izvrsna je\u00a0 obloga protiv ispadanja kose. Kod bojanja kose koristi se zajedno s kanom i kao nijanser za ja\u010de crvene nijanse kose. Za sve tipove i teksture kose.<\/p>\n","protected":false},"featured_media":34462,"comment_status":"open","ping_status":"closed","template":"","meta":{"_acf_changed":false,"footnotes":""},"product_brand":[],"product_cat":[230,213,231,212,229],"product_tag":[214],"class_list":{"0":"post-33179","1":"product","2":"type-product","3":"status-publish","4":"has-post-thumbnail","6":"product_cat-prirodne-biljne-maske-za-kosu","7":"product_cat-za-kosu","8":"product_cat-za-vlasiste","9":"product_cat-prirodne-biljne-boje-za-kosu","10":"product_cat-prirodne-biljne-obloge-za-vlasiste","11":"product_tag-bojanje-kose-hr","13":"first","14":"instock","15":"taxable","16":"shipping-taxable","17":"purchasable","18":"product-type-simple"},"acf":[],"yoast_head":"<!-- This site is optimized with the Yoast SEO plugin v27.3 - https:\/\/yoast.com\/product\/yoast-seo-wordpress\/ -->\n<title>Prirodni hibiskus - Etnobotanika<\/title>\n<meta name=\"description\" content=\"Ekolo\u0161ki hibiskus koristi se kao prirodni i ljekoviti oblog za kosu i vlasi\u0161te, preventivno ili kurativno.\" \/>\n<meta name=\"robots\" content=\"index, follow, max-snippet:-1, max-image-preview:large, max-video-preview:-1\" \/>\n<link rel=\"canonical\" href=\"https:\/\/www.etnobotanika.eu\/hr\/proizvod\/prirodni-hibiskus\/\" \/>\n<meta property=\"og:locale\" content=\"hr_HR\" \/>\n<meta property=\"og:type\" content=\"article\" \/>\n<meta property=\"og:title\" content=\"Prirodni hibiskus - Etnobotanika\" \/>\n<meta property=\"og:description\" content=\"Ekolo\u0161ki hibiskus koristi se kao prirodni i ljekoviti oblog za kosu i vlasi\u0161te, preventivno ili kurativno.\" \/>\n<meta property=\"og:url\" content=\"https:\/\/www.etnobotanika.eu\/hr\/proizvod\/prirodni-hibiskus\/\" \/>\n<meta property=\"og:site_name\" content=\"Etnobotanika\" \/>\n<meta property=\"article:modified_time\" content=\"2024-07-02T08:48:25+00:00\" \/>\n<meta property=\"og:image\" content=\"https:\/\/www.etnobotanika.eu\/wp-content\/uploads\/2023\/12\/hibiskus-2-e1709208066481.jpg\" \/>\n\t<meta property=\"og:image:width\" content=\"1368\" \/>\n\t<meta property=\"og:image:height\" content=\"896\" \/>\n\t<meta property=\"og:image:type\" content=\"image\/jpeg\" \/>\n<meta name=\"twitter:card\" content=\"summary_large_image\" \/>\n<meta name=\"twitter:label1\" content=\"Procijenjeno vrijeme \u010ditanja\" \/>\n\t<meta name=\"twitter:data1\" content=\"5 minuta\" \/>\n<script type=\"application\/ld+json\" class=\"yoast-schema-graph\">{\"@context\":\"https:\\\/\\\/schema.org\",\"@graph\":[{\"@type\":[\"WebPage\",\"ItemPage\"],\"@id\":\"https:\\\/\\\/www.etnobotanika.eu\\\/hr\\\/proizvod\\\/prirodni-hibiskus\\\/\",\"url\":\"https:\\\/\\\/www.etnobotanika.eu\\\/hr\\\/proizvod\\\/prirodni-hibiskus\\\/\",\"name\":\"Prirodni hibiskus - Etnobotanika\",\"isPartOf\":{\"@id\":\"https:\\\/\\\/www.etnobotanika.eu\\\/hr\\\/#website\"},\"primaryImageOfPage\":{\"@id\":\"https:\\\/\\\/www.etnobotanika.eu\\\/hr\\\/proizvod\\\/prirodni-hibiskus\\\/#primaryimage\"},\"image\":{\"@id\":\"https:\\\/\\\/www.etnobotanika.eu\\\/hr\\\/proizvod\\\/prirodni-hibiskus\\\/#primaryimage\"},\"thumbnailUrl\":\"https:\\\/\\\/www.etnobotanika.eu\\\/wp-content\\\/uploads\\\/2023\\\/12\\\/hibiskus-2-e1709208066481.jpg\",\"datePublished\":\"2023-12-11T03:07:56+00:00\",\"dateModified\":\"2024-07-02T08:48:25+00:00\",\"description\":\"Ekolo\u0161ki hibiskus koristi se kao prirodni i ljekoviti oblog za kosu i vlasi\u0161te, preventivno ili kurativno.\",\"breadcrumb\":{\"@id\":\"https:\\\/\\\/www.etnobotanika.eu\\\/hr\\\/proizvod\\\/prirodni-hibiskus\\\/#breadcrumb\"},\"inLanguage\":\"hr\",\"potentialAction\":[{\"@type\":\"ReadAction\",\"target\":[\"https:\\\/\\\/www.etnobotanika.eu\\\/hr\\\/proizvod\\\/prirodni-hibiskus\\\/\"]}]},{\"@type\":\"ImageObject\",\"inLanguage\":\"hr\",\"@id\":\"https:\\\/\\\/www.etnobotanika.eu\\\/hr\\\/proizvod\\\/prirodni-hibiskus\\\/#primaryimage\",\"url\":\"https:\\\/\\\/www.etnobotanika.eu\\\/wp-content\\\/uploads\\\/2023\\\/12\\\/hibiskus-2-e1709208066481.jpg\",\"contentUrl\":\"https:\\\/\\\/www.etnobotanika.eu\\\/wp-content\\\/uploads\\\/2023\\\/12\\\/hibiskus-2-e1709208066481.jpg\",\"width\":1368,\"height\":896},{\"@type\":\"BreadcrumbList\",\"@id\":\"https:\\\/\\\/www.etnobotanika.eu\\\/hr\\\/proizvod\\\/prirodni-hibiskus\\\/#breadcrumb\",\"itemListElement\":[{\"@type\":\"ListItem\",\"position\":1,\"name\":\"Home\",\"item\":\"https:\\\/\\\/www.etnobotanika.eu\\\/hr\\\/\"},{\"@type\":\"ListItem\",\"position\":2,\"name\":\"Trgovina\",\"item\":\"https:\\\/\\\/www.etnobotanika.eu\\\/hr\\\/trgovina\\\/\"},{\"@type\":\"ListItem\",\"position\":3,\"name\":\"PRIRODNI HIBISKUS\"}]},{\"@type\":\"WebSite\",\"@id\":\"https:\\\/\\\/www.etnobotanika.eu\\\/hr\\\/#website\",\"url\":\"https:\\\/\\\/www.etnobotanika.eu\\\/hr\\\/\",\"name\":\"Etnobotanika\",\"description\":\"Naravna rastlinska barvila in negovala za lase\",\"potentialAction\":[{\"@type\":\"SearchAction\",\"target\":{\"@type\":\"EntryPoint\",\"urlTemplate\":\"https:\\\/\\\/www.etnobotanika.eu\\\/hr\\\/?s={search_term_string}\"},\"query-input\":{\"@type\":\"PropertyValueSpecification\",\"valueRequired\":true,\"valueName\":\"search_term_string\"}}],\"inLanguage\":\"hr\"}]}<\/script>\n<!-- \/ Yoast SEO plugin. -->","yoast_head_json":{"title":"Prirodni hibiskus - Etnobotanika","description":"Ekolo\u0161ki hibiskus koristi se kao prirodni i ljekoviti oblog za kosu i vlasi\u0161te, preventivno ili kurativno.","robots":{"index":"index","follow":"follow","max-snippet":"max-snippet:-1","max-image-preview":"max-image-preview:large","max-video-preview":"max-video-preview:-1"},"canonical":"https:\/\/www.etnobotanika.eu\/hr\/proizvod\/prirodni-hibiskus\/","og_locale":"hr_HR","og_type":"article","og_title":"Prirodni hibiskus - Etnobotanika","og_description":"Ekolo\u0161ki hibiskus koristi se kao prirodni i ljekoviti oblog za kosu i vlasi\u0161te, preventivno ili kurativno.","og_url":"https:\/\/www.etnobotanika.eu\/hr\/proizvod\/prirodni-hibiskus\/","og_site_name":"Etnobotanika","article_modified_time":"2024-07-02T08:48:25+00:00","og_image":[{"width":1368,"height":896,"url":"https:\/\/www.etnobotanika.eu\/wp-content\/uploads\/2023\/12\/hibiskus-2-e1709208066481.jpg","type":"image\/jpeg"}],"twitter_card":"summary_large_image","twitter_misc":{"Procijenjeno vrijeme \u010ditanja":"5 minuta"},"schema":{"@context":"https:\/\/schema.org","@graph":[{"@type":["WebPage","ItemPage"],"@id":"https:\/\/www.etnobotanika.eu\/hr\/proizvod\/prirodni-hibiskus\/","url":"https:\/\/www.etnobotanika.eu\/hr\/proizvod\/prirodni-hibiskus\/","name":"Prirodni hibiskus - Etnobotanika","isPartOf":{"@id":"https:\/\/www.etnobotanika.eu\/hr\/#website"},"primaryImageOfPage":{"@id":"https:\/\/www.etnobotanika.eu\/hr\/proizvod\/prirodni-hibiskus\/#primaryimage"},"image":{"@id":"https:\/\/www.etnobotanika.eu\/hr\/proizvod\/prirodni-hibiskus\/#primaryimage"},"thumbnailUrl":"https:\/\/www.etnobotanika.eu\/wp-content\/uploads\/2023\/12\/hibiskus-2-e1709208066481.jpg","datePublished":"2023-12-11T03:07:56+00:00","dateModified":"2024-07-02T08:48:25+00:00","description":"Ekolo\u0161ki hibiskus koristi se kao prirodni i ljekoviti oblog za kosu i vlasi\u0161te, preventivno ili kurativno.","breadcrumb":{"@id":"https:\/\/www.etnobotanika.eu\/hr\/proizvod\/prirodni-hibiskus\/#breadcrumb"},"inLanguage":"hr","potentialAction":[{"@type":"ReadAction","target":["https:\/\/www.etnobotanika.eu\/hr\/proizvod\/prirodni-hibiskus\/"]}]},{"@type":"ImageObject","inLanguage":"hr","@id":"https:\/\/www.etnobotanika.eu\/hr\/proizvod\/prirodni-hibiskus\/#primaryimage","url":"https:\/\/www.etnobotanika.eu\/wp-content\/uploads\/2023\/12\/hibiskus-2-e1709208066481.jpg","contentUrl":"https:\/\/www.etnobotanika.eu\/wp-content\/uploads\/2023\/12\/hibiskus-2-e1709208066481.jpg","width":1368,"height":896},{"@type":"BreadcrumbList","@id":"https:\/\/www.etnobotanika.eu\/hr\/proizvod\/prirodni-hibiskus\/#breadcrumb","itemListElement":[{"@type":"ListItem","position":1,"name":"Home","item":"https:\/\/www.etnobotanika.eu\/hr\/"},{"@type":"ListItem","position":2,"name":"Trgovina","item":"https:\/\/www.etnobotanika.eu\/hr\/trgovina\/"},{"@type":"ListItem","position":3,"name":"PRIRODNI HIBISKUS"}]},{"@type":"WebSite","@id":"https:\/\/www.etnobotanika.eu\/hr\/#website","url":"https:\/\/www.etnobotanika.eu\/hr\/","name":"Etnobotanika","description":"Naravna rastlinska barvila in negovala za lase","potentialAction":[{"@type":"SearchAction","target":{"@type":"EntryPoint","urlTemplate":"https:\/\/www.etnobotanika.eu\/hr\/?s={search_term_string}"},"query-input":{"@type":"PropertyValueSpecification","valueRequired":true,"valueName":"search_term_string"}}],"inLanguage":"hr"}]}},"_links":{"self":[{"href":"https:\/\/www.etnobotanika.eu\/hr\/wp-json\/wp\/v2\/product\/33179","targetHints":{"allow":["GET"]}}],"collection":[{"href":"https:\/\/www.etnobotanika.eu\/hr\/wp-json\/wp\/v2\/product"}],"about":[{"href":"https:\/\/www.etnobotanika.eu\/hr\/wp-json\/wp\/v2\/types\/product"}],"replies":[{"embeddable":true,"href":"https:\/\/www.etnobotanika.eu\/hr\/wp-json\/wp\/v2\/comments?post=33179"}],"version-history":[{"count":4,"href":"https:\/\/www.etnobotanika.eu\/hr\/wp-json\/wp\/v2\/product\/33179\/revisions"}],"predecessor-version":[{"id":37574,"href":"https:\/\/www.etnobotanika.eu\/hr\/wp-json\/wp\/v2\/product\/33179\/revisions\/37574"}],"wp:featuredmedia":[{"embeddable":true,"href":"https:\/\/www.etnobotanika.eu\/hr\/wp-json\/wp\/v2\/media\/34462"}],"wp:attachment":[{"href":"https:\/\/www.etnobotanika.eu\/hr\/wp-json\/wp\/v2\/media?parent=33179"}],"wp:term":[{"taxonomy":"product_brand","embeddable":true,"href":"https:\/\/www.etnobotanika.eu\/hr\/wp-json\/wp\/v2\/product_brand?post=33179"},{"taxonomy":"product_cat","embeddable":true,"href":"https:\/\/www.etnobotanika.eu\/hr\/wp-json\/wp\/v2\/product_cat?post=33179"},{"taxonomy":"product_tag","embeddable":true,"href":"https:\/\/www.etnobotanika.eu\/hr\/wp-json\/wp\/v2\/product_tag?post=33179"}],"curies":[{"name":"wp","href":"https:\/\/api.w.org\/{rel}","templated":true}]}}