{"id":33182,"date":"2023-12-11T04:10:24","date_gmt":"2023-12-11T03:10:24","guid":{"rendered":"https:\/\/www.etnobotanika.eu\/izdelek\/ekoloski-hidrolat-vrtnica\/"},"modified":"2024-11-11T11:32:52","modified_gmt":"2024-11-11T10:32:52","slug":"prirodni-hidrolat-ruza","status":"publish","type":"product","link":"https:\/\/www.etnobotanika.eu\/hr\/proizvod\/prirodni-hidrolat-ruza\/","title":{"rendered":"PRIRODNI HIDROLAT RU\u017dA"},"content":{"rendered":"<p><span style=\"font-weight: 400;\">Hidrolat je proizvod destilacije vodenom parom latica Dama\u0161\u010danske ru\u017ee (Rosa damascena).<\/span><\/p>\n<p><span style=\"font-weight: 400;\">Ru\u017ea ima opojnu slatku, ru\u017ei\u010dastu aromu svje\u017eih cvjetova koji se otvaraju krajem ljeta. Jedinstveni miris okrepljuje i smiruje. Uglavnom se povezuje sa \u017eenama i sr\u010danom \u010dakrom. Njezina nas vibracija usmjerava na &#8220;poliranje&#8221; na\u0161e osobnosti do savr\u0161enog sjaja i sinergije du\u0161e i tijela. Povoljno djeluje kod nedostatka samopo\u0161tovanja, samokriti\u010dnosti, samo &#8211; sabota\u017ee i potiskivanja vlastitih emocija. Koristite je kada se osje\u0107ate povrije\u0111eno ili kada vas preplave jake emocije (npr. \u017ealost zbog gubitka voljene osobe). Raspr\u0161ite je preko sr\u010dane \u010dakre i utrljajte u smjeru kazaljke na satu, jer poti\u010de ljubav prema sebi.<\/span><\/p>\n<ul>\n<li>100 % \u010dist. Ne vsebuje konzervansov ali dodatkov.<\/li>\n<li>Mikrobiolo\u0161ko testiran.<\/li>\n<li>Primeren za u\u017eivanje.<\/li>\n<\/ul>\n<h2>Unutra\u0161nja upotreba:<\/h2>\n<p><span style=\"font-weight: 400;\">Probajte \u017eli\u010dicu hidrolata ru\u017ee s \u010da\u0161om \u0161ampanjca ili s malom koli\u010dinom vode.<\/span><\/p>\n<p>Vi\u0161e o hidrolatima mo\u017eete prona\u0107i u bro\u0161uri:<br \/>\n<a href=\"https:\/\/www.etnobotanika.eu\/wp-content\/uploads\/2023\/12\/Hidrolati_brosura_HR.pdf\">https:\/\/www.etnobotanika.eu\/wp-content\/uploads\/2023\/12\/Hidrolati_brosura_HR.pdf<\/a><\/p>\n<h2 class=\"p1\">Upute za kori\u0161tenje:<\/h2>\n<p class=\"p1\">Za upotrebu hidrolata u pravilu nije potrebno razrje\u0111ivanje. Zapravo ih mo\u017eemo koristiti svaki dan. Ipak, preporu\u010damo da prije uporabe napravite test ko\u017ee.<\/p>\n<h2 class=\"p1\">Skladi\u0161tenje<\/h2>\n<p class=\"p1\">Hidrolat \u010duvajte na tamnom i hladnom mjestu. Nakon otvaranja \u010duvati u hladnjaku.<\/p>\n<p><b>Upozorenje:<\/b><br \/>\nPodru\u010dja i metode kori\u0161tenja preuzeti su iz knjiga ili referentnih stru\u010dnih web stranica. Podaci su informativnog karaktera i ne predstavljaju medicinske podatke te ih uvijek koristite na vlastitu odgovornost. Prije eventualne uporabe hidrolata u terapijske svrhe posavjetujte se s lije\u010dnikom.<\/p>\n<h2>Tehni\u010dki podaci:<\/h2>\n<p class=\"p1\"><b>PAKIRANJE<\/b>: 200 ml ali 500 ml<\/p>\n<p class=\"p1\"><b>PODRIJETLO<\/b>: Maroko<\/p>\n<p class=\"p1\"><b>SASTOJCI<\/b>: Rosa damascena Flower Water \u2013 iz ekolo\u0161ke pridelave<\/p>\n<p><span style=\"font-size: medium;\"><strong>Ekolo\u0161ki certifikat:<\/strong> <\/span><\/p>\n<p><span style=\"font-size: medium;\">ECOCERT ORGANIC<\/span><\/p>\n<p><span style=\"font-size: medium;\"><a href=\"https:\/\/www.etnobotanika.eu\/wp-content\/uploads\/2020\/04\/ECOCERT_LOGO-300x163.jpg\"><img loading=\"lazy\" decoding=\"async\" class=\"alignleft wp-image-12859 \" src=\"https:\/\/www.etnobotanika.eu\/wp-content\/uploads\/2020\/04\/ECOCERT_LOGO-300x163.jpg\" alt=\"\" width=\"103\" height=\"56\" srcset=\"https:\/\/www.etnobotanika.eu\/wp-content\/uploads\/2020\/04\/ECOCERT_LOGO-300x163.jpg 300w, https:\/\/www.etnobotanika.eu\/wp-content\/uploads\/2020\/04\/ECOCERT_LOGO-600x325.jpg 600w, https:\/\/www.etnobotanika.eu\/wp-content\/uploads\/2020\/04\/ECOCERT_LOGO-150x81.jpg 150w, https:\/\/www.etnobotanika.eu\/wp-content\/uploads\/2020\/04\/ECOCERT_LOGO.jpg 677w\" sizes=\"auto, (max-width: 103px) 100vw, 103px\" \/><\/a><\/span><\/p>\n<p>&nbsp;<\/p>\n<p>&nbsp;<\/p>\n<p><strong><span style=\"font-size: 16px;\">Analitski certifikat:<\/span><\/strong><\/p>\n<p><a href=\"https:\/\/www.etnobotanika.eu\/wp-content\/uploads\/2022\/04\/ANALYTICAL-REPORT-20247-DAMASK-ROSEFLORAL-WATER-ORGANIC-web.pdf\" target=\"_blank\" rel=\"noopener\">ANALYTICAL REPORT 20247 DAMASK ROSEFLORAL WATER ORGANIC &#8211; web<\/a><\/p>\n","protected":false},"excerpt":{"rendered":"<ul>\n<li style=\"font-weight: 400;\" aria-level=\"1\"><span style=\"font-weight: 400;\">Za njegu svih tipova ko\u017ee, prvenstveno o\u0161te\u0107ene i zrele ko\u017ee.<\/span><\/li>\n<li style=\"font-weight: 400;\" aria-level=\"1\"><span style=\"font-weight: 400;\">Za regulaciju emocija i hormona kod PMS-a.<\/span><\/li>\n<li style=\"font-weight: 400;\" aria-level=\"1\"><span style=\"font-weight: 400;\">U ljetnim mjesecima kao tonik za osvje\u017eavanje lica.<\/span><\/li>\n<li style=\"font-weight: 400;\" aria-level=\"1\"><span style=\"font-weight: 400;\">Opojnoga mirisa, u potpunosti prirodan parfem za osvje\u017eavanje (\u010dak i za djecu).<\/span><\/li>\n<li style=\"font-weight: 400;\" aria-level=\"1\"><span style=\"font-weight: 400;\">Popularan kao aktivni sastojak krema, tonika i maski, koji tako\u0111er daje ugodan miris va\u0161im proizvodima.<\/span><\/li>\n<li style=\"font-weight: 400;\" aria-level=\"1\"><span style=\"font-weight: 400;\">Raspr\u0161ite ga po sobi ili posteljini &#8211; za da\u0161ak romantike.<\/span><\/li>\n<\/ul>\n","protected":false},"featured_media":32123,"comment_status":"open","ping_status":"closed","template":"","meta":{"_acf_changed":false,"footnotes":""},"product_brand":[],"product_cat":[213,239,237,221],"product_tag":[224,240],"class_list":{"0":"post-33182","1":"product","2":"type-product","3":"status-publish","4":"has-post-thumbnail","6":"product_cat-za-kosu","7":"product_cat-hidrolati-za-kozu","8":"product_cat-hidrolati-za-kosu","9":"product_cat-za-kozu","10":"product_tag-njega-kose-hr","11":"product_tag-prirodna-njega-koze-hr","13":"first","14":"instock","15":"taxable","16":"shipping-taxable","17":"purchasable","18":"product-type-variable","19":"has-default-attributes"},"acf":[],"yoast_head":"<!-- This site is optimized with the Yoast SEO plugin v27.3 - https:\/\/yoast.com\/product\/yoast-seo-wordpress\/ -->\n<title>Prirodni hidrolat ru\u017ea - 100% naravno -Etnobotanika<\/title>\n<meta name=\"description\" content=\"Prirodni hidrolat ru\u017ea: 100% \u010dist, bez konzervansa. Opojni miris, sinergija du\u0161e i tijela. Koristite za samopouzdanje i emocionalnu ravnote\u017eu.\" \/>\n<meta name=\"robots\" content=\"index, follow, max-snippet:-1, max-image-preview:large, max-video-preview:-1\" \/>\n<link rel=\"canonical\" href=\"https:\/\/www.etnobotanika.eu\/hr\/proizvod\/prirodni-hidrolat-ruza\/\" \/>\n<meta property=\"og:locale\" content=\"hr_HR\" \/>\n<meta property=\"og:type\" content=\"article\" \/>\n<meta property=\"og:title\" content=\"Prirodni hidrolat ru\u017ea - 100% naravno -Etnobotanika\" \/>\n<meta property=\"og:description\" content=\"Prirodni hidrolat ru\u017ea: 100% \u010dist, bez konzervansa. Opojni miris, sinergija du\u0161e i tijela. Koristite za samopouzdanje i emocionalnu ravnote\u017eu.\" \/>\n<meta property=\"og:url\" content=\"https:\/\/www.etnobotanika.eu\/hr\/proizvod\/prirodni-hidrolat-ruza\/\" \/>\n<meta property=\"og:site_name\" content=\"Etnobotanika\" \/>\n<meta property=\"article:modified_time\" content=\"2024-11-11T10:32:52+00:00\" \/>\n<meta property=\"og:image\" content=\"https:\/\/www.etnobotanika.eu\/wp-content\/uploads\/2023\/12\/200-ml-vrtnica.png\" \/>\n\t<meta property=\"og:image:width\" content=\"1080\" \/>\n\t<meta property=\"og:image:height\" content=\"1080\" \/>\n\t<meta property=\"og:image:type\" content=\"image\/png\" \/>\n<meta name=\"twitter:card\" content=\"summary_large_image\" \/>\n<meta name=\"twitter:label1\" content=\"Procijenjeno vrijeme \u010ditanja\" \/>\n\t<meta name=\"twitter:data1\" content=\"2 minute\" \/>\n<script type=\"application\/ld+json\" class=\"yoast-schema-graph\">{\"@context\":\"https:\\\/\\\/schema.org\",\"@graph\":[{\"@type\":\"WebPage\",\"@id\":\"https:\\\/\\\/www.etnobotanika.eu\\\/hr\\\/proizvod\\\/prirodni-hidrolat-ruza\\\/\",\"url\":\"https:\\\/\\\/www.etnobotanika.eu\\\/hr\\\/proizvod\\\/prirodni-hidrolat-ruza\\\/\",\"name\":\"Prirodni hidrolat ru\u017ea - 100% naravno -Etnobotanika\",\"isPartOf\":{\"@id\":\"https:\\\/\\\/www.etnobotanika.eu\\\/hr\\\/#website\"},\"primaryImageOfPage\":{\"@id\":\"https:\\\/\\\/www.etnobotanika.eu\\\/hr\\\/proizvod\\\/prirodni-hidrolat-ruza\\\/#primaryimage\"},\"image\":{\"@id\":\"https:\\\/\\\/www.etnobotanika.eu\\\/hr\\\/proizvod\\\/prirodni-hidrolat-ruza\\\/#primaryimage\"},\"thumbnailUrl\":\"https:\\\/\\\/www.etnobotanika.eu\\\/wp-content\\\/uploads\\\/2023\\\/12\\\/200-ml-vrtnica.png\",\"datePublished\":\"2023-12-11T03:10:24+00:00\",\"dateModified\":\"2024-11-11T10:32:52+00:00\",\"description\":\"Prirodni hidrolat ru\u017ea: 100% \u010dist, bez konzervansa. Opojni miris, sinergija du\u0161e i tijela. Koristite za samopouzdanje i emocionalnu ravnote\u017eu.\",\"breadcrumb\":{\"@id\":\"https:\\\/\\\/www.etnobotanika.eu\\\/hr\\\/proizvod\\\/prirodni-hidrolat-ruza\\\/#breadcrumb\"},\"inLanguage\":\"hr\",\"potentialAction\":[{\"@type\":\"ReadAction\",\"target\":[\"https:\\\/\\\/www.etnobotanika.eu\\\/hr\\\/proizvod\\\/prirodni-hidrolat-ruza\\\/\"]}]},{\"@type\":\"ImageObject\",\"inLanguage\":\"hr\",\"@id\":\"https:\\\/\\\/www.etnobotanika.eu\\\/hr\\\/proizvod\\\/prirodni-hidrolat-ruza\\\/#primaryimage\",\"url\":\"https:\\\/\\\/www.etnobotanika.eu\\\/wp-content\\\/uploads\\\/2023\\\/12\\\/200-ml-vrtnica.png\",\"contentUrl\":\"https:\\\/\\\/www.etnobotanika.eu\\\/wp-content\\\/uploads\\\/2023\\\/12\\\/200-ml-vrtnica.png\",\"width\":1080,\"height\":1080,\"caption\":\"hidrolat ru\u017ee 200\"},{\"@type\":\"BreadcrumbList\",\"@id\":\"https:\\\/\\\/www.etnobotanika.eu\\\/hr\\\/proizvod\\\/prirodni-hidrolat-ruza\\\/#breadcrumb\",\"itemListElement\":[{\"@type\":\"ListItem\",\"position\":1,\"name\":\"Home\",\"item\":\"https:\\\/\\\/www.etnobotanika.eu\\\/hr\\\/\"},{\"@type\":\"ListItem\",\"position\":2,\"name\":\"Trgovina\",\"item\":\"https:\\\/\\\/www.etnobotanika.eu\\\/hr\\\/trgovina\\\/\"},{\"@type\":\"ListItem\",\"position\":3,\"name\":\"PRIRODNI HIDROLAT RU\u017dA\"}]},{\"@type\":\"WebSite\",\"@id\":\"https:\\\/\\\/www.etnobotanika.eu\\\/hr\\\/#website\",\"url\":\"https:\\\/\\\/www.etnobotanika.eu\\\/hr\\\/\",\"name\":\"Etnobotanika\",\"description\":\"Naravna rastlinska barvila in negovala za lase\",\"potentialAction\":[{\"@type\":\"SearchAction\",\"target\":{\"@type\":\"EntryPoint\",\"urlTemplate\":\"https:\\\/\\\/www.etnobotanika.eu\\\/hr\\\/?s={search_term_string}\"},\"query-input\":{\"@type\":\"PropertyValueSpecification\",\"valueRequired\":true,\"valueName\":\"search_term_string\"}}],\"inLanguage\":\"hr\"}]}<\/script>\n<!-- \/ Yoast SEO plugin. -->","yoast_head_json":{"title":"Prirodni hidrolat ru\u017ea - 100% naravno -Etnobotanika","description":"Prirodni hidrolat ru\u017ea: 100% \u010dist, bez konzervansa. Opojni miris, sinergija du\u0161e i tijela. Koristite za samopouzdanje i emocionalnu ravnote\u017eu.","robots":{"index":"index","follow":"follow","max-snippet":"max-snippet:-1","max-image-preview":"max-image-preview:large","max-video-preview":"max-video-preview:-1"},"canonical":"https:\/\/www.etnobotanika.eu\/hr\/proizvod\/prirodni-hidrolat-ruza\/","og_locale":"hr_HR","og_type":"article","og_title":"Prirodni hidrolat ru\u017ea - 100% naravno -Etnobotanika","og_description":"Prirodni hidrolat ru\u017ea: 100% \u010dist, bez konzervansa. Opojni miris, sinergija du\u0161e i tijela. Koristite za samopouzdanje i emocionalnu ravnote\u017eu.","og_url":"https:\/\/www.etnobotanika.eu\/hr\/proizvod\/prirodni-hidrolat-ruza\/","og_site_name":"Etnobotanika","article_modified_time":"2024-11-11T10:32:52+00:00","og_image":[{"width":1080,"height":1080,"url":"https:\/\/www.etnobotanika.eu\/wp-content\/uploads\/2023\/12\/200-ml-vrtnica.png","type":"image\/png"}],"twitter_card":"summary_large_image","twitter_misc":{"Procijenjeno vrijeme \u010ditanja":"2 minute"},"schema":{"@context":"https:\/\/schema.org","@graph":[{"@type":"WebPage","@id":"https:\/\/www.etnobotanika.eu\/hr\/proizvod\/prirodni-hidrolat-ruza\/","url":"https:\/\/www.etnobotanika.eu\/hr\/proizvod\/prirodni-hidrolat-ruza\/","name":"Prirodni hidrolat ru\u017ea - 100% naravno -Etnobotanika","isPartOf":{"@id":"https:\/\/www.etnobotanika.eu\/hr\/#website"},"primaryImageOfPage":{"@id":"https:\/\/www.etnobotanika.eu\/hr\/proizvod\/prirodni-hidrolat-ruza\/#primaryimage"},"image":{"@id":"https:\/\/www.etnobotanika.eu\/hr\/proizvod\/prirodni-hidrolat-ruza\/#primaryimage"},"thumbnailUrl":"https:\/\/www.etnobotanika.eu\/wp-content\/uploads\/2023\/12\/200-ml-vrtnica.png","datePublished":"2023-12-11T03:10:24+00:00","dateModified":"2024-11-11T10:32:52+00:00","description":"Prirodni hidrolat ru\u017ea: 100% \u010dist, bez konzervansa. Opojni miris, sinergija du\u0161e i tijela. Koristite za samopouzdanje i emocionalnu ravnote\u017eu.","breadcrumb":{"@id":"https:\/\/www.etnobotanika.eu\/hr\/proizvod\/prirodni-hidrolat-ruza\/#breadcrumb"},"inLanguage":"hr","potentialAction":[{"@type":"ReadAction","target":["https:\/\/www.etnobotanika.eu\/hr\/proizvod\/prirodni-hidrolat-ruza\/"]}]},{"@type":"ImageObject","inLanguage":"hr","@id":"https:\/\/www.etnobotanika.eu\/hr\/proizvod\/prirodni-hidrolat-ruza\/#primaryimage","url":"https:\/\/www.etnobotanika.eu\/wp-content\/uploads\/2023\/12\/200-ml-vrtnica.png","contentUrl":"https:\/\/www.etnobotanika.eu\/wp-content\/uploads\/2023\/12\/200-ml-vrtnica.png","width":1080,"height":1080,"caption":"hidrolat ru\u017ee 200"},{"@type":"BreadcrumbList","@id":"https:\/\/www.etnobotanika.eu\/hr\/proizvod\/prirodni-hidrolat-ruza\/#breadcrumb","itemListElement":[{"@type":"ListItem","position":1,"name":"Home","item":"https:\/\/www.etnobotanika.eu\/hr\/"},{"@type":"ListItem","position":2,"name":"Trgovina","item":"https:\/\/www.etnobotanika.eu\/hr\/trgovina\/"},{"@type":"ListItem","position":3,"name":"PRIRODNI HIDROLAT RU\u017dA"}]},{"@type":"WebSite","@id":"https:\/\/www.etnobotanika.eu\/hr\/#website","url":"https:\/\/www.etnobotanika.eu\/hr\/","name":"Etnobotanika","description":"Naravna rastlinska barvila in negovala za lase","potentialAction":[{"@type":"SearchAction","target":{"@type":"EntryPoint","urlTemplate":"https:\/\/www.etnobotanika.eu\/hr\/?s={search_term_string}"},"query-input":{"@type":"PropertyValueSpecification","valueRequired":true,"valueName":"search_term_string"}}],"inLanguage":"hr"}]}},"_links":{"self":[{"href":"https:\/\/www.etnobotanika.eu\/hr\/wp-json\/wp\/v2\/product\/33182","targetHints":{"allow":["GET"]}}],"collection":[{"href":"https:\/\/www.etnobotanika.eu\/hr\/wp-json\/wp\/v2\/product"}],"about":[{"href":"https:\/\/www.etnobotanika.eu\/hr\/wp-json\/wp\/v2\/types\/product"}],"replies":[{"embeddable":true,"href":"https:\/\/www.etnobotanika.eu\/hr\/wp-json\/wp\/v2\/comments?post=33182"}],"version-history":[{"count":2,"href":"https:\/\/www.etnobotanika.eu\/hr\/wp-json\/wp\/v2\/product\/33182\/revisions"}],"predecessor-version":[{"id":35802,"href":"https:\/\/www.etnobotanika.eu\/hr\/wp-json\/wp\/v2\/product\/33182\/revisions\/35802"}],"wp:featuredmedia":[{"embeddable":true,"href":"https:\/\/www.etnobotanika.eu\/hr\/wp-json\/wp\/v2\/media\/32123"}],"wp:attachment":[{"href":"https:\/\/www.etnobotanika.eu\/hr\/wp-json\/wp\/v2\/media?parent=33182"}],"wp:term":[{"taxonomy":"product_brand","embeddable":true,"href":"https:\/\/www.etnobotanika.eu\/hr\/wp-json\/wp\/v2\/product_brand?post=33182"},{"taxonomy":"product_cat","embeddable":true,"href":"https:\/\/www.etnobotanika.eu\/hr\/wp-json\/wp\/v2\/product_cat?post=33182"},{"taxonomy":"product_tag","embeddable":true,"href":"https:\/\/www.etnobotanika.eu\/hr\/wp-json\/wp\/v2\/product_tag?post=33182"}],"curies":[{"name":"wp","href":"https:\/\/api.w.org\/{rel}","templated":true}]}}