{"id":33261,"date":"2023-12-11T04:10:24","date_gmt":"2023-12-11T03:10:24","guid":{"rendered":"https:\/\/www.etnobotanika.eu\/izdelek\/ekoloski-hidrolat-rozmarin\/"},"modified":"2024-11-11T11:34:44","modified_gmt":"2024-11-11T10:34:44","slug":"prirodni-hidrolat-ruzmarin","status":"publish","type":"product","link":"https:\/\/www.etnobotanika.eu\/hr\/proizvod\/prirodni-hidrolat-ruzmarin\/","title":{"rendered":"PRIRODNI HIDROLAT RU\u017dMARIN"},"content":{"rendered":"<p><span style=\"font-weight: 400;\">Hidrolat je proizvod parne destilacije gran\u010dica ru\u017emarina (Rosmarinus Officinalis).<\/span><span style=\"font-weight: 400;\"><br \/>\n<\/span><\/p>\n<p><span style=\"font-weight: 400;\">Ru\u017emarin je nadaleko poznat kao kulinarska biljka, no manje je poznato da su ga starogr\u010dki u\u010denjaci koristili za pobolj\u0161anje pam\u0107enja prije ispita. Usmjerava nas prema u\u010denju, razumijevanju i povezivanju uzroka i posljedice. Razvija na\u0161 um i \u0161iri na\u0161e spoznaje o svijetu. Povoljno djeluje kod pretjerane introvertiranosti, depresije, konfliktnih situacija, emocionalnih blokada i kod straha od promjene,<\/span><\/p>\n<ul>\n<li><span style=\"font-weight: 400;\">100 % je \u010dist. Ne sadr\u017ei konzervanse ili dodatke.<\/span><\/li>\n<li>Mikrobiolo\u0161ki je testiran.<\/li>\n<li>Primjeren je za konzumiranje.<\/li>\n<\/ul>\n<h2>Vanjska upotreba:<\/h2>\n<ul>\n<li><span style=\"font-weight: 400;\">Njeguje kosu i vlasi\u0161te.<\/span><\/li>\n<li>Djeluje osvje\u017eavaju\u0107e i regenerativno.<\/li>\n<li>\u010cisti i napinje ko\u017eu te poti\u010de cirkulaciju u ko\u017ei i vlasi\u0161tu.<\/li>\n<li>Kao tonik ili vodica nakon brijanja.<\/li>\n<li>Kao tonik za skidanje \u0161minke.<\/li>\n<li>Kao osvje\u017eiva\u010d prostora.<\/li>\n<li>Za pripremu doma\u0107e kozmetike (npr. Sapuna, krema, losiona, \u0161ampona,..).<\/li>\n<\/ul>\n<h2>Unutra\u0161nja upotreba:<\/h2>\n<ul>\n<li><span style=\"font-weight: 400;\">\u00a0Kori\u0161tenje u kulinarici.<\/span><\/li>\n<li>\u00a0Kao vodica za oralnu higijenu.<\/li>\n<\/ul>\n<p>Vi\u0161e o hidrolatima mo\u017eete prona\u0107i u bro\u0161uri:<br \/>\n<a href=\"https:\/\/www.etnobotanika.eu\/wp-content\/uploads\/2023\/12\/Hidrolati_brosura_HR.pdf\">https:\/\/www.etnobotanika.eu\/wp-content\/uploads\/2023\/12\/Hidrolati_brosura_HR.pdf<\/a><\/p>\n<h2>Upute za uporabu:<\/h2>\n<p><span style=\"font-weight: 400;\">Za upotrebu hidrolata u pravilu nije potrebno razrje\u0111ivanje. Mo\u017eemo ih koristiti svi i svakoga dana. Naravno, preporu\u010dujemo da prije same upotrebe hidrolate testirate na ko\u017ei.<\/span><\/p>\n<h2 class=\"p1\">Skladi\u0161tenje<\/h2>\n<p><span style=\"font-weight: 400;\">Hidrolat pohranjujete u tamnom i hladnom prostoru. Nakon otvaranja pohranite ga u hladnjak.<\/span><\/p>\n<p><b>Upozorenje:<\/b><span style=\"font-weight: 400;\"><br \/>\n<\/span><span style=\"font-weight: 400;\">Podru\u010dja i metode kori\u0161tenja preuzeti su iz knjiga ili referentnih stru\u010dnih web stranica. Podaci su informativnog karaktera i ne predstavljaju medicinske podatke te ih uvijek koristite na vlastitu odgovornost. Prije eventualne uporabe hidrolata u terapijske svrhe posavjetujte se s lije\u010dnikom.<\/span><\/p>\n<h2 class=\"p1\">Tehni\u010dki podaci:<\/h2>\n<p class=\"p1\"><b>PAKIRANJE:<\/b>\u00a0200 ml ali 500 ml<\/p>\n<p class=\"p1\"><b>PODRIJETLO<\/b>: Francija<\/p>\n<p class=\"p1\"><b>SASTOJCI<\/b>: Rosmarinus Officinalis Leaf Water \u2013 iz ekolo\u0161ke pridelave<\/p>\n<p><span style=\"font-size: medium;\"><strong>Ekolo\u0161ki certifikat:<\/strong> <\/span><\/p>\n<p><span style=\"font-size: medium;\">ECOCERT ORGANIC<\/span><\/p>\n<p><span style=\"font-size: medium;\"><a href=\"https:\/\/www.etnobotanika.eu\/wp-content\/uploads\/2020\/04\/ECOCERT_LOGO-300x163.jpg\"><img loading=\"lazy\" decoding=\"async\" class=\"alignleft wp-image-12859 \" src=\"https:\/\/www.etnobotanika.eu\/wp-content\/uploads\/2020\/04\/ECOCERT_LOGO-300x163.jpg\" alt=\"\" width=\"86\" height=\"47\" srcset=\"https:\/\/www.etnobotanika.eu\/wp-content\/uploads\/2020\/04\/ECOCERT_LOGO-300x163.jpg 300w, https:\/\/www.etnobotanika.eu\/wp-content\/uploads\/2020\/04\/ECOCERT_LOGO-600x325.jpg 600w, https:\/\/www.etnobotanika.eu\/wp-content\/uploads\/2020\/04\/ECOCERT_LOGO-150x81.jpg 150w, https:\/\/www.etnobotanika.eu\/wp-content\/uploads\/2020\/04\/ECOCERT_LOGO.jpg 677w\" sizes=\"auto, (max-width: 86px) 100vw, 86px\" \/><\/a><\/span><\/p>\n<p>&nbsp;<\/p>\n<p>&nbsp;<\/p>\n<h2><strong><span style=\"font-size: 16px;\">Analitski certifikat:<\/span>\u00a0<\/strong><\/h2>\n<p><a href=\"https:\/\/www.etnobotanika.eu\/wp-content\/uploads\/2020\/04\/analy.-report-rozmarin-300x225.jpg\"><img loading=\"lazy\" decoding=\"async\" class=\"size-medium wp-image-13738 alignleft\" src=\"https:\/\/www.etnobotanika.eu\/wp-content\/uploads\/2020\/04\/analy.-report-rozmarin-300x225.jpg\" alt=\"\" width=\"300\" height=\"225\" srcset=\"https:\/\/www.etnobotanika.eu\/wp-content\/uploads\/2020\/04\/analy.-report-rozmarin-300x225.jpg 300w, https:\/\/www.etnobotanika.eu\/wp-content\/uploads\/2020\/04\/analy.-report-rozmarin-600x450.jpg 600w, https:\/\/www.etnobotanika.eu\/wp-content\/uploads\/2020\/04\/analy.-report-rozmarin-150x113.jpg 150w, https:\/\/www.etnobotanika.eu\/wp-content\/uploads\/2020\/04\/analy.-report-rozmarin-768x576.jpg 768w, https:\/\/www.etnobotanika.eu\/wp-content\/uploads\/2020\/04\/analy.-report-rozmarin.jpg 960w\" sizes=\"auto, (max-width: 300px) 100vw, 300px\" \/><\/a><\/p>\n<p>&nbsp;<\/p>\n<p>&nbsp;<\/p>\n<p>&nbsp;<\/p>\n<p>&nbsp;<\/p>\n<p>&nbsp;<\/p>\n<p>&nbsp;<\/p>\n","protected":false},"excerpt":{"rendered":"<ul>\n<li>Kao tonik odli\u010dno njeguje kosu i vlasi\u0161te &#8211; mikrocirkulacija vlasi\u0161ta.<\/li>\n<li>\u010cisti i napinje ko\u017eu te poti\u010de cirkulaciju u uvenuloj ko\u017ei.<\/li>\n<li>Odli\u010dan za inhaliranje za\u010depljenog nosa, prehlade, ka\u0161lja i peludne groznice.<\/li>\n<li>Djeluje osvje\u017eavaju\u0107e i regenerativno.<\/li>\n<li>Poti\u010de mentalnu aktivnost i pobolj\u0161ava pam\u0107enje<\/li>\n<li>Bez konzervansa i dodataka &#8211; primjeren za konzumiranje.<\/li>\n<\/ul>\n","protected":false},"featured_media":32121,"comment_status":"open","ping_status":"closed","template":"","meta":{"_acf_changed":false,"footnotes":""},"product_brand":[],"product_cat":[238,239,237],"product_tag":[240],"class_list":{"0":"post-33261","1":"product","2":"type-product","3":"status-publish","4":"has-post-thumbnail","6":"product_cat-hidrolati-za-vlasiste","7":"product_cat-hidrolati-za-kozu","8":"product_cat-hidrolati-za-kosu","9":"product_tag-prirodna-njega-koze-hr","11":"first","12":"instock","13":"taxable","14":"shipping-taxable","15":"purchasable","16":"product-type-variable","17":"has-default-attributes"},"acf":[],"yoast_head":"<!-- This site is optimized with the Yoast SEO plugin v27.3 - https:\/\/yoast.com\/product\/yoast-seo-wordpress\/ -->\n<title>Prirodni hidrolat ru\u017emarin - 100% ekolo\u0161ko - Etnobotanika<\/title>\n<meta name=\"description\" content=\"Ekolo\u0161ki hidrolat ru\u017emarina: osve\u017eava i stimulira va\u0161u kosu i vlasi\u0161te. \u010cisti i zate\u017ee ko\u017eu te poti\u010de cirkulaciju. Idealno za svakodnevnu njegu.\" \/>\n<meta name=\"robots\" content=\"index, follow, max-snippet:-1, max-image-preview:large, max-video-preview:-1\" \/>\n<link rel=\"canonical\" href=\"https:\/\/www.etnobotanika.eu\/hr\/proizvod\/prirodni-hidrolat-ruzmarin\/\" \/>\n<meta property=\"og:locale\" content=\"hr_HR\" \/>\n<meta property=\"og:type\" content=\"article\" \/>\n<meta property=\"og:title\" content=\"Prirodni hidrolat ru\u017emarin - 100% ekolo\u0161ko - Etnobotanika\" \/>\n<meta property=\"og:description\" content=\"Ekolo\u0161ki hidrolat ru\u017emarina: osve\u017eava i stimulira va\u0161u kosu i vlasi\u0161te. \u010cisti i zate\u017ee ko\u017eu te poti\u010de cirkulaciju. Idealno za svakodnevnu njegu.\" \/>\n<meta property=\"og:url\" content=\"https:\/\/www.etnobotanika.eu\/hr\/proizvod\/prirodni-hidrolat-ruzmarin\/\" \/>\n<meta property=\"og:site_name\" content=\"Etnobotanika\" \/>\n<meta property=\"article:modified_time\" content=\"2024-11-11T10:34:44+00:00\" \/>\n<meta property=\"og:image\" content=\"https:\/\/www.etnobotanika.eu\/wp-content\/uploads\/2023\/12\/200-ml-rozmarin.png\" \/>\n\t<meta property=\"og:image:width\" content=\"1080\" \/>\n\t<meta property=\"og:image:height\" content=\"1080\" \/>\n\t<meta property=\"og:image:type\" content=\"image\/png\" \/>\n<meta name=\"twitter:card\" content=\"summary_large_image\" \/>\n<meta name=\"twitter:label1\" content=\"Procijenjeno vrijeme \u010ditanja\" \/>\n\t<meta name=\"twitter:data1\" content=\"2 minute\" \/>\n<script type=\"application\/ld+json\" class=\"yoast-schema-graph\">{\"@context\":\"https:\\\/\\\/schema.org\",\"@graph\":[{\"@type\":\"WebPage\",\"@id\":\"https:\\\/\\\/www.etnobotanika.eu\\\/hr\\\/proizvod\\\/prirodni-hidrolat-ruzmarin\\\/\",\"url\":\"https:\\\/\\\/www.etnobotanika.eu\\\/hr\\\/proizvod\\\/prirodni-hidrolat-ruzmarin\\\/\",\"name\":\"Prirodni hidrolat ru\u017emarin - 100% ekolo\u0161ko - Etnobotanika\",\"isPartOf\":{\"@id\":\"https:\\\/\\\/www.etnobotanika.eu\\\/hr\\\/#website\"},\"primaryImageOfPage\":{\"@id\":\"https:\\\/\\\/www.etnobotanika.eu\\\/hr\\\/proizvod\\\/prirodni-hidrolat-ruzmarin\\\/#primaryimage\"},\"image\":{\"@id\":\"https:\\\/\\\/www.etnobotanika.eu\\\/hr\\\/proizvod\\\/prirodni-hidrolat-ruzmarin\\\/#primaryimage\"},\"thumbnailUrl\":\"https:\\\/\\\/www.etnobotanika.eu\\\/wp-content\\\/uploads\\\/2023\\\/12\\\/200-ml-rozmarin.png\",\"datePublished\":\"2023-12-11T03:10:24+00:00\",\"dateModified\":\"2024-11-11T10:34:44+00:00\",\"description\":\"Ekolo\u0161ki hidrolat ru\u017emarina: osve\u017eava i stimulira va\u0161u kosu i vlasi\u0161te. \u010cisti i zate\u017ee ko\u017eu te poti\u010de cirkulaciju. Idealno za svakodnevnu njegu.\",\"breadcrumb\":{\"@id\":\"https:\\\/\\\/www.etnobotanika.eu\\\/hr\\\/proizvod\\\/prirodni-hidrolat-ruzmarin\\\/#breadcrumb\"},\"inLanguage\":\"hr\",\"potentialAction\":[{\"@type\":\"ReadAction\",\"target\":[\"https:\\\/\\\/www.etnobotanika.eu\\\/hr\\\/proizvod\\\/prirodni-hidrolat-ruzmarin\\\/\"]}]},{\"@type\":\"ImageObject\",\"inLanguage\":\"hr\",\"@id\":\"https:\\\/\\\/www.etnobotanika.eu\\\/hr\\\/proizvod\\\/prirodni-hidrolat-ruzmarin\\\/#primaryimage\",\"url\":\"https:\\\/\\\/www.etnobotanika.eu\\\/wp-content\\\/uploads\\\/2023\\\/12\\\/200-ml-rozmarin.png\",\"contentUrl\":\"https:\\\/\\\/www.etnobotanika.eu\\\/wp-content\\\/uploads\\\/2023\\\/12\\\/200-ml-rozmarin.png\",\"width\":1080,\"height\":1080},{\"@type\":\"BreadcrumbList\",\"@id\":\"https:\\\/\\\/www.etnobotanika.eu\\\/hr\\\/proizvod\\\/prirodni-hidrolat-ruzmarin\\\/#breadcrumb\",\"itemListElement\":[{\"@type\":\"ListItem\",\"position\":1,\"name\":\"Home\",\"item\":\"https:\\\/\\\/www.etnobotanika.eu\\\/hr\\\/\"},{\"@type\":\"ListItem\",\"position\":2,\"name\":\"Trgovina\",\"item\":\"https:\\\/\\\/www.etnobotanika.eu\\\/hr\\\/trgovina\\\/\"},{\"@type\":\"ListItem\",\"position\":3,\"name\":\"PRIRODNI HIDROLAT RU\u017dMARIN\"}]},{\"@type\":\"WebSite\",\"@id\":\"https:\\\/\\\/www.etnobotanika.eu\\\/hr\\\/#website\",\"url\":\"https:\\\/\\\/www.etnobotanika.eu\\\/hr\\\/\",\"name\":\"Etnobotanika\",\"description\":\"Naravna rastlinska barvila in negovala za lase\",\"potentialAction\":[{\"@type\":\"SearchAction\",\"target\":{\"@type\":\"EntryPoint\",\"urlTemplate\":\"https:\\\/\\\/www.etnobotanika.eu\\\/hr\\\/?s={search_term_string}\"},\"query-input\":{\"@type\":\"PropertyValueSpecification\",\"valueRequired\":true,\"valueName\":\"search_term_string\"}}],\"inLanguage\":\"hr\"}]}<\/script>\n<!-- \/ Yoast SEO plugin. -->","yoast_head_json":{"title":"Prirodni hidrolat ru\u017emarin - 100% ekolo\u0161ko - Etnobotanika","description":"Ekolo\u0161ki hidrolat ru\u017emarina: osve\u017eava i stimulira va\u0161u kosu i vlasi\u0161te. \u010cisti i zate\u017ee ko\u017eu te poti\u010de cirkulaciju. Idealno za svakodnevnu njegu.","robots":{"index":"index","follow":"follow","max-snippet":"max-snippet:-1","max-image-preview":"max-image-preview:large","max-video-preview":"max-video-preview:-1"},"canonical":"https:\/\/www.etnobotanika.eu\/hr\/proizvod\/prirodni-hidrolat-ruzmarin\/","og_locale":"hr_HR","og_type":"article","og_title":"Prirodni hidrolat ru\u017emarin - 100% ekolo\u0161ko - Etnobotanika","og_description":"Ekolo\u0161ki hidrolat ru\u017emarina: osve\u017eava i stimulira va\u0161u kosu i vlasi\u0161te. \u010cisti i zate\u017ee ko\u017eu te poti\u010de cirkulaciju. Idealno za svakodnevnu njegu.","og_url":"https:\/\/www.etnobotanika.eu\/hr\/proizvod\/prirodni-hidrolat-ruzmarin\/","og_site_name":"Etnobotanika","article_modified_time":"2024-11-11T10:34:44+00:00","og_image":[{"width":1080,"height":1080,"url":"https:\/\/www.etnobotanika.eu\/wp-content\/uploads\/2023\/12\/200-ml-rozmarin.png","type":"image\/png"}],"twitter_card":"summary_large_image","twitter_misc":{"Procijenjeno vrijeme \u010ditanja":"2 minute"},"schema":{"@context":"https:\/\/schema.org","@graph":[{"@type":"WebPage","@id":"https:\/\/www.etnobotanika.eu\/hr\/proizvod\/prirodni-hidrolat-ruzmarin\/","url":"https:\/\/www.etnobotanika.eu\/hr\/proizvod\/prirodni-hidrolat-ruzmarin\/","name":"Prirodni hidrolat ru\u017emarin - 100% ekolo\u0161ko - Etnobotanika","isPartOf":{"@id":"https:\/\/www.etnobotanika.eu\/hr\/#website"},"primaryImageOfPage":{"@id":"https:\/\/www.etnobotanika.eu\/hr\/proizvod\/prirodni-hidrolat-ruzmarin\/#primaryimage"},"image":{"@id":"https:\/\/www.etnobotanika.eu\/hr\/proizvod\/prirodni-hidrolat-ruzmarin\/#primaryimage"},"thumbnailUrl":"https:\/\/www.etnobotanika.eu\/wp-content\/uploads\/2023\/12\/200-ml-rozmarin.png","datePublished":"2023-12-11T03:10:24+00:00","dateModified":"2024-11-11T10:34:44+00:00","description":"Ekolo\u0161ki hidrolat ru\u017emarina: osve\u017eava i stimulira va\u0161u kosu i vlasi\u0161te. \u010cisti i zate\u017ee ko\u017eu te poti\u010de cirkulaciju. Idealno za svakodnevnu njegu.","breadcrumb":{"@id":"https:\/\/www.etnobotanika.eu\/hr\/proizvod\/prirodni-hidrolat-ruzmarin\/#breadcrumb"},"inLanguage":"hr","potentialAction":[{"@type":"ReadAction","target":["https:\/\/www.etnobotanika.eu\/hr\/proizvod\/prirodni-hidrolat-ruzmarin\/"]}]},{"@type":"ImageObject","inLanguage":"hr","@id":"https:\/\/www.etnobotanika.eu\/hr\/proizvod\/prirodni-hidrolat-ruzmarin\/#primaryimage","url":"https:\/\/www.etnobotanika.eu\/wp-content\/uploads\/2023\/12\/200-ml-rozmarin.png","contentUrl":"https:\/\/www.etnobotanika.eu\/wp-content\/uploads\/2023\/12\/200-ml-rozmarin.png","width":1080,"height":1080},{"@type":"BreadcrumbList","@id":"https:\/\/www.etnobotanika.eu\/hr\/proizvod\/prirodni-hidrolat-ruzmarin\/#breadcrumb","itemListElement":[{"@type":"ListItem","position":1,"name":"Home","item":"https:\/\/www.etnobotanika.eu\/hr\/"},{"@type":"ListItem","position":2,"name":"Trgovina","item":"https:\/\/www.etnobotanika.eu\/hr\/trgovina\/"},{"@type":"ListItem","position":3,"name":"PRIRODNI HIDROLAT RU\u017dMARIN"}]},{"@type":"WebSite","@id":"https:\/\/www.etnobotanika.eu\/hr\/#website","url":"https:\/\/www.etnobotanika.eu\/hr\/","name":"Etnobotanika","description":"Naravna rastlinska barvila in negovala za lase","potentialAction":[{"@type":"SearchAction","target":{"@type":"EntryPoint","urlTemplate":"https:\/\/www.etnobotanika.eu\/hr\/?s={search_term_string}"},"query-input":{"@type":"PropertyValueSpecification","valueRequired":true,"valueName":"search_term_string"}}],"inLanguage":"hr"}]}},"_links":{"self":[{"href":"https:\/\/www.etnobotanika.eu\/hr\/wp-json\/wp\/v2\/product\/33261","targetHints":{"allow":["GET"]}}],"collection":[{"href":"https:\/\/www.etnobotanika.eu\/hr\/wp-json\/wp\/v2\/product"}],"about":[{"href":"https:\/\/www.etnobotanika.eu\/hr\/wp-json\/wp\/v2\/types\/product"}],"replies":[{"embeddable":true,"href":"https:\/\/www.etnobotanika.eu\/hr\/wp-json\/wp\/v2\/comments?post=33261"}],"version-history":[{"count":2,"href":"https:\/\/www.etnobotanika.eu\/hr\/wp-json\/wp\/v2\/product\/33261\/revisions"}],"predecessor-version":[{"id":37573,"href":"https:\/\/www.etnobotanika.eu\/hr\/wp-json\/wp\/v2\/product\/33261\/revisions\/37573"}],"wp:featuredmedia":[{"embeddable":true,"href":"https:\/\/www.etnobotanika.eu\/hr\/wp-json\/wp\/v2\/media\/32121"}],"wp:attachment":[{"href":"https:\/\/www.etnobotanika.eu\/hr\/wp-json\/wp\/v2\/media?parent=33261"}],"wp:term":[{"taxonomy":"product_brand","embeddable":true,"href":"https:\/\/www.etnobotanika.eu\/hr\/wp-json\/wp\/v2\/product_brand?post=33261"},{"taxonomy":"product_cat","embeddable":true,"href":"https:\/\/www.etnobotanika.eu\/hr\/wp-json\/wp\/v2\/product_cat?post=33261"},{"taxonomy":"product_tag","embeddable":true,"href":"https:\/\/www.etnobotanika.eu\/hr\/wp-json\/wp\/v2\/product_tag?post=33261"}],"curies":[{"name":"wp","href":"https:\/\/api.w.org\/{rel}","templated":true}]}}