{"id":33313,"date":"2023-12-11T04:10:24","date_gmt":"2023-12-11T03:10:24","guid":{"rendered":"https:\/\/www.etnobotanika.eu\/izdelek\/ekoloski-hidrolat-poprova-meta\/"},"modified":"2024-11-11T11:38:00","modified_gmt":"2024-11-11T10:38:00","slug":"prirodni-hidrolat-paprene-metvice","status":"publish","type":"product","link":"https:\/\/www.etnobotanika.eu\/hr\/proizvod\/prirodni-hidrolat-paprene-metvice\/","title":{"rendered":"PRIRODNI HIDROLAT PAPRENE METVICE"},"content":{"rendered":"<p>Hidrolat je proizvod destilacije vodenom parom listova paprene metvice (Mentha piperita).<\/p>\n<p>Paprena metvica stimulira lijevu polovicu mozga i poti\u010de jasno razmi\u0161ljanje i koncentraciju, preporu\u010duje se psihi\u010dki optere\u0107enim osobama. Cijela biljka ima pikantan, aromati\u010dan okus i miris. Povezujemo je s &#8220;izazovom&#8221; kao duhovnom kvalitetom koja nam omogu\u0107uje rast i razvoj na\u0161e svijesti. Kada zaspimo u \u017eivotu, vibracija metvice djeluje kao lijek za ponovno povezivanje sa samim sobom. Usmjerava nas u sredi\u0161te na\u0161eg bi\u0107a, gdje se uvijek nalaze va\u017eni odgovori potrebni za na\u0161 \u017eivot. Poma\u017ee nam da se fokusiramo, blagotvorno djeluje protiv neodlu\u010dnosti i osje\u0107aja nestabilnosti i dezorijentiranosti. Tijelo, um i du\u0161a bit \u0107e vam zahvalni na novom valu uzbudljivog osvje\u017eenja.<\/p>\n<h2>Vanjska upotreba:<\/h2>\n<ul>\n<li style=\"font-weight: 400;\" aria-level=\"1\">Za njegu umorne, upaljene, masne i svrbe\u0107e ko\u017ee.<\/li>\n<li style=\"font-weight: 400;\" aria-level=\"1\">U kremama za ko\u017eu bez sjaja, vodama poslije brijanja, dezodoransima i vodicama za ispiranje usta.<\/li>\n<li style=\"font-weight: 400;\" aria-level=\"1\">Za lije\u010denje glavobolje, prekomjernog znojenja, slabosti i temperature.<\/li>\n<\/ul>\n<h2>Unutra\u0161nja upotreba:<\/h2>\n<ul>\n<li style=\"font-weight: 400;\" aria-level=\"1\">Za detoksikaciju jetre i kod \u017eelu\u010danih tegoba pijemo hidrolat metvice 3 tjedna (svaki dan po \u017elicu hidrolata u litri vode).<\/li>\n<li style=\"font-weight: 400;\" aria-level=\"1\">Od hidrolata metvice mo\u017eete napraviti kocke leda, dodati ga u zeleni \u010daj ili ljetne limunade.<\/li>\n<li style=\"font-weight: 400;\" aria-level=\"1\">Budu\u0107i da je slatkastog okusa, ukusan je dodatak vo\u0107nim salatama.<\/li>\n<\/ul>\n<p>Vi\u0161e o hidrolatima mo\u017eete prona\u0107i u bro\u0161uri:<br \/>\n<a href=\"https:\/\/www.etnobotanika.eu\/wp-content\/uploads\/2023\/12\/Hidrolati_brosura_HR.pdf\">https:\/\/www.etnobotanika.eu\/wp-content\/uploads\/2023\/12\/Hidrolati_brosura_HR.pdf<\/a><\/p>\n<h2>Upute za uporabu:<\/h2>\n<p>Za upotrebu hidrolata u pravilu nije potrebno razrje\u0111ivanje. Mo\u017eemo ih koristiti svi i svakoga dana. Naravno, preporu\u010dujemo da prije same upotrebe hidrolate testirate na ko\u017ei.<\/p>\n<h2 class=\"p1\">Skladi\u0161tenje<\/h2>\n<p>Hidrolat \u010duvati u tamnom i hladnom prostoru. Nakon otvaranja \u010duvati ga u hladnjak.<\/p>\n<p><b>Upozorenje:<\/b><br \/>\nPodru\u010dja i metode kori\u0161tenja preuzeti su iz knjiga ili referentnih stru\u010dnih web stranica. Podaci su informativnog karaktera i ne predstavljaju medicinske podatke te ih uvijek koristite na vlastitu odgovornost. Prije eventualne uporabe hidrolata u terapijske svrhe posavjetujte se s lije\u010dnikom.<\/p>\n<h2>Tehni\u010dki podaci:<\/h2>\n<p><b>PAKIRANJE:\u00a0<\/b> 200 ml ali 500 ml<br \/>\n<b>PODRIJETLO<\/b>: Francuska<br \/>\n<b>SASTOJCI: <\/b>Mentha piperita Leaf Water \u2013 iz ekolo\u0161ke proizvodnje<br \/>\n<strong>Ekolo\u0161ki certifikat:<\/strong><\/p>\n<p>ECOCERT ORGANIC<\/p>\n<p><span style=\"font-size: medium;\"><a href=\"https:\/\/www.etnobotanika.eu\/wp-content\/uploads\/2020\/04\/ECOCERT_LOGO-300x163.jpg\"><img loading=\"lazy\" decoding=\"async\" class=\"alignleft wp-image-12859 \" src=\"https:\/\/www.etnobotanika.eu\/wp-content\/uploads\/2020\/04\/ECOCERT_LOGO-300x163.jpg\" alt=\"\" width=\"106\" height=\"58\" srcset=\"https:\/\/www.etnobotanika.eu\/wp-content\/uploads\/2020\/04\/ECOCERT_LOGO-300x163.jpg 300w, https:\/\/www.etnobotanika.eu\/wp-content\/uploads\/2020\/04\/ECOCERT_LOGO-600x325.jpg 600w, https:\/\/www.etnobotanika.eu\/wp-content\/uploads\/2020\/04\/ECOCERT_LOGO-150x81.jpg 150w, https:\/\/www.etnobotanika.eu\/wp-content\/uploads\/2020\/04\/ECOCERT_LOGO.jpg 677w\" sizes=\"auto, (max-width: 106px) 100vw, 106px\" \/><\/a><\/span><\/p>\n<p>&nbsp;<\/p>\n<p>&nbsp;<\/p>\n<p>&nbsp;<\/p>\n<p><strong>Analiti\u010dki certifikat:\u00a0<\/strong><\/p>\n<p><a href=\"https:\/\/www.etnobotanika.eu\/wp-content\/uploads\/2022\/04\/ANALYTICAL-REPORT-20363-PEPPERMINT-FLORAL-WATER-ORGANIC-web.pdf\" target=\"_blank\" rel=\"noopener\">ANALYTICAL REPORT 20363 PEPPERMINT FLORAL WATER ORGANIC &#8211; web<\/a><\/p>\n<p>&nbsp;<\/p>\n","protected":false},"excerpt":{"rendered":"<ul>\n<li style=\"font-weight: 400;\" aria-level=\"1\">Za njegu umorne, upaljene, masne i aknaste ko\u017ee.<\/li>\n<li style=\"font-weight: 400;\" aria-level=\"1\">Protiv prhuti i masnog vlasi\u0161ta.<\/li>\n<li style=\"font-weight: 400;\" aria-level=\"1\">Za ubla\u017eavanje rana i nadra\u017eenosti od uboda insekata.<\/li>\n<li style=\"font-weight: 400;\" aria-level=\"1\">Za lije\u010denje glavobolje, prekomjernog znojenja, slabosti i temperature.<\/li>\n<li style=\"font-weight: 400;\" aria-level=\"1\">Bez konzervansa i aditiva &#8211; primjereno za konzumaciju (\u010dist probavni trakt &#8211; paraziti).<\/li>\n<\/ul>\n","protected":false},"featured_media":32119,"comment_status":"open","ping_status":"closed","template":"","meta":{"_acf_changed":false,"footnotes":""},"product_brand":[],"product_cat":[213,238,239,231,237,221],"product_tag":[240],"class_list":{"0":"post-33313","1":"product","2":"type-product","3":"status-publish","4":"has-post-thumbnail","6":"product_cat-za-kosu","7":"product_cat-hidrolati-za-vlasiste","8":"product_cat-hidrolati-za-kozu","9":"product_cat-za-vlasiste","10":"product_cat-hidrolati-za-kosu","11":"product_cat-za-kozu","12":"product_tag-prirodna-njega-koze-hr","14":"first","15":"instock","16":"taxable","17":"shipping-taxable","18":"purchasable","19":"product-type-variable","20":"has-default-attributes"},"acf":[],"yoast_head":"<!-- This site is optimized with the Yoast SEO plugin v27.3 - https:\/\/yoast.com\/product\/yoast-seo-wordpress\/ -->\n<title>Prirodni hidrolat paprene metvice - 100% ekolo\u0161ko - Etnobotanika<\/title>\n<meta name=\"description\" content=\"Ekolo\u0161ki hidrolat ru\u017emarina: osvje\u017eava i revitalizira kosu i vlasi\u0161te. \u010cisti, zate\u017ee ko\u017eu i poti\u010de cirkulaciju. Idealno za svakodnevnu njegu.\" \/>\n<meta name=\"robots\" content=\"index, follow, max-snippet:-1, max-image-preview:large, max-video-preview:-1\" \/>\n<link rel=\"canonical\" href=\"https:\/\/www.etnobotanika.eu\/hr\/proizvod\/prirodni-hidrolat-paprene-metvice\/\" \/>\n<meta property=\"og:locale\" content=\"hr_HR\" \/>\n<meta property=\"og:type\" content=\"article\" \/>\n<meta property=\"og:title\" content=\"Prirodni hidrolat paprene metvice - 100% ekolo\u0161ko - Etnobotanika\" \/>\n<meta property=\"og:description\" content=\"Ekolo\u0161ki hidrolat ru\u017emarina: osvje\u017eava i revitalizira kosu i vlasi\u0161te. \u010cisti, zate\u017ee ko\u017eu i poti\u010de cirkulaciju. Idealno za svakodnevnu njegu.\" \/>\n<meta property=\"og:url\" content=\"https:\/\/www.etnobotanika.eu\/hr\/proizvod\/prirodni-hidrolat-paprene-metvice\/\" \/>\n<meta property=\"og:site_name\" content=\"Etnobotanika\" \/>\n<meta property=\"article:modified_time\" content=\"2024-11-11T10:38:00+00:00\" \/>\n<meta property=\"og:image\" content=\"https:\/\/www.etnobotanika.eu\/wp-content\/uploads\/2023\/12\/200-ml-meta.png\" \/>\n\t<meta property=\"og:image:width\" content=\"1080\" \/>\n\t<meta property=\"og:image:height\" content=\"1080\" \/>\n\t<meta property=\"og:image:type\" content=\"image\/png\" \/>\n<meta name=\"twitter:card\" content=\"summary_large_image\" \/>\n<meta name=\"twitter:label1\" content=\"Procijenjeno vrijeme \u010ditanja\" \/>\n\t<meta name=\"twitter:data1\" content=\"3 minute\" \/>\n<script type=\"application\/ld+json\" class=\"yoast-schema-graph\">{\"@context\":\"https:\\\/\\\/schema.org\",\"@graph\":[{\"@type\":\"WebPage\",\"@id\":\"https:\\\/\\\/www.etnobotanika.eu\\\/hr\\\/proizvod\\\/prirodni-hidrolat-paprene-metvice\\\/\",\"url\":\"https:\\\/\\\/www.etnobotanika.eu\\\/hr\\\/proizvod\\\/prirodni-hidrolat-paprene-metvice\\\/\",\"name\":\"Prirodni hidrolat paprene metvice - 100% ekolo\u0161ko - Etnobotanika\",\"isPartOf\":{\"@id\":\"https:\\\/\\\/www.etnobotanika.eu\\\/hr\\\/#website\"},\"primaryImageOfPage\":{\"@id\":\"https:\\\/\\\/www.etnobotanika.eu\\\/hr\\\/proizvod\\\/prirodni-hidrolat-paprene-metvice\\\/#primaryimage\"},\"image\":{\"@id\":\"https:\\\/\\\/www.etnobotanika.eu\\\/hr\\\/proizvod\\\/prirodni-hidrolat-paprene-metvice\\\/#primaryimage\"},\"thumbnailUrl\":\"https:\\\/\\\/www.etnobotanika.eu\\\/wp-content\\\/uploads\\\/2023\\\/12\\\/200-ml-meta.png\",\"datePublished\":\"2023-12-11T03:10:24+00:00\",\"dateModified\":\"2024-11-11T10:38:00+00:00\",\"description\":\"Ekolo\u0161ki hidrolat ru\u017emarina: osvje\u017eava i revitalizira kosu i vlasi\u0161te. \u010cisti, zate\u017ee ko\u017eu i poti\u010de cirkulaciju. Idealno za svakodnevnu njegu.\",\"breadcrumb\":{\"@id\":\"https:\\\/\\\/www.etnobotanika.eu\\\/hr\\\/proizvod\\\/prirodni-hidrolat-paprene-metvice\\\/#breadcrumb\"},\"inLanguage\":\"hr\",\"potentialAction\":[{\"@type\":\"ReadAction\",\"target\":[\"https:\\\/\\\/www.etnobotanika.eu\\\/hr\\\/proizvod\\\/prirodni-hidrolat-paprene-metvice\\\/\"]}]},{\"@type\":\"ImageObject\",\"inLanguage\":\"hr\",\"@id\":\"https:\\\/\\\/www.etnobotanika.eu\\\/hr\\\/proizvod\\\/prirodni-hidrolat-paprene-metvice\\\/#primaryimage\",\"url\":\"https:\\\/\\\/www.etnobotanika.eu\\\/wp-content\\\/uploads\\\/2023\\\/12\\\/200-ml-meta.png\",\"contentUrl\":\"https:\\\/\\\/www.etnobotanika.eu\\\/wp-content\\\/uploads\\\/2023\\\/12\\\/200-ml-meta.png\",\"width\":1080,\"height\":1080},{\"@type\":\"BreadcrumbList\",\"@id\":\"https:\\\/\\\/www.etnobotanika.eu\\\/hr\\\/proizvod\\\/prirodni-hidrolat-paprene-metvice\\\/#breadcrumb\",\"itemListElement\":[{\"@type\":\"ListItem\",\"position\":1,\"name\":\"Home\",\"item\":\"https:\\\/\\\/www.etnobotanika.eu\\\/hr\\\/\"},{\"@type\":\"ListItem\",\"position\":2,\"name\":\"Trgovina\",\"item\":\"https:\\\/\\\/www.etnobotanika.eu\\\/hr\\\/trgovina\\\/\"},{\"@type\":\"ListItem\",\"position\":3,\"name\":\"PRIRODNI HIDROLAT PAPRENE METVICE\"}]},{\"@type\":\"WebSite\",\"@id\":\"https:\\\/\\\/www.etnobotanika.eu\\\/hr\\\/#website\",\"url\":\"https:\\\/\\\/www.etnobotanika.eu\\\/hr\\\/\",\"name\":\"Etnobotanika\",\"description\":\"Naravna rastlinska barvila in negovala za lase\",\"potentialAction\":[{\"@type\":\"SearchAction\",\"target\":{\"@type\":\"EntryPoint\",\"urlTemplate\":\"https:\\\/\\\/www.etnobotanika.eu\\\/hr\\\/?s={search_term_string}\"},\"query-input\":{\"@type\":\"PropertyValueSpecification\",\"valueRequired\":true,\"valueName\":\"search_term_string\"}}],\"inLanguage\":\"hr\"}]}<\/script>\n<!-- \/ Yoast SEO plugin. -->","yoast_head_json":{"title":"Prirodni hidrolat paprene metvice - 100% ekolo\u0161ko - Etnobotanika","description":"Ekolo\u0161ki hidrolat ru\u017emarina: osvje\u017eava i revitalizira kosu i vlasi\u0161te. \u010cisti, zate\u017ee ko\u017eu i poti\u010de cirkulaciju. Idealno za svakodnevnu njegu.","robots":{"index":"index","follow":"follow","max-snippet":"max-snippet:-1","max-image-preview":"max-image-preview:large","max-video-preview":"max-video-preview:-1"},"canonical":"https:\/\/www.etnobotanika.eu\/hr\/proizvod\/prirodni-hidrolat-paprene-metvice\/","og_locale":"hr_HR","og_type":"article","og_title":"Prirodni hidrolat paprene metvice - 100% ekolo\u0161ko - Etnobotanika","og_description":"Ekolo\u0161ki hidrolat ru\u017emarina: osvje\u017eava i revitalizira kosu i vlasi\u0161te. \u010cisti, zate\u017ee ko\u017eu i poti\u010de cirkulaciju. Idealno za svakodnevnu njegu.","og_url":"https:\/\/www.etnobotanika.eu\/hr\/proizvod\/prirodni-hidrolat-paprene-metvice\/","og_site_name":"Etnobotanika","article_modified_time":"2024-11-11T10:38:00+00:00","og_image":[{"width":1080,"height":1080,"url":"https:\/\/www.etnobotanika.eu\/wp-content\/uploads\/2023\/12\/200-ml-meta.png","type":"image\/png"}],"twitter_card":"summary_large_image","twitter_misc":{"Procijenjeno vrijeme \u010ditanja":"3 minute"},"schema":{"@context":"https:\/\/schema.org","@graph":[{"@type":"WebPage","@id":"https:\/\/www.etnobotanika.eu\/hr\/proizvod\/prirodni-hidrolat-paprene-metvice\/","url":"https:\/\/www.etnobotanika.eu\/hr\/proizvod\/prirodni-hidrolat-paprene-metvice\/","name":"Prirodni hidrolat paprene metvice - 100% ekolo\u0161ko - Etnobotanika","isPartOf":{"@id":"https:\/\/www.etnobotanika.eu\/hr\/#website"},"primaryImageOfPage":{"@id":"https:\/\/www.etnobotanika.eu\/hr\/proizvod\/prirodni-hidrolat-paprene-metvice\/#primaryimage"},"image":{"@id":"https:\/\/www.etnobotanika.eu\/hr\/proizvod\/prirodni-hidrolat-paprene-metvice\/#primaryimage"},"thumbnailUrl":"https:\/\/www.etnobotanika.eu\/wp-content\/uploads\/2023\/12\/200-ml-meta.png","datePublished":"2023-12-11T03:10:24+00:00","dateModified":"2024-11-11T10:38:00+00:00","description":"Ekolo\u0161ki hidrolat ru\u017emarina: osvje\u017eava i revitalizira kosu i vlasi\u0161te. \u010cisti, zate\u017ee ko\u017eu i poti\u010de cirkulaciju. Idealno za svakodnevnu njegu.","breadcrumb":{"@id":"https:\/\/www.etnobotanika.eu\/hr\/proizvod\/prirodni-hidrolat-paprene-metvice\/#breadcrumb"},"inLanguage":"hr","potentialAction":[{"@type":"ReadAction","target":["https:\/\/www.etnobotanika.eu\/hr\/proizvod\/prirodni-hidrolat-paprene-metvice\/"]}]},{"@type":"ImageObject","inLanguage":"hr","@id":"https:\/\/www.etnobotanika.eu\/hr\/proizvod\/prirodni-hidrolat-paprene-metvice\/#primaryimage","url":"https:\/\/www.etnobotanika.eu\/wp-content\/uploads\/2023\/12\/200-ml-meta.png","contentUrl":"https:\/\/www.etnobotanika.eu\/wp-content\/uploads\/2023\/12\/200-ml-meta.png","width":1080,"height":1080},{"@type":"BreadcrumbList","@id":"https:\/\/www.etnobotanika.eu\/hr\/proizvod\/prirodni-hidrolat-paprene-metvice\/#breadcrumb","itemListElement":[{"@type":"ListItem","position":1,"name":"Home","item":"https:\/\/www.etnobotanika.eu\/hr\/"},{"@type":"ListItem","position":2,"name":"Trgovina","item":"https:\/\/www.etnobotanika.eu\/hr\/trgovina\/"},{"@type":"ListItem","position":3,"name":"PRIRODNI HIDROLAT PAPRENE METVICE"}]},{"@type":"WebSite","@id":"https:\/\/www.etnobotanika.eu\/hr\/#website","url":"https:\/\/www.etnobotanika.eu\/hr\/","name":"Etnobotanika","description":"Naravna rastlinska barvila in negovala za lase","potentialAction":[{"@type":"SearchAction","target":{"@type":"EntryPoint","urlTemplate":"https:\/\/www.etnobotanika.eu\/hr\/?s={search_term_string}"},"query-input":{"@type":"PropertyValueSpecification","valueRequired":true,"valueName":"search_term_string"}}],"inLanguage":"hr"}]}},"_links":{"self":[{"href":"https:\/\/www.etnobotanika.eu\/hr\/wp-json\/wp\/v2\/product\/33313","targetHints":{"allow":["GET"]}}],"collection":[{"href":"https:\/\/www.etnobotanika.eu\/hr\/wp-json\/wp\/v2\/product"}],"about":[{"href":"https:\/\/www.etnobotanika.eu\/hr\/wp-json\/wp\/v2\/types\/product"}],"replies":[{"embeddable":true,"href":"https:\/\/www.etnobotanika.eu\/hr\/wp-json\/wp\/v2\/comments?post=33313"}],"version-history":[{"count":3,"href":"https:\/\/www.etnobotanika.eu\/hr\/wp-json\/wp\/v2\/product\/33313\/revisions"}],"predecessor-version":[{"id":34441,"href":"https:\/\/www.etnobotanika.eu\/hr\/wp-json\/wp\/v2\/product\/33313\/revisions\/34441"}],"wp:featuredmedia":[{"embeddable":true,"href":"https:\/\/www.etnobotanika.eu\/hr\/wp-json\/wp\/v2\/media\/32119"}],"wp:attachment":[{"href":"https:\/\/www.etnobotanika.eu\/hr\/wp-json\/wp\/v2\/media?parent=33313"}],"wp:term":[{"taxonomy":"product_brand","embeddable":true,"href":"https:\/\/www.etnobotanika.eu\/hr\/wp-json\/wp\/v2\/product_brand?post=33313"},{"taxonomy":"product_cat","embeddable":true,"href":"https:\/\/www.etnobotanika.eu\/hr\/wp-json\/wp\/v2\/product_cat?post=33313"},{"taxonomy":"product_tag","embeddable":true,"href":"https:\/\/www.etnobotanika.eu\/hr\/wp-json\/wp\/v2\/product_tag?post=33313"}],"curies":[{"name":"wp","href":"https:\/\/api.w.org\/{rel}","templated":true}]}}