{"id":33317,"date":"2023-12-11T04:10:24","date_gmt":"2023-12-11T03:10:24","guid":{"rendered":"https:\/\/www.etnobotanika.eu\/izdelek\/ekoloski-hidrolat-kamilica\/"},"modified":"2024-07-02T10:40:40","modified_gmt":"2024-07-02T08:40:40","slug":"prirodni-hidrolat-kamilica","status":"publish","type":"product","link":"https:\/\/www.etnobotanika.eu\/hr\/proizvod\/prirodni-hidrolat-kamilica\/","title":{"rendered":"PRIRODNI HIDROLAT KAMILICA"},"content":{"rendered":"<p>Hidrolat je proizvod destilacije vodenom parom cvjetova rimske kamilice (Anthemis nobilis Flower).<\/p>\n<p>Kamilica je u mnogim starim religijama povezivana s bo\u017eanstvom sunca. Ovaj cvijet nalik tratin\u010dici sinonim je univerzalne ljubavi, zbog \u010dega je jedan od najpoznatijih lijekova protiv stresa, odnosno koristi se za smirenje. Smatra se jednom od najsigurnijih biljaka pa je pravi izbor za bebe, djecu ili op\u0107enito za osjetljivije osobe. Razvija na\u0161u vlastitu slobodu mi\u0161ljenja i poti\u010de nas na prihva\u0107anje razli\u010ditosti. Stoga djeluje kao potpora, njeguje i usmjerena je prema humanosti.<\/p>\n<p>Kamilica smiruje, opu\u0161ta i uspavljuje. Posebno \u0107e dobro do\u0107i radoholi\u010darima, hiperaktivnoj djeci i bebama.<\/p>\n<h2>Vanjska upotreba:<\/h2>\n<p>Hidrolat ima vrlo kiseli pH (3,0 \u2013 3,3) i zato se NE preporu\u010duje za vrlo suhu ko\u017eu.<\/p>\n<ul>\n<li style=\"font-weight: 400;\" aria-level=\"1\">Za osjetljivu ko\u017eu, alergije i iritacije (crvenilo, ekcemi, akne, psorijaza, osipi s povi\u0161enom temperaturom).<\/li>\n<li style=\"font-weight: 400;\" aria-level=\"1\">Za njegu osjetljive ko\u017ee nakon sun\u010danja ili nakon brijanja.<\/li>\n<li style=\"font-weight: 400;\" aria-level=\"1\">Za upaljene o\u010di pravimo oblogu..<\/li>\n<li style=\"font-weight: 400;\" aria-level=\"1\"><!--StartFragment --><span class=\"cf0\">Za njegu djeteta koristimo tijekom kupanja ili u osvje\u017eiva\u010du za prostor.<\/span><!--EndFragment --><\/li>\n<li style=\"font-weight: 400;\" aria-level=\"1\">Raspr\u0161ite po ispucalim bradavicama i vatom nanesite na osip (razrije\u0111en s vodom u omjeru 50:50).<\/li>\n<\/ul>\n<h2>Unutra\u0161nja upotreba:<\/h2>\n<ul>\n<li style=\"font-weight: 400;\" aria-level=\"1\">1 kap se mo\u017ee dodati u vodu ili \u010daj protiv proljeva, a hidrolat se mo\u017ee utrljati i u desni kada rastu zubi.<\/li>\n<li style=\"font-weight: 400;\" aria-level=\"1\">Djeluje kao digestiv i poma\u017ee kod gr\u010deva i bolova u \u017eelucu.<\/li>\n<li style=\"font-weight: 400;\" aria-level=\"1\">Za bolji san nave\u010der u \u0161alicu \u010daja mo\u017eemo dodati \u017eli\u010dicu hidrolata.<\/li>\n<li style=\"font-weight: 400;\" aria-level=\"1\">Tako\u0111er, odli\u010dan je za smirenje ku\u0107nih ljubimaca kada su pod stresom.<\/li>\n<\/ul>\n<p>Vi\u0161e o hidrolatima mo\u017eete prona\u0107i u bro\u0161uri:<br \/>\n<a href=\"https:\/\/www.etnobotanika.eu\/wp-content\/uploads\/2023\/12\/Hidrolati_brosura_HR.pdf\">https:\/\/www.etnobotanika.eu\/wp-content\/uploads\/2023\/12\/Hidrolati_brosura_HR.pdf<\/a><\/p>\n<h2>Upute za uporabu:<\/h2>\n<p>Za upotrebu hidrolata u pravilu nije potrebno razrje\u0111ivanje. Mo\u017eemo ih koristiti svi i svakoga dana. Naravno, preporu\u010dujemo da prije same upotrebe hidrolate testirate na ko\u017ei.<\/p>\n<h2 class=\"p1\">Skladi\u0161tenje<\/h2>\n<p>Hidrolat \u010duvati u tamnom i hladnom prostoru. Nakon otvaranja \u010duvati ga u hladnjak.<\/p>\n<p><b>Upozorenje:<\/b><br \/>\nPodru\u010dja i metode kori\u0161tenja preuzeti su iz knjiga ili referentnih stru\u010dnih web stranica. Podaci su informativnog karaktera i ne predstavljaju medicinske podatke te ih uvijek koristite na vlastitu odgovornost. Prije eventualne uporabe hidrolata u terapijske svrhe posavjetujte se s lije\u010dnikom.<\/p>\n<h2>Tehni\u010dki podaci:<\/h2>\n<p><b>PAKIRANJE:<\/b>\u00a0200 ml ali 500 ml<br \/>\n<b>PODRIJETLO<\/b>: Maroko<br \/>\n<b>SASTOJCI<\/b>: Anthemis nobilis Flower Water \u2013 iz ekolo\u0161ke pridelav<br \/>\n<strong>Ekolo\u0161ki certifikat:<\/strong><\/p>\n<p>ECOCERT ORGANIC<\/p>\n<p><span style=\"font-size: medium;\"><a href=\"https:\/\/www.etnobotanika.eu\/wp-content\/uploads\/2020\/04\/ECOCERT_LOGO-300x163.jpg\"><img loading=\"lazy\" decoding=\"async\" class=\"alignleft wp-image-12859 \" src=\"https:\/\/www.etnobotanika.eu\/wp-content\/uploads\/2020\/04\/ECOCERT_LOGO-300x163.jpg\" alt=\"\" width=\"107\" height=\"58\" srcset=\"https:\/\/www.etnobotanika.eu\/wp-content\/uploads\/2020\/04\/ECOCERT_LOGO-300x163.jpg 300w, https:\/\/www.etnobotanika.eu\/wp-content\/uploads\/2020\/04\/ECOCERT_LOGO-600x325.jpg 600w, https:\/\/www.etnobotanika.eu\/wp-content\/uploads\/2020\/04\/ECOCERT_LOGO-150x81.jpg 150w, https:\/\/www.etnobotanika.eu\/wp-content\/uploads\/2020\/04\/ECOCERT_LOGO.jpg 677w\" sizes=\"auto, (max-width: 107px) 100vw, 107px\" \/><\/a><\/span><\/p>\n<p>&nbsp;<\/p>\n<p>&nbsp;<\/p>\n<p>&nbsp;<\/p>\n<p><strong>Analitski certifikat:\u00a0<\/strong><\/p>\n<p><a href=\"https:\/\/www.etnobotanika.eu\/wp-content\/uploads\/2022\/04\/COA-20319-ORGANIC-ROMAN-CHAMOMILE-HYDROSOL-web.pdf\" target=\"_blank\" rel=\"noopener\">COA 20319 ORGANIC ROMAN CHAMOMILE HYDROSOL web<\/a><\/p>\n","protected":false},"excerpt":{"rendered":"<ul>\n<li style=\"font-weight: 400;\" aria-level=\"1\">Za osjetljivu ko\u017eu, alergije i iritacije (crvenilo, ekcemi, akne, psorijaza, osipi s povi\u0161enom temperaturom).<\/li>\n<li style=\"font-weight: 400;\" aria-level=\"1\">Za njegu osjetljive ko\u017ee nakon sun\u010danja ili nakon brijanja.<\/li>\n<li style=\"font-weight: 400;\" aria-level=\"1\">Za smirenje i miran san.<\/li>\n<li style=\"font-weight: 400;\" aria-level=\"1\">Za njegu djeteta koristimo tijekom kupanja ili u osvje\u017eiva\u010du za prostor.<\/li>\n<li style=\"font-weight: 400;\" aria-level=\"1\">Pravimo oblogu za upalu o\u010diju.<\/li>\n<\/ul>\n","protected":false},"featured_media":32117,"comment_status":"open","ping_status":"closed","template":"","meta":{"_acf_changed":false,"footnotes":""},"product_brand":[],"product_cat":[213,238,239,237,221],"product_tag":[240],"class_list":{"0":"post-33317","1":"product","2":"type-product","3":"status-publish","4":"has-post-thumbnail","6":"product_cat-za-kosu","7":"product_cat-hidrolati-za-vlasiste","8":"product_cat-hidrolati-za-kozu","9":"product_cat-hidrolati-za-kosu","10":"product_cat-za-kozu","11":"product_tag-prirodna-njega-koze-hr","13":"first","14":"instock","15":"taxable","16":"shipping-taxable","17":"purchasable","18":"product-type-variable"},"acf":[],"yoast_head":"<!-- This site is optimized with the Yoast SEO plugin v27.3 - https:\/\/yoast.com\/product\/yoast-seo-wordpress\/ -->\n<title>Prirodni hidrolat kamilica - 100% ekolo\u0161ko - Etnobotanika<\/title>\n<meta name=\"description\" content=\"Prirodni hidrolat kamilica: osvje\u017eava i smiruje osjetljivu ko\u017eu, poma\u017ee kod alergija i iritacija te djeluje umiruju\u0107e i uspavljuju\u0107e.\" \/>\n<meta name=\"robots\" content=\"index, follow, max-snippet:-1, max-image-preview:large, max-video-preview:-1\" \/>\n<link rel=\"canonical\" href=\"https:\/\/www.etnobotanika.eu\/hr\/proizvod\/prirodni-hidrolat-kamilica\/\" \/>\n<meta property=\"og:locale\" content=\"hr_HR\" \/>\n<meta property=\"og:type\" content=\"article\" \/>\n<meta property=\"og:title\" content=\"Prirodni hidrolat kamilica - 100% ekolo\u0161ko - Etnobotanika\" \/>\n<meta property=\"og:description\" content=\"Prirodni hidrolat kamilica: osvje\u017eava i smiruje osjetljivu ko\u017eu, poma\u017ee kod alergija i iritacija te djeluje umiruju\u0107e i uspavljuju\u0107e.\" \/>\n<meta property=\"og:url\" content=\"https:\/\/www.etnobotanika.eu\/hr\/proizvod\/prirodni-hidrolat-kamilica\/\" \/>\n<meta property=\"og:site_name\" content=\"Etnobotanika\" \/>\n<meta property=\"article:modified_time\" content=\"2024-07-02T08:40:40+00:00\" \/>\n<meta property=\"og:image\" content=\"https:\/\/www.etnobotanika.eu\/wp-content\/uploads\/2023\/12\/200-ml-kamilica.png\" \/>\n\t<meta property=\"og:image:width\" content=\"1080\" \/>\n\t<meta property=\"og:image:height\" content=\"1080\" \/>\n\t<meta property=\"og:image:type\" content=\"image\/png\" \/>\n<meta name=\"twitter:card\" content=\"summary_large_image\" \/>\n<meta name=\"twitter:label1\" content=\"Procijenjeno vrijeme \u010ditanja\" \/>\n\t<meta name=\"twitter:data1\" content=\"3 minute\" \/>\n<script type=\"application\/ld+json\" class=\"yoast-schema-graph\">{\"@context\":\"https:\\\/\\\/schema.org\",\"@graph\":[{\"@type\":\"WebPage\",\"@id\":\"https:\\\/\\\/www.etnobotanika.eu\\\/hr\\\/proizvod\\\/prirodni-hidrolat-kamilica\\\/\",\"url\":\"https:\\\/\\\/www.etnobotanika.eu\\\/hr\\\/proizvod\\\/prirodni-hidrolat-kamilica\\\/\",\"name\":\"Prirodni hidrolat kamilica - 100% ekolo\u0161ko - Etnobotanika\",\"isPartOf\":{\"@id\":\"https:\\\/\\\/www.etnobotanika.eu\\\/hr\\\/#website\"},\"primaryImageOfPage\":{\"@id\":\"https:\\\/\\\/www.etnobotanika.eu\\\/hr\\\/proizvod\\\/prirodni-hidrolat-kamilica\\\/#primaryimage\"},\"image\":{\"@id\":\"https:\\\/\\\/www.etnobotanika.eu\\\/hr\\\/proizvod\\\/prirodni-hidrolat-kamilica\\\/#primaryimage\"},\"thumbnailUrl\":\"https:\\\/\\\/www.etnobotanika.eu\\\/wp-content\\\/uploads\\\/2023\\\/12\\\/200-ml-kamilica.png\",\"datePublished\":\"2023-12-11T03:10:24+00:00\",\"dateModified\":\"2024-07-02T08:40:40+00:00\",\"description\":\"Prirodni hidrolat kamilica: osvje\u017eava i smiruje osjetljivu ko\u017eu, poma\u017ee kod alergija i iritacija te djeluje umiruju\u0107e i uspavljuju\u0107e.\",\"breadcrumb\":{\"@id\":\"https:\\\/\\\/www.etnobotanika.eu\\\/hr\\\/proizvod\\\/prirodni-hidrolat-kamilica\\\/#breadcrumb\"},\"inLanguage\":\"hr\",\"potentialAction\":[{\"@type\":\"ReadAction\",\"target\":[\"https:\\\/\\\/www.etnobotanika.eu\\\/hr\\\/proizvod\\\/prirodni-hidrolat-kamilica\\\/\"]}]},{\"@type\":\"ImageObject\",\"inLanguage\":\"hr\",\"@id\":\"https:\\\/\\\/www.etnobotanika.eu\\\/hr\\\/proizvod\\\/prirodni-hidrolat-kamilica\\\/#primaryimage\",\"url\":\"https:\\\/\\\/www.etnobotanika.eu\\\/wp-content\\\/uploads\\\/2023\\\/12\\\/200-ml-kamilica.png\",\"contentUrl\":\"https:\\\/\\\/www.etnobotanika.eu\\\/wp-content\\\/uploads\\\/2023\\\/12\\\/200-ml-kamilica.png\",\"width\":1080,\"height\":1080},{\"@type\":\"BreadcrumbList\",\"@id\":\"https:\\\/\\\/www.etnobotanika.eu\\\/hr\\\/proizvod\\\/prirodni-hidrolat-kamilica\\\/#breadcrumb\",\"itemListElement\":[{\"@type\":\"ListItem\",\"position\":1,\"name\":\"Home\",\"item\":\"https:\\\/\\\/www.etnobotanika.eu\\\/hr\\\/\"},{\"@type\":\"ListItem\",\"position\":2,\"name\":\"Trgovina\",\"item\":\"https:\\\/\\\/www.etnobotanika.eu\\\/hr\\\/trgovina\\\/\"},{\"@type\":\"ListItem\",\"position\":3,\"name\":\"PRIRODNI HIDROLAT KAMILICA\"}]},{\"@type\":\"WebSite\",\"@id\":\"https:\\\/\\\/www.etnobotanika.eu\\\/hr\\\/#website\",\"url\":\"https:\\\/\\\/www.etnobotanika.eu\\\/hr\\\/\",\"name\":\"Etnobotanika\",\"description\":\"Naravna rastlinska barvila in negovala za lase\",\"potentialAction\":[{\"@type\":\"SearchAction\",\"target\":{\"@type\":\"EntryPoint\",\"urlTemplate\":\"https:\\\/\\\/www.etnobotanika.eu\\\/hr\\\/?s={search_term_string}\"},\"query-input\":{\"@type\":\"PropertyValueSpecification\",\"valueRequired\":true,\"valueName\":\"search_term_string\"}}],\"inLanguage\":\"hr\"}]}<\/script>\n<!-- \/ Yoast SEO plugin. -->","yoast_head_json":{"title":"Prirodni hidrolat kamilica - 100% ekolo\u0161ko - Etnobotanika","description":"Prirodni hidrolat kamilica: osvje\u017eava i smiruje osjetljivu ko\u017eu, poma\u017ee kod alergija i iritacija te djeluje umiruju\u0107e i uspavljuju\u0107e.","robots":{"index":"index","follow":"follow","max-snippet":"max-snippet:-1","max-image-preview":"max-image-preview:large","max-video-preview":"max-video-preview:-1"},"canonical":"https:\/\/www.etnobotanika.eu\/hr\/proizvod\/prirodni-hidrolat-kamilica\/","og_locale":"hr_HR","og_type":"article","og_title":"Prirodni hidrolat kamilica - 100% ekolo\u0161ko - Etnobotanika","og_description":"Prirodni hidrolat kamilica: osvje\u017eava i smiruje osjetljivu ko\u017eu, poma\u017ee kod alergija i iritacija te djeluje umiruju\u0107e i uspavljuju\u0107e.","og_url":"https:\/\/www.etnobotanika.eu\/hr\/proizvod\/prirodni-hidrolat-kamilica\/","og_site_name":"Etnobotanika","article_modified_time":"2024-07-02T08:40:40+00:00","og_image":[{"width":1080,"height":1080,"url":"https:\/\/www.etnobotanika.eu\/wp-content\/uploads\/2023\/12\/200-ml-kamilica.png","type":"image\/png"}],"twitter_card":"summary_large_image","twitter_misc":{"Procijenjeno vrijeme \u010ditanja":"3 minute"},"schema":{"@context":"https:\/\/schema.org","@graph":[{"@type":"WebPage","@id":"https:\/\/www.etnobotanika.eu\/hr\/proizvod\/prirodni-hidrolat-kamilica\/","url":"https:\/\/www.etnobotanika.eu\/hr\/proizvod\/prirodni-hidrolat-kamilica\/","name":"Prirodni hidrolat kamilica - 100% ekolo\u0161ko - Etnobotanika","isPartOf":{"@id":"https:\/\/www.etnobotanika.eu\/hr\/#website"},"primaryImageOfPage":{"@id":"https:\/\/www.etnobotanika.eu\/hr\/proizvod\/prirodni-hidrolat-kamilica\/#primaryimage"},"image":{"@id":"https:\/\/www.etnobotanika.eu\/hr\/proizvod\/prirodni-hidrolat-kamilica\/#primaryimage"},"thumbnailUrl":"https:\/\/www.etnobotanika.eu\/wp-content\/uploads\/2023\/12\/200-ml-kamilica.png","datePublished":"2023-12-11T03:10:24+00:00","dateModified":"2024-07-02T08:40:40+00:00","description":"Prirodni hidrolat kamilica: osvje\u017eava i smiruje osjetljivu ko\u017eu, poma\u017ee kod alergija i iritacija te djeluje umiruju\u0107e i uspavljuju\u0107e.","breadcrumb":{"@id":"https:\/\/www.etnobotanika.eu\/hr\/proizvod\/prirodni-hidrolat-kamilica\/#breadcrumb"},"inLanguage":"hr","potentialAction":[{"@type":"ReadAction","target":["https:\/\/www.etnobotanika.eu\/hr\/proizvod\/prirodni-hidrolat-kamilica\/"]}]},{"@type":"ImageObject","inLanguage":"hr","@id":"https:\/\/www.etnobotanika.eu\/hr\/proizvod\/prirodni-hidrolat-kamilica\/#primaryimage","url":"https:\/\/www.etnobotanika.eu\/wp-content\/uploads\/2023\/12\/200-ml-kamilica.png","contentUrl":"https:\/\/www.etnobotanika.eu\/wp-content\/uploads\/2023\/12\/200-ml-kamilica.png","width":1080,"height":1080},{"@type":"BreadcrumbList","@id":"https:\/\/www.etnobotanika.eu\/hr\/proizvod\/prirodni-hidrolat-kamilica\/#breadcrumb","itemListElement":[{"@type":"ListItem","position":1,"name":"Home","item":"https:\/\/www.etnobotanika.eu\/hr\/"},{"@type":"ListItem","position":2,"name":"Trgovina","item":"https:\/\/www.etnobotanika.eu\/hr\/trgovina\/"},{"@type":"ListItem","position":3,"name":"PRIRODNI HIDROLAT KAMILICA"}]},{"@type":"WebSite","@id":"https:\/\/www.etnobotanika.eu\/hr\/#website","url":"https:\/\/www.etnobotanika.eu\/hr\/","name":"Etnobotanika","description":"Naravna rastlinska barvila in negovala za lase","potentialAction":[{"@type":"SearchAction","target":{"@type":"EntryPoint","urlTemplate":"https:\/\/www.etnobotanika.eu\/hr\/?s={search_term_string}"},"query-input":{"@type":"PropertyValueSpecification","valueRequired":true,"valueName":"search_term_string"}}],"inLanguage":"hr"}]}},"_links":{"self":[{"href":"https:\/\/www.etnobotanika.eu\/hr\/wp-json\/wp\/v2\/product\/33317","targetHints":{"allow":["GET"]}}],"collection":[{"href":"https:\/\/www.etnobotanika.eu\/hr\/wp-json\/wp\/v2\/product"}],"about":[{"href":"https:\/\/www.etnobotanika.eu\/hr\/wp-json\/wp\/v2\/types\/product"}],"replies":[{"embeddable":true,"href":"https:\/\/www.etnobotanika.eu\/hr\/wp-json\/wp\/v2\/comments?post=33317"}],"version-history":[{"count":3,"href":"https:\/\/www.etnobotanika.eu\/hr\/wp-json\/wp\/v2\/product\/33317\/revisions"}],"predecessor-version":[{"id":35804,"href":"https:\/\/www.etnobotanika.eu\/hr\/wp-json\/wp\/v2\/product\/33317\/revisions\/35804"}],"wp:featuredmedia":[{"embeddable":true,"href":"https:\/\/www.etnobotanika.eu\/hr\/wp-json\/wp\/v2\/media\/32117"}],"wp:attachment":[{"href":"https:\/\/www.etnobotanika.eu\/hr\/wp-json\/wp\/v2\/media?parent=33317"}],"wp:term":[{"taxonomy":"product_brand","embeddable":true,"href":"https:\/\/www.etnobotanika.eu\/hr\/wp-json\/wp\/v2\/product_brand?post=33317"},{"taxonomy":"product_cat","embeddable":true,"href":"https:\/\/www.etnobotanika.eu\/hr\/wp-json\/wp\/v2\/product_cat?post=33317"},{"taxonomy":"product_tag","embeddable":true,"href":"https:\/\/www.etnobotanika.eu\/hr\/wp-json\/wp\/v2\/product_tag?post=33317"}],"curies":[{"name":"wp","href":"https:\/\/api.w.org\/{rel}","templated":true}]}}