{"id":33726,"date":"2023-12-11T04:07:55","date_gmt":"2023-12-11T03:07:55","guid":{"rendered":"https:\/\/www.etnobotanika.eu\/izdelek\/komplet-proti-izpadanju-las-maxi\/"},"modified":"2024-07-02T14:43:53","modified_gmt":"2024-07-02T12:43:53","slug":"komplet-protiv-ispadanja-kose-maxi","status":"publish","type":"product","link":"https:\/\/www.etnobotanika.eu\/hr\/proizvod\/komplet-protiv-ispadanja-kose-maxi\/","title":{"rendered":"KOMPLET PROTIV ISPADANJA KOSE &#8211; maxi"},"content":{"rendered":"<h2><strong>Kako pripremamo tretman protiv ispadanja kose?<\/strong><\/h2>\n<p><strong>Postupak pripreme smjese:<\/strong><\/p>\n<p>U staklenu ili plasti\u010dnu posudu istresemo ekolo\u0161ki pra\u0161ak hibiskusa i amle u jednakom omjeru. Dodamo odgovaraju\u0107u koli\u010dinu hidrolata ru\u017emarina. Sve sastojke dobro pomije\u0161amo kako bi dobili smjesu gusto\u0107e \u201ejogurta\u201c.<\/p>\n<p><iframe loading=\"lazy\" id=\"widget2\" class=\"elementor-video\" title=\"How to prepare scalp mask against hair loss ? \/ Kako pripraviti oblogo proti izpadanju las?\" src=\"https:\/\/www.youtube.com\/embed\/c0gdCtAn-MQ?controls=1&amp;rel=0&amp;playsinline=0&amp;modestbranding=0&amp;autoplay=0&amp;enablejsapi=1&amp;origin=https%3A%2F%2Fwww.etnobotanika.eu&amp;widgetid=1\" width=\"640\" height=\"360\" frameborder=\"0\" allowfullscreen=\"allowfullscreen\" data-mce-fragment=\"1\"><\/iframe><\/p>\n<p><strong>Postupak nano\u0161enja smjese:<\/strong><\/p>\n<p>Smjesu nanosimo na \u010disto i suho vlasi\u0161te. Nanosimo po dijelovima u razmaku od pribli\u017eno 2 cm. Nakon nano\u0161enja, oblogu nje\u017enim kru\u017enim pokretima ravnomjerno raspodijelimo po cijelom vlasi\u0161tu. Za\u0161titimo omotamo prozirnom folijom i ostavimo djelovati pribli\u017eno 1 sat. Potom operemo i osu\u0161imo vlasi\u0161te<\/p>\n<p><iframe loading=\"lazy\" id=\"widget4\" class=\"elementor-video\" title=\"Application of herbal mask against hair loss.\" src=\"https:\/\/www.youtube.com\/embed\/YaeZW567InQ?controls=1&amp;rel=0&amp;playsinline=0&amp;modestbranding=0&amp;autoplay=0&amp;enablejsapi=1&amp;origin=https%3A%2F%2Fwww.etnobotanika.eu&amp;widgetid=3\" width=\"640\" height=\"360\" frameborder=\"0\" allowfullscreen=\"allowfullscreen\" data-mce-fragment=\"1\"><\/iframe><\/p>\n","protected":false},"excerpt":{"rendered":"<p>Hibisukus &#8211; glavni zadatak kod ispadanja kose je raspr\u0161iti hormone nakupljene u ko\u017ei vlasi\u0161ta i sprije\u010diti smanjivanje korijenja vlasi. Amla &#8211; njezina izvanredna uloga u vezi s rastom kose je \u0161to reaktivira djelovanje korijenja vlasi. Hidrolat ru\u017emarina &#8211; kod vlasi\u0161ta je klju\u010dno pospje\u0161ivanje cirkulacije krvi jer tako omogu\u0107ujemo ve\u0107i dotok aktivnih sastojaka amle i hibiskusa do korijenja vlasi. Pomno odabrani sastojci \u0161ampona odr\u017eavaju prirodnu ravnote\u017eu vlasi\u0161ta te osiguravaju zdravlje i fleksibilnost kose.<\/p>\n<p>Set sadr\u017ei:<\/p>\n<p>-Ekolo\u0161ka Amla 100 gr<br \/>\n-Ekolo\u0161ki Hibiskus 100 gr<br \/>\n-Ekolo\u0161ki hidrolat ru\u017emarina 500 ml<br \/>\n-energijski oboga\u0107en \u0161ampon Harmony 200 ml<\/p>\n","protected":false},"featured_media":31703,"comment_status":"open","ping_status":"closed","template":"","meta":{"_acf_changed":false,"footnotes":""},"product_brand":[],"product_cat":[254,229,246],"product_tag":[],"class_list":{"0":"post-33726","1":"product","2":"type-product","3":"status-publish","4":"has-post-thumbnail","6":"product_cat-kompleti-za-njegu-vlasista","7":"product_cat-prirodne-biljne-obloge-za-vlasiste","8":"product_cat-kompleti-proizvoda","10":"first","11":"instock","12":"taxable","13":"shipping-taxable","14":"purchasable","15":"product-type-simple"},"acf":[],"yoast_head":"<!-- This site is optimized with the Yoast SEO plugin v27.3 - https:\/\/yoast.com\/product\/yoast-seo-wordpress\/ -->\n<title>Komplet protiv ispadanja kose \u2013 maxi - Etnobotanika<\/title>\n<meta name=\"description\" content=\"Komplet protiv ispadanja kose \u2013 maxi djeluje protiv ispadanja i preranog sijedenja kose. Kombinacija amle, hibiskusa, hidrolata ru\u017emarina i \u0161ampona Harmony.\" \/>\n<meta name=\"robots\" content=\"index, follow, max-snippet:-1, max-image-preview:large, max-video-preview:-1\" \/>\n<link rel=\"canonical\" href=\"https:\/\/www.etnobotanika.eu\/hr\/proizvod\/komplet-protiv-ispadanja-kose-maxi\/\" \/>\n<meta property=\"og:locale\" content=\"hr_HR\" \/>\n<meta property=\"og:type\" content=\"article\" \/>\n<meta property=\"og:title\" content=\"Komplet protiv ispadanja kose \u2013 maxi - Etnobotanika\" \/>\n<meta property=\"og:description\" content=\"Komplet protiv ispadanja kose \u2013 maxi djeluje protiv ispadanja i preranog sijedenja kose. Kombinacija amle, hibiskusa, hidrolata ru\u017emarina i \u0161ampona Harmony.\" \/>\n<meta property=\"og:url\" content=\"https:\/\/www.etnobotanika.eu\/hr\/proizvod\/komplet-protiv-ispadanja-kose-maxi\/\" \/>\n<meta property=\"og:site_name\" content=\"Etnobotanika\" \/>\n<meta property=\"article:modified_time\" content=\"2024-07-02T12:43:53+00:00\" \/>\n<meta property=\"og:image\" content=\"https:\/\/www.etnobotanika.eu\/wp-content\/uploads\/2023\/12\/KOMPLET-PROTI-IZPADANJU-LAS-maxi.png\" \/>\n\t<meta property=\"og:image:width\" content=\"1080\" \/>\n\t<meta property=\"og:image:height\" content=\"1080\" \/>\n\t<meta property=\"og:image:type\" content=\"image\/png\" \/>\n<meta name=\"twitter:card\" content=\"summary_large_image\" \/>\n<meta name=\"twitter:label1\" content=\"Procijenjeno vrijeme \u010ditanja\" \/>\n\t<meta name=\"twitter:data1\" content=\"1 minuta\" \/>\n<script type=\"application\/ld+json\" class=\"yoast-schema-graph\">{\"@context\":\"https:\\\/\\\/schema.org\",\"@graph\":[{\"@type\":\"WebPage\",\"@id\":\"https:\\\/\\\/www.etnobotanika.eu\\\/hr\\\/proizvod\\\/komplet-protiv-ispadanja-kose-maxi\\\/\",\"url\":\"https:\\\/\\\/www.etnobotanika.eu\\\/hr\\\/proizvod\\\/komplet-protiv-ispadanja-kose-maxi\\\/\",\"name\":\"Komplet protiv ispadanja kose \u2013 maxi - Etnobotanika\",\"isPartOf\":{\"@id\":\"https:\\\/\\\/www.etnobotanika.eu\\\/hr\\\/#website\"},\"primaryImageOfPage\":{\"@id\":\"https:\\\/\\\/www.etnobotanika.eu\\\/hr\\\/proizvod\\\/komplet-protiv-ispadanja-kose-maxi\\\/#primaryimage\"},\"image\":{\"@id\":\"https:\\\/\\\/www.etnobotanika.eu\\\/hr\\\/proizvod\\\/komplet-protiv-ispadanja-kose-maxi\\\/#primaryimage\"},\"thumbnailUrl\":\"https:\\\/\\\/www.etnobotanika.eu\\\/wp-content\\\/uploads\\\/2023\\\/12\\\/KOMPLET-PROTI-IZPADANJU-LAS-maxi.png\",\"datePublished\":\"2023-12-11T03:07:55+00:00\",\"dateModified\":\"2024-07-02T12:43:53+00:00\",\"description\":\"Komplet protiv ispadanja kose \u2013 maxi djeluje protiv ispadanja i preranog sijedenja kose. Kombinacija amle, hibiskusa, hidrolata ru\u017emarina i \u0161ampona Harmony.\",\"breadcrumb\":{\"@id\":\"https:\\\/\\\/www.etnobotanika.eu\\\/hr\\\/proizvod\\\/komplet-protiv-ispadanja-kose-maxi\\\/#breadcrumb\"},\"inLanguage\":\"hr\",\"potentialAction\":[{\"@type\":\"ReadAction\",\"target\":[\"https:\\\/\\\/www.etnobotanika.eu\\\/hr\\\/proizvod\\\/komplet-protiv-ispadanja-kose-maxi\\\/\"]}]},{\"@type\":\"ImageObject\",\"inLanguage\":\"hr\",\"@id\":\"https:\\\/\\\/www.etnobotanika.eu\\\/hr\\\/proizvod\\\/komplet-protiv-ispadanja-kose-maxi\\\/#primaryimage\",\"url\":\"https:\\\/\\\/www.etnobotanika.eu\\\/wp-content\\\/uploads\\\/2023\\\/12\\\/KOMPLET-PROTI-IZPADANJU-LAS-maxi.png\",\"contentUrl\":\"https:\\\/\\\/www.etnobotanika.eu\\\/wp-content\\\/uploads\\\/2023\\\/12\\\/KOMPLET-PROTI-IZPADANJU-LAS-maxi.png\",\"width\":1080,\"height\":1080},{\"@type\":\"BreadcrumbList\",\"@id\":\"https:\\\/\\\/www.etnobotanika.eu\\\/hr\\\/proizvod\\\/komplet-protiv-ispadanja-kose-maxi\\\/#breadcrumb\",\"itemListElement\":[{\"@type\":\"ListItem\",\"position\":1,\"name\":\"Home\",\"item\":\"https:\\\/\\\/www.etnobotanika.eu\\\/hr\\\/\"},{\"@type\":\"ListItem\",\"position\":2,\"name\":\"Trgovina\",\"item\":\"https:\\\/\\\/www.etnobotanika.eu\\\/hr\\\/trgovina\\\/\"},{\"@type\":\"ListItem\",\"position\":3,\"name\":\"KOMPLET PROTIV ISPADANJA KOSE &#8211; maxi\"}]},{\"@type\":\"WebSite\",\"@id\":\"https:\\\/\\\/www.etnobotanika.eu\\\/hr\\\/#website\",\"url\":\"https:\\\/\\\/www.etnobotanika.eu\\\/hr\\\/\",\"name\":\"Etnobotanika\",\"description\":\"Naravna rastlinska barvila in negovala za lase\",\"potentialAction\":[{\"@type\":\"SearchAction\",\"target\":{\"@type\":\"EntryPoint\",\"urlTemplate\":\"https:\\\/\\\/www.etnobotanika.eu\\\/hr\\\/?s={search_term_string}\"},\"query-input\":{\"@type\":\"PropertyValueSpecification\",\"valueRequired\":true,\"valueName\":\"search_term_string\"}}],\"inLanguage\":\"hr\"}]}<\/script>\n<!-- \/ Yoast SEO plugin. -->","yoast_head_json":{"title":"Komplet protiv ispadanja kose \u2013 maxi - Etnobotanika","description":"Komplet protiv ispadanja kose \u2013 maxi djeluje protiv ispadanja i preranog sijedenja kose. Kombinacija amle, hibiskusa, hidrolata ru\u017emarina i \u0161ampona Harmony.","robots":{"index":"index","follow":"follow","max-snippet":"max-snippet:-1","max-image-preview":"max-image-preview:large","max-video-preview":"max-video-preview:-1"},"canonical":"https:\/\/www.etnobotanika.eu\/hr\/proizvod\/komplet-protiv-ispadanja-kose-maxi\/","og_locale":"hr_HR","og_type":"article","og_title":"Komplet protiv ispadanja kose \u2013 maxi - Etnobotanika","og_description":"Komplet protiv ispadanja kose \u2013 maxi djeluje protiv ispadanja i preranog sijedenja kose. Kombinacija amle, hibiskusa, hidrolata ru\u017emarina i \u0161ampona Harmony.","og_url":"https:\/\/www.etnobotanika.eu\/hr\/proizvod\/komplet-protiv-ispadanja-kose-maxi\/","og_site_name":"Etnobotanika","article_modified_time":"2024-07-02T12:43:53+00:00","og_image":[{"width":1080,"height":1080,"url":"https:\/\/www.etnobotanika.eu\/wp-content\/uploads\/2023\/12\/KOMPLET-PROTI-IZPADANJU-LAS-maxi.png","type":"image\/png"}],"twitter_card":"summary_large_image","twitter_misc":{"Procijenjeno vrijeme \u010ditanja":"1 minuta"},"schema":{"@context":"https:\/\/schema.org","@graph":[{"@type":"WebPage","@id":"https:\/\/www.etnobotanika.eu\/hr\/proizvod\/komplet-protiv-ispadanja-kose-maxi\/","url":"https:\/\/www.etnobotanika.eu\/hr\/proizvod\/komplet-protiv-ispadanja-kose-maxi\/","name":"Komplet protiv ispadanja kose \u2013 maxi - Etnobotanika","isPartOf":{"@id":"https:\/\/www.etnobotanika.eu\/hr\/#website"},"primaryImageOfPage":{"@id":"https:\/\/www.etnobotanika.eu\/hr\/proizvod\/komplet-protiv-ispadanja-kose-maxi\/#primaryimage"},"image":{"@id":"https:\/\/www.etnobotanika.eu\/hr\/proizvod\/komplet-protiv-ispadanja-kose-maxi\/#primaryimage"},"thumbnailUrl":"https:\/\/www.etnobotanika.eu\/wp-content\/uploads\/2023\/12\/KOMPLET-PROTI-IZPADANJU-LAS-maxi.png","datePublished":"2023-12-11T03:07:55+00:00","dateModified":"2024-07-02T12:43:53+00:00","description":"Komplet protiv ispadanja kose \u2013 maxi djeluje protiv ispadanja i preranog sijedenja kose. Kombinacija amle, hibiskusa, hidrolata ru\u017emarina i \u0161ampona Harmony.","breadcrumb":{"@id":"https:\/\/www.etnobotanika.eu\/hr\/proizvod\/komplet-protiv-ispadanja-kose-maxi\/#breadcrumb"},"inLanguage":"hr","potentialAction":[{"@type":"ReadAction","target":["https:\/\/www.etnobotanika.eu\/hr\/proizvod\/komplet-protiv-ispadanja-kose-maxi\/"]}]},{"@type":"ImageObject","inLanguage":"hr","@id":"https:\/\/www.etnobotanika.eu\/hr\/proizvod\/komplet-protiv-ispadanja-kose-maxi\/#primaryimage","url":"https:\/\/www.etnobotanika.eu\/wp-content\/uploads\/2023\/12\/KOMPLET-PROTI-IZPADANJU-LAS-maxi.png","contentUrl":"https:\/\/www.etnobotanika.eu\/wp-content\/uploads\/2023\/12\/KOMPLET-PROTI-IZPADANJU-LAS-maxi.png","width":1080,"height":1080},{"@type":"BreadcrumbList","@id":"https:\/\/www.etnobotanika.eu\/hr\/proizvod\/komplet-protiv-ispadanja-kose-maxi\/#breadcrumb","itemListElement":[{"@type":"ListItem","position":1,"name":"Home","item":"https:\/\/www.etnobotanika.eu\/hr\/"},{"@type":"ListItem","position":2,"name":"Trgovina","item":"https:\/\/www.etnobotanika.eu\/hr\/trgovina\/"},{"@type":"ListItem","position":3,"name":"KOMPLET PROTIV ISPADANJA KOSE &#8211; maxi"}]},{"@type":"WebSite","@id":"https:\/\/www.etnobotanika.eu\/hr\/#website","url":"https:\/\/www.etnobotanika.eu\/hr\/","name":"Etnobotanika","description":"Naravna rastlinska barvila in negovala za lase","potentialAction":[{"@type":"SearchAction","target":{"@type":"EntryPoint","urlTemplate":"https:\/\/www.etnobotanika.eu\/hr\/?s={search_term_string}"},"query-input":{"@type":"PropertyValueSpecification","valueRequired":true,"valueName":"search_term_string"}}],"inLanguage":"hr"}]}},"_links":{"self":[{"href":"https:\/\/www.etnobotanika.eu\/hr\/wp-json\/wp\/v2\/product\/33726","targetHints":{"allow":["GET"]}}],"collection":[{"href":"https:\/\/www.etnobotanika.eu\/hr\/wp-json\/wp\/v2\/product"}],"about":[{"href":"https:\/\/www.etnobotanika.eu\/hr\/wp-json\/wp\/v2\/types\/product"}],"replies":[{"embeddable":true,"href":"https:\/\/www.etnobotanika.eu\/hr\/wp-json\/wp\/v2\/comments?post=33726"}],"version-history":[{"count":2,"href":"https:\/\/www.etnobotanika.eu\/hr\/wp-json\/wp\/v2\/product\/33726\/revisions"}],"predecessor-version":[{"id":36812,"href":"https:\/\/www.etnobotanika.eu\/hr\/wp-json\/wp\/v2\/product\/33726\/revisions\/36812"}],"wp:featuredmedia":[{"embeddable":true,"href":"https:\/\/www.etnobotanika.eu\/hr\/wp-json\/wp\/v2\/media\/31703"}],"wp:attachment":[{"href":"https:\/\/www.etnobotanika.eu\/hr\/wp-json\/wp\/v2\/media?parent=33726"}],"wp:term":[{"taxonomy":"product_brand","embeddable":true,"href":"https:\/\/www.etnobotanika.eu\/hr\/wp-json\/wp\/v2\/product_brand?post=33726"},{"taxonomy":"product_cat","embeddable":true,"href":"https:\/\/www.etnobotanika.eu\/hr\/wp-json\/wp\/v2\/product_cat?post=33726"},{"taxonomy":"product_tag","embeddable":true,"href":"https:\/\/www.etnobotanika.eu\/hr\/wp-json\/wp\/v2\/product_tag?post=33726"}],"curies":[{"name":"wp","href":"https:\/\/api.w.org\/{rel}","templated":true}]}}