{"id":33733,"date":"2023-12-11T04:07:56","date_gmt":"2023-12-11T03:07:56","guid":{"rendered":"https:\/\/www.etnobotanika.eu\/izdelek\/komplet-za-nego-mastnega-lasisca-mini\/"},"modified":"2024-07-02T14:04:07","modified_gmt":"2024-07-02T12:04:07","slug":"komplet-za-nego-mastnega-lasisca-mini","status":"publish","type":"product","link":"https:\/\/www.etnobotanika.eu\/hr\/proizvod\/komplet-za-nego-mastnega-lasisca-mini\/","title":{"rendered":"KOMPLET ZA NJEGU MASNOG VLASI\u0160TA &#8211; mini"},"content":{"rendered":"<p><strong>Kako nastaje masno vlasi\u0161te, a posljedi\u010dno i masna kosa?\u00a0<\/strong><\/p>\n<p>Masno vlasi\u0161te posljedica je pove\u0107anog rada \u017elijezda lojnica koje izlu\u010duju veliku koli\u010dinu sebuma na povr\u0161inu vlasi\u0161ta. Na rad \u017elijezda lojnica najvi\u0161e utje\u010du spolni hormoni, agresivni \u0161amponi sa sulfatima i alkoholom te o\u0161te\u0107en mikrobiom vlasi\u0161ta.<\/p>\n<p><strong>Kako koristiti komplet ?<\/strong><\/p>\n<p>Kako lojnice ne bi dodatno nadra\u017eivali u\u010destalim pranjem kose preporu\u010damo naizmjeni\u010dnu uporabu suhog i teku\u0107eg \u0161ampona. Suhi \u0161ampon Shikakai plod je drveta Shikaki, koje raste u Indiji i sadr\u017ei mnogo prirodnih sastojaka. Pra\u0161ak prstima nanosimo na vlasi\u0161te tako da prste uronimo u pra\u0161ak shikakaija i njima pro\u0111emo kroz kosu. Shikaki trenutno ve\u017ee masno\u0107u, vra\u0107a volumen i sjaj kosi. Uporabu suhog \u0161ampona Shikaki prikazuje video: <a href=\"https:\/\/www.youtube.com\/watch?v=n7OqvJ1oN-8\">https:\/\/www.youtube.com\/watch?v=n7OqvJ1oN-8<\/a><\/p>\n<p>Tonik od kadulje koristi se nekoliko puta dnevno prskanjem po tjemenu.<\/p>\n","protected":false},"excerpt":{"rendered":"<p>Ekolo\u0161ki hidrolat kadulje &#8211; uravnote\u017euje rad lojnica i djeluje protuupalno.\u00a0\u00a0Ekolo\u0161ki suhi \u0161ampon Shikakai &#8211; ne nadra\u017euje lojnice.<\/p>\n<p>Set sadr\u017ei:<\/p>\n<p>-Ekolo\u0161ki prirodni \u0161ampon Shikakai 100 gr<br \/>\n-Ekolo\u0161ki hidrolat kadulje 200 ml<\/p>\n","protected":false},"featured_media":31711,"comment_status":"open","ping_status":"closed","template":"","meta":{"_acf_changed":false,"footnotes":""},"product_brand":[],"product_cat":[254,229,246],"product_tag":[],"class_list":{"0":"post-33733","1":"product","2":"type-product","3":"status-publish","4":"has-post-thumbnail","6":"product_cat-kompleti-za-njegu-vlasista","7":"product_cat-prirodne-biljne-obloge-za-vlasiste","8":"product_cat-kompleti-proizvoda","10":"first","11":"instock","12":"taxable","13":"shipping-taxable","14":"purchasable","15":"product-type-simple"},"acf":[],"yoast_head":"<!-- This site is optimized with the Yoast SEO plugin v27.3 - https:\/\/yoast.com\/product\/yoast-seo-wordpress\/ -->\n<title>Komplet za njegu masnog vlasi\u0161ta - mini - Etnobotanika<\/title>\n<meta name=\"description\" content=\"Komplet za njegu masnog vlasi\u0161ta uklju\u010duje suhi \u0161ampon Shikakai i tonik od kadulje, koji poma\u017eu u regulaciji sebuma i odr\u017eavanju zdrave kose.\" \/>\n<meta name=\"robots\" content=\"index, follow, max-snippet:-1, max-image-preview:large, max-video-preview:-1\" \/>\n<link rel=\"canonical\" href=\"https:\/\/www.etnobotanika.eu\/hr\/proizvod\/komplet-za-nego-mastnega-lasisca-mini\/\" \/>\n<meta property=\"og:locale\" content=\"hr_HR\" \/>\n<meta property=\"og:type\" content=\"article\" \/>\n<meta property=\"og:title\" content=\"Komplet za njegu masnog vlasi\u0161ta - mini - Etnobotanika\" \/>\n<meta property=\"og:description\" content=\"Komplet za njegu masnog vlasi\u0161ta uklju\u010duje suhi \u0161ampon Shikakai i tonik od kadulje, koji poma\u017eu u regulaciji sebuma i odr\u017eavanju zdrave kose.\" \/>\n<meta property=\"og:url\" content=\"https:\/\/www.etnobotanika.eu\/hr\/proizvod\/komplet-za-nego-mastnega-lasisca-mini\/\" \/>\n<meta property=\"og:site_name\" content=\"Etnobotanika\" \/>\n<meta property=\"article:modified_time\" content=\"2024-07-02T12:04:07+00:00\" \/>\n<meta property=\"og:image\" content=\"https:\/\/www.etnobotanika.eu\/wp-content\/uploads\/2023\/12\/KOMPLET-ZA-NEGO-MASTNEGA-LASISCA-mini.png\" \/>\n\t<meta property=\"og:image:width\" content=\"1080\" \/>\n\t<meta property=\"og:image:height\" content=\"1080\" \/>\n\t<meta property=\"og:image:type\" content=\"image\/png\" \/>\n<meta name=\"twitter:card\" content=\"summary_large_image\" \/>\n<meta name=\"twitter:label1\" content=\"Procijenjeno vrijeme \u010ditanja\" \/>\n\t<meta name=\"twitter:data1\" content=\"1 minuta\" \/>\n<script type=\"application\/ld+json\" class=\"yoast-schema-graph\">{\"@context\":\"https:\\\/\\\/schema.org\",\"@graph\":[{\"@type\":\"WebPage\",\"@id\":\"https:\\\/\\\/www.etnobotanika.eu\\\/hr\\\/proizvod\\\/komplet-za-nego-mastnega-lasisca-mini\\\/\",\"url\":\"https:\\\/\\\/www.etnobotanika.eu\\\/hr\\\/proizvod\\\/komplet-za-nego-mastnega-lasisca-mini\\\/\",\"name\":\"Komplet za njegu masnog vlasi\u0161ta - mini - Etnobotanika\",\"isPartOf\":{\"@id\":\"https:\\\/\\\/www.etnobotanika.eu\\\/hr\\\/#website\"},\"primaryImageOfPage\":{\"@id\":\"https:\\\/\\\/www.etnobotanika.eu\\\/hr\\\/proizvod\\\/komplet-za-nego-mastnega-lasisca-mini\\\/#primaryimage\"},\"image\":{\"@id\":\"https:\\\/\\\/www.etnobotanika.eu\\\/hr\\\/proizvod\\\/komplet-za-nego-mastnega-lasisca-mini\\\/#primaryimage\"},\"thumbnailUrl\":\"https:\\\/\\\/www.etnobotanika.eu\\\/wp-content\\\/uploads\\\/2023\\\/12\\\/KOMPLET-ZA-NEGO-MASTNEGA-LASISCA-mini.png\",\"datePublished\":\"2023-12-11T03:07:56+00:00\",\"dateModified\":\"2024-07-02T12:04:07+00:00\",\"description\":\"Komplet za njegu masnog vlasi\u0161ta uklju\u010duje suhi \u0161ampon Shikakai i tonik od kadulje, koji poma\u017eu u regulaciji sebuma i odr\u017eavanju zdrave kose.\",\"breadcrumb\":{\"@id\":\"https:\\\/\\\/www.etnobotanika.eu\\\/hr\\\/proizvod\\\/komplet-za-nego-mastnega-lasisca-mini\\\/#breadcrumb\"},\"inLanguage\":\"hr\",\"potentialAction\":[{\"@type\":\"ReadAction\",\"target\":[\"https:\\\/\\\/www.etnobotanika.eu\\\/hr\\\/proizvod\\\/komplet-za-nego-mastnega-lasisca-mini\\\/\"]}]},{\"@type\":\"ImageObject\",\"inLanguage\":\"hr\",\"@id\":\"https:\\\/\\\/www.etnobotanika.eu\\\/hr\\\/proizvod\\\/komplet-za-nego-mastnega-lasisca-mini\\\/#primaryimage\",\"url\":\"https:\\\/\\\/www.etnobotanika.eu\\\/wp-content\\\/uploads\\\/2023\\\/12\\\/KOMPLET-ZA-NEGO-MASTNEGA-LASISCA-mini.png\",\"contentUrl\":\"https:\\\/\\\/www.etnobotanika.eu\\\/wp-content\\\/uploads\\\/2023\\\/12\\\/KOMPLET-ZA-NEGO-MASTNEGA-LASISCA-mini.png\",\"width\":1080,\"height\":1080},{\"@type\":\"BreadcrumbList\",\"@id\":\"https:\\\/\\\/www.etnobotanika.eu\\\/hr\\\/proizvod\\\/komplet-za-nego-mastnega-lasisca-mini\\\/#breadcrumb\",\"itemListElement\":[{\"@type\":\"ListItem\",\"position\":1,\"name\":\"Home\",\"item\":\"https:\\\/\\\/www.etnobotanika.eu\\\/hr\\\/\"},{\"@type\":\"ListItem\",\"position\":2,\"name\":\"Trgovina\",\"item\":\"https:\\\/\\\/www.etnobotanika.eu\\\/hr\\\/trgovina\\\/\"},{\"@type\":\"ListItem\",\"position\":3,\"name\":\"KOMPLET ZA NJEGU MASNOG VLASI\u0160TA &#8211; mini\"}]},{\"@type\":\"WebSite\",\"@id\":\"https:\\\/\\\/www.etnobotanika.eu\\\/hr\\\/#website\",\"url\":\"https:\\\/\\\/www.etnobotanika.eu\\\/hr\\\/\",\"name\":\"Etnobotanika\",\"description\":\"Naravna rastlinska barvila in negovala za lase\",\"potentialAction\":[{\"@type\":\"SearchAction\",\"target\":{\"@type\":\"EntryPoint\",\"urlTemplate\":\"https:\\\/\\\/www.etnobotanika.eu\\\/hr\\\/?s={search_term_string}\"},\"query-input\":{\"@type\":\"PropertyValueSpecification\",\"valueRequired\":true,\"valueName\":\"search_term_string\"}}],\"inLanguage\":\"hr\"}]}<\/script>\n<!-- \/ Yoast SEO plugin. -->","yoast_head_json":{"title":"Komplet za njegu masnog vlasi\u0161ta - mini - Etnobotanika","description":"Komplet za njegu masnog vlasi\u0161ta uklju\u010duje suhi \u0161ampon Shikakai i tonik od kadulje, koji poma\u017eu u regulaciji sebuma i odr\u017eavanju zdrave kose.","robots":{"index":"index","follow":"follow","max-snippet":"max-snippet:-1","max-image-preview":"max-image-preview:large","max-video-preview":"max-video-preview:-1"},"canonical":"https:\/\/www.etnobotanika.eu\/hr\/proizvod\/komplet-za-nego-mastnega-lasisca-mini\/","og_locale":"hr_HR","og_type":"article","og_title":"Komplet za njegu masnog vlasi\u0161ta - mini - Etnobotanika","og_description":"Komplet za njegu masnog vlasi\u0161ta uklju\u010duje suhi \u0161ampon Shikakai i tonik od kadulje, koji poma\u017eu u regulaciji sebuma i odr\u017eavanju zdrave kose.","og_url":"https:\/\/www.etnobotanika.eu\/hr\/proizvod\/komplet-za-nego-mastnega-lasisca-mini\/","og_site_name":"Etnobotanika","article_modified_time":"2024-07-02T12:04:07+00:00","og_image":[{"width":1080,"height":1080,"url":"https:\/\/www.etnobotanika.eu\/wp-content\/uploads\/2023\/12\/KOMPLET-ZA-NEGO-MASTNEGA-LASISCA-mini.png","type":"image\/png"}],"twitter_card":"summary_large_image","twitter_misc":{"Procijenjeno vrijeme \u010ditanja":"1 minuta"},"schema":{"@context":"https:\/\/schema.org","@graph":[{"@type":"WebPage","@id":"https:\/\/www.etnobotanika.eu\/hr\/proizvod\/komplet-za-nego-mastnega-lasisca-mini\/","url":"https:\/\/www.etnobotanika.eu\/hr\/proizvod\/komplet-za-nego-mastnega-lasisca-mini\/","name":"Komplet za njegu masnog vlasi\u0161ta - mini - Etnobotanika","isPartOf":{"@id":"https:\/\/www.etnobotanika.eu\/hr\/#website"},"primaryImageOfPage":{"@id":"https:\/\/www.etnobotanika.eu\/hr\/proizvod\/komplet-za-nego-mastnega-lasisca-mini\/#primaryimage"},"image":{"@id":"https:\/\/www.etnobotanika.eu\/hr\/proizvod\/komplet-za-nego-mastnega-lasisca-mini\/#primaryimage"},"thumbnailUrl":"https:\/\/www.etnobotanika.eu\/wp-content\/uploads\/2023\/12\/KOMPLET-ZA-NEGO-MASTNEGA-LASISCA-mini.png","datePublished":"2023-12-11T03:07:56+00:00","dateModified":"2024-07-02T12:04:07+00:00","description":"Komplet za njegu masnog vlasi\u0161ta uklju\u010duje suhi \u0161ampon Shikakai i tonik od kadulje, koji poma\u017eu u regulaciji sebuma i odr\u017eavanju zdrave kose.","breadcrumb":{"@id":"https:\/\/www.etnobotanika.eu\/hr\/proizvod\/komplet-za-nego-mastnega-lasisca-mini\/#breadcrumb"},"inLanguage":"hr","potentialAction":[{"@type":"ReadAction","target":["https:\/\/www.etnobotanika.eu\/hr\/proizvod\/komplet-za-nego-mastnega-lasisca-mini\/"]}]},{"@type":"ImageObject","inLanguage":"hr","@id":"https:\/\/www.etnobotanika.eu\/hr\/proizvod\/komplet-za-nego-mastnega-lasisca-mini\/#primaryimage","url":"https:\/\/www.etnobotanika.eu\/wp-content\/uploads\/2023\/12\/KOMPLET-ZA-NEGO-MASTNEGA-LASISCA-mini.png","contentUrl":"https:\/\/www.etnobotanika.eu\/wp-content\/uploads\/2023\/12\/KOMPLET-ZA-NEGO-MASTNEGA-LASISCA-mini.png","width":1080,"height":1080},{"@type":"BreadcrumbList","@id":"https:\/\/www.etnobotanika.eu\/hr\/proizvod\/komplet-za-nego-mastnega-lasisca-mini\/#breadcrumb","itemListElement":[{"@type":"ListItem","position":1,"name":"Home","item":"https:\/\/www.etnobotanika.eu\/hr\/"},{"@type":"ListItem","position":2,"name":"Trgovina","item":"https:\/\/www.etnobotanika.eu\/hr\/trgovina\/"},{"@type":"ListItem","position":3,"name":"KOMPLET ZA NJEGU MASNOG VLASI\u0160TA &#8211; mini"}]},{"@type":"WebSite","@id":"https:\/\/www.etnobotanika.eu\/hr\/#website","url":"https:\/\/www.etnobotanika.eu\/hr\/","name":"Etnobotanika","description":"Naravna rastlinska barvila in negovala za lase","potentialAction":[{"@type":"SearchAction","target":{"@type":"EntryPoint","urlTemplate":"https:\/\/www.etnobotanika.eu\/hr\/?s={search_term_string}"},"query-input":{"@type":"PropertyValueSpecification","valueRequired":true,"valueName":"search_term_string"}}],"inLanguage":"hr"}]}},"_links":{"self":[{"href":"https:\/\/www.etnobotanika.eu\/hr\/wp-json\/wp\/v2\/product\/33733","targetHints":{"allow":["GET"]}}],"collection":[{"href":"https:\/\/www.etnobotanika.eu\/hr\/wp-json\/wp\/v2\/product"}],"about":[{"href":"https:\/\/www.etnobotanika.eu\/hr\/wp-json\/wp\/v2\/types\/product"}],"replies":[{"embeddable":true,"href":"https:\/\/www.etnobotanika.eu\/hr\/wp-json\/wp\/v2\/comments?post=33733"}],"version-history":[{"count":3,"href":"https:\/\/www.etnobotanika.eu\/hr\/wp-json\/wp\/v2\/product\/33733\/revisions"}],"predecessor-version":[{"id":36802,"href":"https:\/\/www.etnobotanika.eu\/hr\/wp-json\/wp\/v2\/product\/33733\/revisions\/36802"}],"wp:featuredmedia":[{"embeddable":true,"href":"https:\/\/www.etnobotanika.eu\/hr\/wp-json\/wp\/v2\/media\/31711"}],"wp:attachment":[{"href":"https:\/\/www.etnobotanika.eu\/hr\/wp-json\/wp\/v2\/media?parent=33733"}],"wp:term":[{"taxonomy":"product_brand","embeddable":true,"href":"https:\/\/www.etnobotanika.eu\/hr\/wp-json\/wp\/v2\/product_brand?post=33733"},{"taxonomy":"product_cat","embeddable":true,"href":"https:\/\/www.etnobotanika.eu\/hr\/wp-json\/wp\/v2\/product_cat?post=33733"},{"taxonomy":"product_tag","embeddable":true,"href":"https:\/\/www.etnobotanika.eu\/hr\/wp-json\/wp\/v2\/product_tag?post=33733"}],"curies":[{"name":"wp","href":"https:\/\/api.w.org\/{rel}","templated":true}]}}