{"id":33990,"date":"2023-12-11T04:07:55","date_gmt":"2023-12-11T03:07:55","guid":{"rendered":"https:\/\/www.etnobotanika.eu\/izdelek\/komplet-detox-lasisca\/"},"modified":"2025-08-01T12:01:36","modified_gmt":"2025-08-01T10:01:36","slug":"komplet-za-detox-vlasista","status":"publish","type":"product","link":"https:\/\/www.etnobotanika.eu\/hr\/proizvod\/komplet-za-detox-vlasista\/","title":{"rendered":"KOMPLET ZA DETOX VLASI\u0160TA"},"content":{"rendered":"<p><strong>Kako napraviti detox vlasi\u0161ta?<\/strong><\/p>\n<p>1x mjese\u010dno nave\u010der nanesemo amlino ulje na vlasi\u0161te. Vlasi\u0161te podijelimo na dijelove u razmaku od pribli\u017eno 2 cm. Pomo\u0107u gaze ili obloga nanosimo amlino ulje na pojedine dijelove. Nakon nano\u0161enja amlinog ulja, vlasi\u0161te blago masiramo vrhovima prstiju. Za\u0161titimo glavu prozirnom folijom i ostavimo djelovati preko no\u0107i. Ujutro kosu operemo \u0161amponom Harmony. Na taj na\u010din uklanjamo odumrlu ko\u017eu te suvi\u0161nu masno\u0107u i toksine s vlasi\u0161ta.<\/p>\n","protected":false},"excerpt":{"rendered":"<p>Amlino ulje &#8211; omek\u0161ava sebum, djeluje protuupalno, pospje\u0161uje djelovanje korijenja vlasi i \u010duva ravnote\u017eu bakterija mikrobioma vlasi\u0161ta. Energijski oboga\u0107en \u0161ampon Harmony &#8211; \u010duva uravnote\u017eeno djelovanje vlasi\u0161ta i brine o blago kiselom pH.<\/p>\n<p>Set sadr\u017ei:<\/p>\n<p>-Premium amla ulje 100 ml<br \/>\n&#8211; Energijski oboga\u0107en \u0161ampon Harmony<\/p>\n","protected":false},"featured_media":31701,"comment_status":"open","ping_status":"closed","template":"","meta":{"_acf_changed":false,"footnotes":""},"product_brand":[],"product_cat":[220,231,254,229,246],"product_tag":[356,354,355],"class_list":{"0":"post-33990","1":"product","2":"type-product","3":"status-publish","4":"has-post-thumbnail","6":"product_cat-biljna-ulja-za-vlasiste","7":"product_cat-za-vlasiste","8":"product_cat-kompleti-za-njegu-vlasista","9":"product_cat-prirodne-biljne-obloge-za-vlasiste","10":"product_cat-kompleti-proizvoda","11":"product_tag-anti-age-tretma","12":"product_tag-biljno-ulje-za-detox-vlasista","13":"product_tag-biljno-ulje-za-kozu-tijela","15":"first","16":"instock","17":"taxable","18":"shipping-taxable","19":"purchasable","20":"product-type-simple"},"acf":[],"yoast_head":"<!-- This site is optimized with the Yoast SEO plugin v27.3 - https:\/\/yoast.com\/product\/yoast-seo-wordpress\/ -->\n<title>Komplet za detox vlasi\u0161ta - Etnobotanika<\/title>\n<meta name=\"description\" content=\"Komplet za detox vlasi\u0161ta: Napravite detox vlasi\u0161ta pomo\u0107u amlinog ulja i \u0161ampona Harmony za uklanjanje odumrle ko\u017ee, suvi\u0161ne masno\u0107e i toksina.\" \/>\n<meta name=\"robots\" content=\"index, follow, max-snippet:-1, max-image-preview:large, max-video-preview:-1\" \/>\n<link rel=\"canonical\" href=\"https:\/\/www.etnobotanika.eu\/hr\/proizvod\/komplet-za-detox-vlasista\/\" \/>\n<meta property=\"og:locale\" content=\"hr_HR\" \/>\n<meta property=\"og:type\" content=\"article\" \/>\n<meta property=\"og:title\" content=\"Komplet za detox vlasi\u0161ta - Etnobotanika\" \/>\n<meta property=\"og:description\" content=\"Komplet za detox vlasi\u0161ta: Napravite detox vlasi\u0161ta pomo\u0107u amlinog ulja i \u0161ampona Harmony za uklanjanje odumrle ko\u017ee, suvi\u0161ne masno\u0107e i toksina.\" \/>\n<meta property=\"og:url\" content=\"https:\/\/www.etnobotanika.eu\/hr\/proizvod\/komplet-za-detox-vlasista\/\" \/>\n<meta property=\"og:site_name\" content=\"Etnobotanika\" \/>\n<meta property=\"article:modified_time\" content=\"2025-08-01T10:01:36+00:00\" \/>\n<meta property=\"og:image\" content=\"https:\/\/www.etnobotanika.eu\/wp-content\/uploads\/2023\/12\/KOMPLET-DETOX-LASISCA.png\" \/>\n\t<meta property=\"og:image:width\" content=\"1080\" \/>\n\t<meta property=\"og:image:height\" content=\"1080\" \/>\n\t<meta property=\"og:image:type\" content=\"image\/png\" \/>\n<meta name=\"twitter:card\" content=\"summary_large_image\" \/>\n<meta name=\"twitter:label1\" content=\"Procijenjeno vrijeme \u010ditanja\" \/>\n\t<meta name=\"twitter:data1\" content=\"1 minuta\" \/>\n<script type=\"application\/ld+json\" class=\"yoast-schema-graph\">{\"@context\":\"https:\\\/\\\/schema.org\",\"@graph\":[{\"@type\":\"WebPage\",\"@id\":\"https:\\\/\\\/www.etnobotanika.eu\\\/hr\\\/proizvod\\\/komplet-za-detox-vlasista\\\/\",\"url\":\"https:\\\/\\\/www.etnobotanika.eu\\\/hr\\\/proizvod\\\/komplet-za-detox-vlasista\\\/\",\"name\":\"Komplet za detox vlasi\u0161ta - Etnobotanika\",\"isPartOf\":{\"@id\":\"https:\\\/\\\/www.etnobotanika.eu\\\/hr\\\/#website\"},\"primaryImageOfPage\":{\"@id\":\"https:\\\/\\\/www.etnobotanika.eu\\\/hr\\\/proizvod\\\/komplet-za-detox-vlasista\\\/#primaryimage\"},\"image\":{\"@id\":\"https:\\\/\\\/www.etnobotanika.eu\\\/hr\\\/proizvod\\\/komplet-za-detox-vlasista\\\/#primaryimage\"},\"thumbnailUrl\":\"https:\\\/\\\/www.etnobotanika.eu\\\/wp-content\\\/uploads\\\/2023\\\/12\\\/KOMPLET-DETOX-LASISCA.png\",\"datePublished\":\"2023-12-11T03:07:55+00:00\",\"dateModified\":\"2025-08-01T10:01:36+00:00\",\"description\":\"Komplet za detox vlasi\u0161ta: Napravite detox vlasi\u0161ta pomo\u0107u amlinog ulja i \u0161ampona Harmony za uklanjanje odumrle ko\u017ee, suvi\u0161ne masno\u0107e i toksina.\",\"breadcrumb\":{\"@id\":\"https:\\\/\\\/www.etnobotanika.eu\\\/hr\\\/proizvod\\\/komplet-za-detox-vlasista\\\/#breadcrumb\"},\"inLanguage\":\"hr\",\"potentialAction\":[{\"@type\":\"ReadAction\",\"target\":[\"https:\\\/\\\/www.etnobotanika.eu\\\/hr\\\/proizvod\\\/komplet-za-detox-vlasista\\\/\"]}]},{\"@type\":\"ImageObject\",\"inLanguage\":\"hr\",\"@id\":\"https:\\\/\\\/www.etnobotanika.eu\\\/hr\\\/proizvod\\\/komplet-za-detox-vlasista\\\/#primaryimage\",\"url\":\"https:\\\/\\\/www.etnobotanika.eu\\\/wp-content\\\/uploads\\\/2023\\\/12\\\/KOMPLET-DETOX-LASISCA.png\",\"contentUrl\":\"https:\\\/\\\/www.etnobotanika.eu\\\/wp-content\\\/uploads\\\/2023\\\/12\\\/KOMPLET-DETOX-LASISCA.png\",\"width\":1080,\"height\":1080},{\"@type\":\"BreadcrumbList\",\"@id\":\"https:\\\/\\\/www.etnobotanika.eu\\\/hr\\\/proizvod\\\/komplet-za-detox-vlasista\\\/#breadcrumb\",\"itemListElement\":[{\"@type\":\"ListItem\",\"position\":1,\"name\":\"Home\",\"item\":\"https:\\\/\\\/www.etnobotanika.eu\\\/hr\\\/\"},{\"@type\":\"ListItem\",\"position\":2,\"name\":\"Trgovina\",\"item\":\"https:\\\/\\\/www.etnobotanika.eu\\\/hr\\\/trgovina\\\/\"},{\"@type\":\"ListItem\",\"position\":3,\"name\":\"KOMPLET ZA DETOX VLASI\u0160TA\"}]},{\"@type\":\"WebSite\",\"@id\":\"https:\\\/\\\/www.etnobotanika.eu\\\/hr\\\/#website\",\"url\":\"https:\\\/\\\/www.etnobotanika.eu\\\/hr\\\/\",\"name\":\"Etnobotanika\",\"description\":\"Naravna rastlinska barvila in negovala za lase\",\"potentialAction\":[{\"@type\":\"SearchAction\",\"target\":{\"@type\":\"EntryPoint\",\"urlTemplate\":\"https:\\\/\\\/www.etnobotanika.eu\\\/hr\\\/?s={search_term_string}\"},\"query-input\":{\"@type\":\"PropertyValueSpecification\",\"valueRequired\":true,\"valueName\":\"search_term_string\"}}],\"inLanguage\":\"hr\"}]}<\/script>\n<!-- \/ Yoast SEO plugin. -->","yoast_head_json":{"title":"Komplet za detox vlasi\u0161ta - Etnobotanika","description":"Komplet za detox vlasi\u0161ta: Napravite detox vlasi\u0161ta pomo\u0107u amlinog ulja i \u0161ampona Harmony za uklanjanje odumrle ko\u017ee, suvi\u0161ne masno\u0107e i toksina.","robots":{"index":"index","follow":"follow","max-snippet":"max-snippet:-1","max-image-preview":"max-image-preview:large","max-video-preview":"max-video-preview:-1"},"canonical":"https:\/\/www.etnobotanika.eu\/hr\/proizvod\/komplet-za-detox-vlasista\/","og_locale":"hr_HR","og_type":"article","og_title":"Komplet za detox vlasi\u0161ta - Etnobotanika","og_description":"Komplet za detox vlasi\u0161ta: Napravite detox vlasi\u0161ta pomo\u0107u amlinog ulja i \u0161ampona Harmony za uklanjanje odumrle ko\u017ee, suvi\u0161ne masno\u0107e i toksina.","og_url":"https:\/\/www.etnobotanika.eu\/hr\/proizvod\/komplet-za-detox-vlasista\/","og_site_name":"Etnobotanika","article_modified_time":"2025-08-01T10:01:36+00:00","og_image":[{"width":1080,"height":1080,"url":"https:\/\/www.etnobotanika.eu\/wp-content\/uploads\/2023\/12\/KOMPLET-DETOX-LASISCA.png","type":"image\/png"}],"twitter_card":"summary_large_image","twitter_misc":{"Procijenjeno vrijeme \u010ditanja":"1 minuta"},"schema":{"@context":"https:\/\/schema.org","@graph":[{"@type":"WebPage","@id":"https:\/\/www.etnobotanika.eu\/hr\/proizvod\/komplet-za-detox-vlasista\/","url":"https:\/\/www.etnobotanika.eu\/hr\/proizvod\/komplet-za-detox-vlasista\/","name":"Komplet za detox vlasi\u0161ta - Etnobotanika","isPartOf":{"@id":"https:\/\/www.etnobotanika.eu\/hr\/#website"},"primaryImageOfPage":{"@id":"https:\/\/www.etnobotanika.eu\/hr\/proizvod\/komplet-za-detox-vlasista\/#primaryimage"},"image":{"@id":"https:\/\/www.etnobotanika.eu\/hr\/proizvod\/komplet-za-detox-vlasista\/#primaryimage"},"thumbnailUrl":"https:\/\/www.etnobotanika.eu\/wp-content\/uploads\/2023\/12\/KOMPLET-DETOX-LASISCA.png","datePublished":"2023-12-11T03:07:55+00:00","dateModified":"2025-08-01T10:01:36+00:00","description":"Komplet za detox vlasi\u0161ta: Napravite detox vlasi\u0161ta pomo\u0107u amlinog ulja i \u0161ampona Harmony za uklanjanje odumrle ko\u017ee, suvi\u0161ne masno\u0107e i toksina.","breadcrumb":{"@id":"https:\/\/www.etnobotanika.eu\/hr\/proizvod\/komplet-za-detox-vlasista\/#breadcrumb"},"inLanguage":"hr","potentialAction":[{"@type":"ReadAction","target":["https:\/\/www.etnobotanika.eu\/hr\/proizvod\/komplet-za-detox-vlasista\/"]}]},{"@type":"ImageObject","inLanguage":"hr","@id":"https:\/\/www.etnobotanika.eu\/hr\/proizvod\/komplet-za-detox-vlasista\/#primaryimage","url":"https:\/\/www.etnobotanika.eu\/wp-content\/uploads\/2023\/12\/KOMPLET-DETOX-LASISCA.png","contentUrl":"https:\/\/www.etnobotanika.eu\/wp-content\/uploads\/2023\/12\/KOMPLET-DETOX-LASISCA.png","width":1080,"height":1080},{"@type":"BreadcrumbList","@id":"https:\/\/www.etnobotanika.eu\/hr\/proizvod\/komplet-za-detox-vlasista\/#breadcrumb","itemListElement":[{"@type":"ListItem","position":1,"name":"Home","item":"https:\/\/www.etnobotanika.eu\/hr\/"},{"@type":"ListItem","position":2,"name":"Trgovina","item":"https:\/\/www.etnobotanika.eu\/hr\/trgovina\/"},{"@type":"ListItem","position":3,"name":"KOMPLET ZA DETOX VLASI\u0160TA"}]},{"@type":"WebSite","@id":"https:\/\/www.etnobotanika.eu\/hr\/#website","url":"https:\/\/www.etnobotanika.eu\/hr\/","name":"Etnobotanika","description":"Naravna rastlinska barvila in negovala za lase","potentialAction":[{"@type":"SearchAction","target":{"@type":"EntryPoint","urlTemplate":"https:\/\/www.etnobotanika.eu\/hr\/?s={search_term_string}"},"query-input":{"@type":"PropertyValueSpecification","valueRequired":true,"valueName":"search_term_string"}}],"inLanguage":"hr"}]}},"_links":{"self":[{"href":"https:\/\/www.etnobotanika.eu\/hr\/wp-json\/wp\/v2\/product\/33990","targetHints":{"allow":["GET"]}}],"collection":[{"href":"https:\/\/www.etnobotanika.eu\/hr\/wp-json\/wp\/v2\/product"}],"about":[{"href":"https:\/\/www.etnobotanika.eu\/hr\/wp-json\/wp\/v2\/types\/product"}],"replies":[{"embeddable":true,"href":"https:\/\/www.etnobotanika.eu\/hr\/wp-json\/wp\/v2\/comments?post=33990"}],"version-history":[{"count":4,"href":"https:\/\/www.etnobotanika.eu\/hr\/wp-json\/wp\/v2\/product\/33990\/revisions"}],"predecessor-version":[{"id":42859,"href":"https:\/\/www.etnobotanika.eu\/hr\/wp-json\/wp\/v2\/product\/33990\/revisions\/42859"}],"wp:featuredmedia":[{"embeddable":true,"href":"https:\/\/www.etnobotanika.eu\/hr\/wp-json\/wp\/v2\/media\/31701"}],"wp:attachment":[{"href":"https:\/\/www.etnobotanika.eu\/hr\/wp-json\/wp\/v2\/media?parent=33990"}],"wp:term":[{"taxonomy":"product_brand","embeddable":true,"href":"https:\/\/www.etnobotanika.eu\/hr\/wp-json\/wp\/v2\/product_brand?post=33990"},{"taxonomy":"product_cat","embeddable":true,"href":"https:\/\/www.etnobotanika.eu\/hr\/wp-json\/wp\/v2\/product_cat?post=33990"},{"taxonomy":"product_tag","embeddable":true,"href":"https:\/\/www.etnobotanika.eu\/hr\/wp-json\/wp\/v2\/product_tag?post=33990"}],"curies":[{"name":"wp","href":"https:\/\/api.w.org\/{rel}","templated":true}]}}