{"id":43400,"date":"2025-09-04T13:30:04","date_gmt":"2025-09-04T11:30:04","guid":{"rendered":"https:\/\/www.etnobotanika.eu\/?post_type=product&#038;p=43400"},"modified":"2025-10-01T00:23:02","modified_gmt":"2025-09-30T22:23:02","slug":"ekoloski-sprej-hair-defender","status":"publish","type":"product","link":"https:\/\/www.etnobotanika.eu\/hr\/proizvod\/ekoloski-sprej-hair-defender\/","title":{"rendered":"Ekolo\u0161ki sprej HAIR DEFENDER"},"content":{"rendered":"<p data-start=\"140\" data-end=\"272\">Nje\u017ean, ali u\u010dinkovit <strong>dvokomponentni sprej<\/strong> koji objedinjuje za\u0161titu, ra\u0161\u010de\u0161ljavanje, oblikovanje, volumen i njegu \u2013 u jednom koraku.<\/p>\n<p data-start=\"274\" data-end=\"575\">Sprej je osmi\u0161ljen za sve tipove kose, uklju\u010duju\u0107i i dje\u010dju, posebno za osjetljivu, tanku, suhu, o\u0161te\u0107enu ili kovr\u010davu kosu koja se lako zapetlja, te za nje\u017enu, svakodnevnu upotrebu kod djece i odraslih koji \u017eele preventivno za\u0161tititi kosu od vanjskih utjecaja. To je inteligentna za\u0161titna njega koja:<\/p>\n<ul data-start=\"577\" data-end=\"883\">\n<li data-start=\"577\" data-end=\"639\">\n<p data-start=\"579\" data-end=\"639\"><strong>\u0160titi kosu od UV zra\u010denja i topline sunca, su\u0161ila i pegle.<\/strong><\/p>\n<\/li>\n<li data-start=\"640\" data-end=\"696\">\n<p data-start=\"642\" data-end=\"696\"><strong>\u0160titi kosu od vremenskih utjecaja<\/strong> (vlaga, hladno\u0107a).<\/p>\n<\/li>\n<li data-start=\"697\" data-end=\"763\">\n<p data-start=\"699\" data-end=\"763\"><strong>Olak\u0161ava oblikovanje frizure, \u010de\u0161ljanje i sprje\u010dava petljanje<\/strong>.<\/p>\n<\/li>\n<li data-start=\"764\" data-end=\"806\">\n<p data-start=\"766\" data-end=\"806\"><strong>Kosi daje elasti\u010dnost, volumen i sjaj.<\/strong><\/p>\n<\/li>\n<li data-start=\"807\" data-end=\"883\">\n<p data-start=\"809\" data-end=\"883\">Zahvaljuju\u0107i nje\u017enoj, prirodnoj formuli, proizvod je prikladan i za djecu.<\/p>\n<\/li>\n<\/ul>\n<p data-start=\"885\" data-end=\"957\">\ud83c\udf3f<strong> \u201ePrirodna inteligencija biljaka za sjajnu i zdravu kosu \u2013 svaki dan.\u201d<\/strong><\/p>\n<ul data-start=\"959\" data-end=\"1538\">\n<li data-start=\"959\" data-end=\"1134\">\n<p data-start=\"961\" data-end=\"1134\"><strong>Ulje brokule<\/strong> \u2013 alternativa silikonima koja trenutno zagla\u0111uje kosu i obavija je svilenkastim za\u0161titnim velom, bez ote\u017eavanja. Sadr\u017ei eruka kiselinu, poznatu i kao omega-9.<\/p>\n<\/li>\n<li data-start=\"1135\" data-end=\"1245\">\n<p data-start=\"1137\" data-end=\"1245\"><strong>Hidrolizirani p\u0161eni\u010dni proteini<\/strong> koji ja\u010daju kosu od korijena i smanjuju njezino lomljenje za vi\u0161e od 80 %.<\/p>\n<\/li>\n<li data-start=\"1246\" data-end=\"1334\">\n<p data-start=\"1248\" data-end=\"1334\"><strong>Gotu kola<\/strong> \u2013 poznata po sposobnosti da za\u0161titi kosu od isu\u0161ivanja i okoli\u0161nog stresa.<\/p>\n<\/li>\n<li data-start=\"1335\" data-end=\"1538\">\n<p data-start=\"1337\" data-end=\"1538\"><strong>Sacha inchi ulje<\/strong> \u2013 podrijetlom iz Perua, bogato omega-3 i vitaminom E. Obnavlja lipidni sloj kose, sprje\u010dava pucanje vrhova i daje elasti\u010dnost. Njegova lagana tekstura idealna je i za finu dje\u010dju kosu.<\/p>\n<\/li>\n<\/ul>\n<p data-start=\"1540\" data-end=\"1637\">Savr\u0161en proizvod za cjelovitu svakodnevnu njegu kose \u2013 nje\u017ean kao priroda, u\u010dinkovit kao znanost.<\/p>\n<p data-start=\"1639\" data-end=\"1684\"><strong data-start=\"1639\" data-end=\"1684\">Kome posebno preporu\u010dujemo Hair Defender?<\/strong><\/p>\n<ul data-start=\"1686\" data-end=\"2133\">\n<li data-start=\"1686\" data-end=\"1790\">\n<p data-start=\"1688\" data-end=\"1790\">Za sve koji tra\u017ee prirodno rje\u0161enje za za\u0161titu kose od vremenskih utjecaja (sunce, vlaga, hladno\u0107a).<\/p>\n<\/li>\n<li data-start=\"1791\" data-end=\"1853\">\n<p data-start=\"1793\" data-end=\"1853\">Za one koji pri oblikovanju kose koriste su\u0161ilo ili peglu.<\/p>\n<\/li>\n<li data-start=\"1854\" data-end=\"1956\">\n<p data-start=\"1856\" data-end=\"1956\">Za obitelji s djecom koje \u017eele nje\u017enu, ali u\u010dinkovitu svakodnevnu njegu dje\u010dje kose bez petljanja.<\/p>\n<\/li>\n<li data-start=\"1957\" data-end=\"2050\">\n<p data-start=\"1959\" data-end=\"2050\">Za sve tipove kose; posebno preporu\u010dljivo za suhu, zapetljanu, o\u0161te\u0107enu ili obojenu kosu.<\/p>\n<\/li>\n<li data-start=\"2051\" data-end=\"2133\">\n<p data-start=\"2053\" data-end=\"2133\">Za svakoga tko \u017eeli prirodan volumen, sjaj i podatnu kosu bez silikonskog sloja.<\/p>\n<\/li>\n<\/ul>\n<p data-start=\"2135\" data-end=\"2337\"><strong data-start=\"2135\" data-end=\"2148\">UPOTREBA:<\/strong><br data-start=\"2148\" data-end=\"2151\" \/>Prije upotrebe sna\u017eno protresi bo\u010dicu kako bi se obje faze spojile u jednu. Raspr\u0161i na suhu ili vla\u017enu kosu \u2013 prije \u010de\u0161ljanja, sun\u010danja ili toplinske obrade (su\u0161ilo, pegla). Ne ispirati.<\/p>\n<p data-start=\"2339\" data-end=\"2466\">\ud83d\udc55 <strong data-start=\"2342\" data-end=\"2357\">UPOZORENJE:<\/strong> Mo\u017ee ostaviti naran\u010dastu mrlju na svijetloj odje\u0107i. Prskajte dalje od tkanina ili koristite za\u0161titni ogrta\u010d.<\/p>\n<p data-start=\"2468\" data-end=\"2488\"><strong data-start=\"2468\" data-end=\"2488\">Tehni\u010dki podaci:<\/strong><\/p>\n<ul data-start=\"2490\" data-end=\"2989\">\n<li data-start=\"2490\" data-end=\"2515\">\n<p data-start=\"2492\" data-end=\"2515\"><strong data-start=\"2492\" data-end=\"2506\">PAKIRANJE:<\/strong> 100 ml<\/p>\n<\/li>\n<li data-start=\"2516\" data-end=\"2545\">\n<p data-start=\"2518\" data-end=\"2545\"><strong data-start=\"2518\" data-end=\"2533\">PODRIJETLO:<\/strong> Slovenija<\/p>\n<\/li>\n<li data-start=\"2546\" data-end=\"2989\">\n<p data-start=\"2548\" data-end=\"2989\"><strong data-start=\"2548\" data-end=\"2568\">SASTOJCI \/ INCI:<\/strong> Aqua, Coco Caprylate, Isoamyl Laurate, Parfum*, Brassica Oleracea (Broccoli) Seed Oil, Hydroxypropyltrimonium Honey, Plukenetia Volubilis (Sacha Inchi) Seed Oil, Hydrolyzed Wheat Protein, Panthenol, Glycerin**, Centella Asiatica Flower\/Leaf\/Stem Extract, Haematococcus pluvialis Extract, Safflower Oil, Sodium benzoate, Potassium sorbate, Tocopherol, Linalool*, Limonene*, Citronellol*, Citral \/Geranial \/ Neral*, Geraniol*<\/p>\n<\/li>\n<\/ul>\n<p><em>* U na\u0161im proizvodima parfem je isklju\u010divo prirodnog podrijetla, sastavljen od eteri\u010dnih ulja i prirodnih aromati\u010dnih ekstrakata. Ne koristimo sintetske mirise.<\/em><\/p>\n<p><em>** Glicerin koji koristimo je 100 % biljnog podrijetla (tzv. \u201cvegetable glycerin\u201d), dobiven iz biljnih ulja.<\/em><\/p>\n","protected":false},"excerpt":{"rendered":"<p data-start=\"50\" data-end=\"103\"><strong data-start=\"50\" data-end=\"103\">Objedinjuje 5 klju\u010dnih funkcija u jednoj maglici:<\/strong><\/p>\n<ul data-start=\"104\" data-end=\"369\">\n<li data-start=\"104\" data-end=\"153\">\n<p data-start=\"106\" data-end=\"153\"><strong>UV + toplinska za\u0161tita<\/strong> (sunce, su\u0161ilo, pegla)<\/p>\n<\/li>\n<li data-start=\"154\" data-end=\"204\">\n<p data-start=\"156\" data-end=\"204\"><strong>Za\u0161tita od vanjskih utjecaja<\/strong> (vlaga, hladno\u0107a)<\/p>\n<\/li>\n<li data-start=\"205\" data-end=\"281\">\n<p data-start=\"207\" data-end=\"281\"><strong>Ra\u0161\u010de\u0161ljavanje, lak\u0161e \u010de\u0161ljanje i oblikovanje<\/strong> (bez povla\u010denja kod djece)<\/p>\n<\/li>\n<li data-start=\"282\" data-end=\"320\">\n<p data-start=\"284\" data-end=\"320\"><strong>Sjaj i glatko\u0107a, <\/strong>bez masnog u\u010dinka<\/p>\n<\/li>\n<li data-start=\"321\" data-end=\"369\">\n<p data-start=\"323\" data-end=\"369\"><strong>Prirodan volumen i elasti\u010dnost<\/strong> bez u\u010dvr\u0161\u0107iva\u010da<\/p>\n<\/li>\n<\/ul>\n<p data-start=\"371\" data-end=\"526\">Sprej se temelji na <strong>dvokomponentnoj biljnoj sinergiji<\/strong>: svakim protresanjem spajaju se vodena faza s aktivnim ekstraktima i uljna faza s hranjivim lipidima.<\/p>\n<p data-start=\"528\" data-end=\"639\">Prikladan je za svakodnevnu upotrebu za sve tipove kose, uklju\u010duju\u0107i i dje\u010dju, koja zahtijeva posebnu nje\u017enost.<\/p>\n","protected":false},"featured_media":43165,"comment_status":"open","ping_status":"closed","template":"","meta":{"_acf_changed":false,"footnotes":""},"product_brand":[],"product_cat":[213],"product_tag":[224,348],"class_list":{"0":"post-43400","1":"product","2":"type-product","3":"status-publish","4":"has-post-thumbnail","6":"product_cat-za-kosu","7":"product_tag-njega-kose-hr","8":"product_tag-naravna-nega-las-hr","10":"first","11":"instock","12":"taxable","13":"shipping-taxable","14":"purchasable","15":"product-type-simple"},"acf":[],"yoast_head":"<!-- This site is optimized with the Yoast SEO plugin v27.3 - https:\/\/yoast.com\/product\/yoast-seo-wordpress\/ -->\n<title>Ekolo\u0161ki sprej HAIR DEFENDER - Etnobotanika<\/title>\n<meta name=\"description\" content=\"UV + toplinska za\u0161tita, Za\u0161tita od vanjskih utjecaja, lak\u0161e \u010de\u0161ljanje, volumen i elasti\u010dnost, sjaj i gladko\u0107a\" \/>\n<meta name=\"robots\" content=\"index, follow, max-snippet:-1, max-image-preview:large, max-video-preview:-1\" \/>\n<link rel=\"canonical\" href=\"https:\/\/www.etnobotanika.eu\/hr\/proizvod\/ekoloski-sprej-hair-defender\/\" \/>\n<meta property=\"og:locale\" content=\"hr_HR\" \/>\n<meta property=\"og:type\" content=\"article\" \/>\n<meta property=\"og:title\" content=\"Ekolo\u0161ki sprej HAIR DEFENDER - Etnobotanika\" \/>\n<meta property=\"og:description\" content=\"UV + toplinska za\u0161tita, Za\u0161tita od vanjskih utjecaja, lak\u0161e \u010de\u0161ljanje, volumen i elasti\u010dnost, sjaj i gladko\u0107a\" \/>\n<meta property=\"og:url\" content=\"https:\/\/www.etnobotanika.eu\/hr\/proizvod\/ekoloski-sprej-hair-defender\/\" \/>\n<meta property=\"og:site_name\" content=\"Etnobotanika\" \/>\n<meta property=\"article:modified_time\" content=\"2025-09-30T22:23:02+00:00\" \/>\n<meta property=\"og:image\" content=\"https:\/\/www.etnobotanika.eu\/wp-content\/uploads\/2025\/08\/GLAVNA-prikazna-Hair-Defender-.png\" \/>\n\t<meta property=\"og:image:width\" content=\"500\" \/>\n\t<meta property=\"og:image:height\" content=\"500\" \/>\n\t<meta property=\"og:image:type\" content=\"image\/png\" \/>\n<meta name=\"twitter:card\" content=\"summary_large_image\" \/>\n<meta name=\"twitter:label1\" content=\"Procijenjeno vrijeme \u010ditanja\" \/>\n\t<meta name=\"twitter:data1\" content=\"3 minute\" \/>\n<script type=\"application\/ld+json\" class=\"yoast-schema-graph\">{\"@context\":\"https:\\\/\\\/schema.org\",\"@graph\":[{\"@type\":\"WebPage\",\"@id\":\"https:\\\/\\\/www.etnobotanika.eu\\\/hr\\\/proizvod\\\/ekoloski-sprej-hair-defender\\\/\",\"url\":\"https:\\\/\\\/www.etnobotanika.eu\\\/hr\\\/proizvod\\\/ekoloski-sprej-hair-defender\\\/\",\"name\":\"Ekolo\u0161ki sprej HAIR DEFENDER - Etnobotanika\",\"isPartOf\":{\"@id\":\"https:\\\/\\\/www.etnobotanika.eu\\\/hr\\\/#website\"},\"primaryImageOfPage\":{\"@id\":\"https:\\\/\\\/www.etnobotanika.eu\\\/hr\\\/proizvod\\\/ekoloski-sprej-hair-defender\\\/#primaryimage\"},\"image\":{\"@id\":\"https:\\\/\\\/www.etnobotanika.eu\\\/hr\\\/proizvod\\\/ekoloski-sprej-hair-defender\\\/#primaryimage\"},\"thumbnailUrl\":\"https:\\\/\\\/www.etnobotanika.eu\\\/wp-content\\\/uploads\\\/2025\\\/08\\\/GLAVNA-prikazna-Hair-Defender-.png\",\"datePublished\":\"2025-09-04T11:30:04+00:00\",\"dateModified\":\"2025-09-30T22:23:02+00:00\",\"description\":\"UV + toplinska za\u0161tita, Za\u0161tita od vanjskih utjecaja, lak\u0161e \u010de\u0161ljanje, volumen i elasti\u010dnost, sjaj i gladko\u0107a\",\"breadcrumb\":{\"@id\":\"https:\\\/\\\/www.etnobotanika.eu\\\/hr\\\/proizvod\\\/ekoloski-sprej-hair-defender\\\/#breadcrumb\"},\"inLanguage\":\"hr\",\"potentialAction\":[{\"@type\":\"ReadAction\",\"target\":[\"https:\\\/\\\/www.etnobotanika.eu\\\/hr\\\/proizvod\\\/ekoloski-sprej-hair-defender\\\/\"]}]},{\"@type\":\"ImageObject\",\"inLanguage\":\"hr\",\"@id\":\"https:\\\/\\\/www.etnobotanika.eu\\\/hr\\\/proizvod\\\/ekoloski-sprej-hair-defender\\\/#primaryimage\",\"url\":\"https:\\\/\\\/www.etnobotanika.eu\\\/wp-content\\\/uploads\\\/2025\\\/08\\\/GLAVNA-prikazna-Hair-Defender-.png\",\"contentUrl\":\"https:\\\/\\\/www.etnobotanika.eu\\\/wp-content\\\/uploads\\\/2025\\\/08\\\/GLAVNA-prikazna-Hair-Defender-.png\",\"width\":500,\"height\":500,\"caption\":\"100 % ekolo\u0161ka formulacija zdru\u017euje \u0161tiri klju\u010dne funkcije v eni meglici: UV + toplotna za\u0161\u010dita pred soncem, su\u0161ilcem in likalnikom Razvozlavanje in la\u017eje \u010desanje, brez cukanja \u2013 tudi pri otrocih Sijaj in gladkost, brez mastnega u\u010dinka Naravni volumen in pro\u017enost brez utrjevalcev\"},{\"@type\":\"BreadcrumbList\",\"@id\":\"https:\\\/\\\/www.etnobotanika.eu\\\/hr\\\/proizvod\\\/ekoloski-sprej-hair-defender\\\/#breadcrumb\",\"itemListElement\":[{\"@type\":\"ListItem\",\"position\":1,\"name\":\"Home\",\"item\":\"https:\\\/\\\/www.etnobotanika.eu\\\/hr\\\/\"},{\"@type\":\"ListItem\",\"position\":2,\"name\":\"Trgovina\",\"item\":\"https:\\\/\\\/www.etnobotanika.eu\\\/hr\\\/trgovina\\\/\"},{\"@type\":\"ListItem\",\"position\":3,\"name\":\"Ekolo\u0161ki sprej HAIR DEFENDER\"}]},{\"@type\":\"WebSite\",\"@id\":\"https:\\\/\\\/www.etnobotanika.eu\\\/hr\\\/#website\",\"url\":\"https:\\\/\\\/www.etnobotanika.eu\\\/hr\\\/\",\"name\":\"Etnobotanika\",\"description\":\"Naravna rastlinska barvila in negovala za lase\",\"potentialAction\":[{\"@type\":\"SearchAction\",\"target\":{\"@type\":\"EntryPoint\",\"urlTemplate\":\"https:\\\/\\\/www.etnobotanika.eu\\\/hr\\\/?s={search_term_string}\"},\"query-input\":{\"@type\":\"PropertyValueSpecification\",\"valueRequired\":true,\"valueName\":\"search_term_string\"}}],\"inLanguage\":\"hr\"}]}<\/script>\n<!-- \/ Yoast SEO plugin. -->","yoast_head_json":{"title":"Ekolo\u0161ki sprej HAIR DEFENDER - Etnobotanika","description":"UV + toplinska za\u0161tita, Za\u0161tita od vanjskih utjecaja, lak\u0161e \u010de\u0161ljanje, volumen i elasti\u010dnost, sjaj i gladko\u0107a","robots":{"index":"index","follow":"follow","max-snippet":"max-snippet:-1","max-image-preview":"max-image-preview:large","max-video-preview":"max-video-preview:-1"},"canonical":"https:\/\/www.etnobotanika.eu\/hr\/proizvod\/ekoloski-sprej-hair-defender\/","og_locale":"hr_HR","og_type":"article","og_title":"Ekolo\u0161ki sprej HAIR DEFENDER - Etnobotanika","og_description":"UV + toplinska za\u0161tita, Za\u0161tita od vanjskih utjecaja, lak\u0161e \u010de\u0161ljanje, volumen i elasti\u010dnost, sjaj i gladko\u0107a","og_url":"https:\/\/www.etnobotanika.eu\/hr\/proizvod\/ekoloski-sprej-hair-defender\/","og_site_name":"Etnobotanika","article_modified_time":"2025-09-30T22:23:02+00:00","og_image":[{"width":500,"height":500,"url":"https:\/\/www.etnobotanika.eu\/wp-content\/uploads\/2025\/08\/GLAVNA-prikazna-Hair-Defender-.png","type":"image\/png"}],"twitter_card":"summary_large_image","twitter_misc":{"Procijenjeno vrijeme \u010ditanja":"3 minute"},"schema":{"@context":"https:\/\/schema.org","@graph":[{"@type":"WebPage","@id":"https:\/\/www.etnobotanika.eu\/hr\/proizvod\/ekoloski-sprej-hair-defender\/","url":"https:\/\/www.etnobotanika.eu\/hr\/proizvod\/ekoloski-sprej-hair-defender\/","name":"Ekolo\u0161ki sprej HAIR DEFENDER - Etnobotanika","isPartOf":{"@id":"https:\/\/www.etnobotanika.eu\/hr\/#website"},"primaryImageOfPage":{"@id":"https:\/\/www.etnobotanika.eu\/hr\/proizvod\/ekoloski-sprej-hair-defender\/#primaryimage"},"image":{"@id":"https:\/\/www.etnobotanika.eu\/hr\/proizvod\/ekoloski-sprej-hair-defender\/#primaryimage"},"thumbnailUrl":"https:\/\/www.etnobotanika.eu\/wp-content\/uploads\/2025\/08\/GLAVNA-prikazna-Hair-Defender-.png","datePublished":"2025-09-04T11:30:04+00:00","dateModified":"2025-09-30T22:23:02+00:00","description":"UV + toplinska za\u0161tita, Za\u0161tita od vanjskih utjecaja, lak\u0161e \u010de\u0161ljanje, volumen i elasti\u010dnost, sjaj i gladko\u0107a","breadcrumb":{"@id":"https:\/\/www.etnobotanika.eu\/hr\/proizvod\/ekoloski-sprej-hair-defender\/#breadcrumb"},"inLanguage":"hr","potentialAction":[{"@type":"ReadAction","target":["https:\/\/www.etnobotanika.eu\/hr\/proizvod\/ekoloski-sprej-hair-defender\/"]}]},{"@type":"ImageObject","inLanguage":"hr","@id":"https:\/\/www.etnobotanika.eu\/hr\/proizvod\/ekoloski-sprej-hair-defender\/#primaryimage","url":"https:\/\/www.etnobotanika.eu\/wp-content\/uploads\/2025\/08\/GLAVNA-prikazna-Hair-Defender-.png","contentUrl":"https:\/\/www.etnobotanika.eu\/wp-content\/uploads\/2025\/08\/GLAVNA-prikazna-Hair-Defender-.png","width":500,"height":500,"caption":"100 % ekolo\u0161ka formulacija zdru\u017euje \u0161tiri klju\u010dne funkcije v eni meglici: UV + toplotna za\u0161\u010dita pred soncem, su\u0161ilcem in likalnikom Razvozlavanje in la\u017eje \u010desanje, brez cukanja \u2013 tudi pri otrocih Sijaj in gladkost, brez mastnega u\u010dinka Naravni volumen in pro\u017enost brez utrjevalcev"},{"@type":"BreadcrumbList","@id":"https:\/\/www.etnobotanika.eu\/hr\/proizvod\/ekoloski-sprej-hair-defender\/#breadcrumb","itemListElement":[{"@type":"ListItem","position":1,"name":"Home","item":"https:\/\/www.etnobotanika.eu\/hr\/"},{"@type":"ListItem","position":2,"name":"Trgovina","item":"https:\/\/www.etnobotanika.eu\/hr\/trgovina\/"},{"@type":"ListItem","position":3,"name":"Ekolo\u0161ki sprej HAIR DEFENDER"}]},{"@type":"WebSite","@id":"https:\/\/www.etnobotanika.eu\/hr\/#website","url":"https:\/\/www.etnobotanika.eu\/hr\/","name":"Etnobotanika","description":"Naravna rastlinska barvila in negovala za lase","potentialAction":[{"@type":"SearchAction","target":{"@type":"EntryPoint","urlTemplate":"https:\/\/www.etnobotanika.eu\/hr\/?s={search_term_string}"},"query-input":{"@type":"PropertyValueSpecification","valueRequired":true,"valueName":"search_term_string"}}],"inLanguage":"hr"}]}},"_links":{"self":[{"href":"https:\/\/www.etnobotanika.eu\/hr\/wp-json\/wp\/v2\/product\/43400","targetHints":{"allow":["GET"]}}],"collection":[{"href":"https:\/\/www.etnobotanika.eu\/hr\/wp-json\/wp\/v2\/product"}],"about":[{"href":"https:\/\/www.etnobotanika.eu\/hr\/wp-json\/wp\/v2\/types\/product"}],"replies":[{"embeddable":true,"href":"https:\/\/www.etnobotanika.eu\/hr\/wp-json\/wp\/v2\/comments?post=43400"}],"version-history":[{"count":5,"href":"https:\/\/www.etnobotanika.eu\/hr\/wp-json\/wp\/v2\/product\/43400\/revisions"}],"predecessor-version":[{"id":43404,"href":"https:\/\/www.etnobotanika.eu\/hr\/wp-json\/wp\/v2\/product\/43400\/revisions\/43404"}],"wp:featuredmedia":[{"embeddable":true,"href":"https:\/\/www.etnobotanika.eu\/hr\/wp-json\/wp\/v2\/media\/43165"}],"wp:attachment":[{"href":"https:\/\/www.etnobotanika.eu\/hr\/wp-json\/wp\/v2\/media?parent=43400"}],"wp:term":[{"taxonomy":"product_brand","embeddable":true,"href":"https:\/\/www.etnobotanika.eu\/hr\/wp-json\/wp\/v2\/product_brand?post=43400"},{"taxonomy":"product_cat","embeddable":true,"href":"https:\/\/www.etnobotanika.eu\/hr\/wp-json\/wp\/v2\/product_cat?post=43400"},{"taxonomy":"product_tag","embeddable":true,"href":"https:\/\/www.etnobotanika.eu\/hr\/wp-json\/wp\/v2\/product_tag?post=43400"}],"curies":[{"name":"wp","href":"https:\/\/api.w.org\/{rel}","templated":true}]}}